{"id":9318,"date":"2024-09-17T16:14:20","date_gmt":"2024-09-17T14:14:20","guid":{"rendered":"https:\/\/antcube.shop\/en\/product\/antcube-rote-folie-20x10-filter\/"},"modified":"2026-04-02T09:54:33","modified_gmt":"2026-04-02T07:54:33","slug":"antcube-rote-folie-20x10-suodatin","status":"publish","type":"product","link":"https:\/\/antcube.shop\/fi\/tuote\/antcube-rote-folie-20x10-suodatin\/","title":{"rendered":"ANTCUBE - Punainen folio 20\u00d710 - Suodatin"},"content":{"rendered":"<p><strong>Mitat:<\/strong> 19x6cm<\/p>\n<p><strong>Materiaali:<\/strong> PVC<\/p>\n<p><strong>Kuvaus:<\/strong> Punaista l\u00e4pin\u00e4kyv\u00e4\u00e4 kalvoa k\u00e4ytet\u00e4\u00e4n antamaan muurahaisille maanalainen tunne. Siksi suosittelemme, ett\u00e4 tuotetta k\u00e4ytet\u00e4\u00e4n ainakin osittain pes\u00e4alueella. Muurahaiset ovat kuitenkin edelleen helposti havaittavissa pes\u00e4ss\u00e4. Tarkasti leikattu ANTCUBE \"Ant farm 20x10cm S\/M\/L - pystyasento\".<\/p>\n<p>T\u00e4ll\u00e4 suodatinkalvolla on parempi valonsuodatinvaikutus kuin tavallisella peitekalvolla. Kest\u00e4\u00e4 jopa 180 \u00b0C:n l\u00e4mp\u00f6tilaa<\/p>\n<p>Suodatinkalvo kiinnittyy tilalle tai pes\u00e4alueelle itsest\u00e4\u00e4n kevyell\u00e4, tasaisella painalluksella. Vaihtoehtoisesti kiinnitt\u00e4miseen sopii l\u00e4pin\u00e4kyv\u00e4 teippi. Kiinnit\u00e4 se yksinkertaisesti kahdella pienell\u00e4 nauhalla yl\u00e4kulmiin, jotta kalvo voidaan my\u00f6hemmin nostaa pois, jolloin pes\u00e4alueelle on parempi n\u00e4kyvyys.<\/p>","protected":false},"excerpt":{"rendered":"<p>Mitat: Materiaali: 19x6cm: Materiaali: PVC Kuvaus: PVC: Punainen l\u00e4pin\u00e4kyv\u00e4 kalvo antaa muurahaisille maanalaisen tunteen. Siksi suosittelemme t\u00e4m\u00e4n tuotteen k\u00e4ytt\u00f6\u00e4 ainakin osittain pes\u00e4alueella. Muurahaiset ovat kuitenkin edelleen helposti havaittavissa pes\u00e4ss\u00e4. Tarkasti leikattu sopivaksi ANTCUBE \"Ant farm 20x10cm S\/M\/L - pystyyn\". T\u00e4m\u00e4 suodatin","protected":false},"featured_media":9826,"comment_status":"open","ping_status":"closed","template":"","meta":{"_acf_changed":false,"content-type":"","_monsterinsights_skip_tracking":false,"_monsterinsights_sitenote_active":false,"_monsterinsights_sitenote_note":"","_monsterinsights_sitenote_category":0},"product_brand":[484],"product_cat":[119,239],"product_tag":[],"class_list":{"0":"post-9318","1":"product","2":"type-product","3":"status-publish","4":"has-post-thumbnail","6":"product_brand-antcube","7":"product_cat-formicarium-components","8":"product_cat-useful-additions","10":"first","11":"instock","12":"taxable","13":"shipping-taxable","14":"purchasable","15":"product-type-simple"},"acf":[],"aioseo_notices":[],"jetpack_sharing_enabled":true,"_links":{"self":[{"href":"https:\/\/antcube.shop\/fi\/wp-json\/wp\/v2\/product\/9318","targetHints":{"allow":["GET"]}}],"collection":[{"href":"https:\/\/antcube.shop\/fi\/wp-json\/wp\/v2\/product"}],"about":[{"href":"https:\/\/antcube.shop\/fi\/wp-json\/wp\/v2\/types\/product"}],"replies":[{"embeddable":true,"href":"https:\/\/antcube.shop\/fi\/wp-json\/wp\/v2\/comments?post=9318"}],"wp:featuredmedia":[{"embeddable":true,"href":"https:\/\/antcube.shop\/fi\/wp-json\/wp\/v2\/media\/9826"}],"wp:attachment":[{"href":"https:\/\/antcube.shop\/fi\/wp-json\/wp\/v2\/media?parent=9318"}],"wp:term":[{"taxonomy":"product_brand","embeddable":true,"href":"https:\/\/antcube.shop\/fi\/wp-json\/wp\/v2\/product_brand?post=9318"},{"taxonomy":"product_cat","embeddable":true,"href":"https:\/\/antcube.shop\/fi\/wp-json\/wp\/v2\/product_cat?post=9318"},{"taxonomy":"product_tag","embeddable":true,"href":"https:\/\/antcube.shop\/fi\/wp-json\/wp\/v2\/product_tag?post=9318"}],"curies":[{"name":"wp","href":"https:\/\/api.w.org\/{rel}","templated":true}]}}