{"id":9317,"date":"2024-09-17T16:13:59","date_gmt":"2024-09-17T14:13:59","guid":{"rendered":"https:\/\/antcube.shop\/en\/product\/ameisen-ausbruchsschutz-set\/"},"modified":"2026-04-05T12:30:32","modified_gmt":"2026-04-05T10:30:32","slug":"muurahaisten-taudinpurkausten-torjuntasarja","status":"publish","type":"product","link":"https:\/\/antcube.shop\/fi\/tuote\/muurahaisten-taudinpurkausten-torjuntasarja\/","title":{"rendered":"Muurahaisten taudinpurkausten torjuntasarja"},"content":{"rendered":"<p><strong>Sis\u00e4lt\u00f6:<\/strong><br \/>\n1x muurahaisten taudinpurkauksen torjunta\u00f6ljy 10ml (petrooli\u00f6ljyyn perustuva)<br \/>\n1x muurahaisten taudinpurkauksilta suojaava jauhe 10ml (talkkipohjainen)<br \/>\n1x muurahaisten puhkeamissuojalakka 10ml (PTFE-pohjainen)<br \/>\n3x erityinen vaahtomuoviharja, jolla levitet\u00e4\u00e4n puhkeamissuojamateriaalia.<br \/>\n3x sekoitusastia annostelua tai sekoittamista varten.<\/p>\n<p><strong>Kuvaus:<\/strong> Olemme koonneet pienen joukon tehokkaimpia taudinpurkaukselta suojaavia materiaaleja, jotta voit testata, mik\u00e4 taudinpurkaukselta suojaaminen sopii parhaiten juuri sinun pes\u00e4kkeellesi.<\/p>\n<p><a href=\"https:\/\/www.antstore.net\/shop\/images\/documents\/ant%20escape%20protection%20lacquer%20EN.pdf\">K\u00e4ytt\u00f6turvallisuustiedote muurahaisten torjuntamaalista (englanti), (PDF 0.2 MB)<\/a><br \/>\n(Sis\u00e4lt\u00e4\u00e4: Turvallisuusohjeet)<\/p>\n<p><a href=\"https:\/\/www.antstore.net\/shop\/images\/documents\/ant_escape_protection_oil_en.pdf\">K\u00e4ytt\u00f6turvallisuustiedote muurahaispes\u00e4n torjunta\u00f6ljyst\u00e4 (englanti) , (PDF 0,1 MB)<\/a><br \/>\n(Sis\u00e4lt\u00e4\u00e4: Turvallisuusohjeet)<\/p>","protected":false},"excerpt":{"rendered":"<p>Sis\u00e4lt\u00f6: 1x muurahaisten torjunta\u00f6ljy 10ml (petrooli\u00f6ljypohjainen) 1x muurahaisten torjuntajauhe 10ml (talkkipohjainen) 1x muurahaisten torjuntalakka 10ml (PTFE-pohjainen) 3x erityinen vaahtomuovisivellin torjunta-aineen levitt\u00e4miseen 3x sekoitusastia annostelua tai sekoittamista varten. Kuvaus: Olemme koonneet pienen sarjan tehokkaimpia taudinpurkauksen torjunta-aineita.","protected":false},"featured_media":9591,"comment_status":"open","ping_status":"closed","template":"","meta":{"_acf_changed":false,"content-type":"","_monsterinsights_skip_tracking":false,"_monsterinsights_sitenote_active":false,"_monsterinsights_sitenote_note":"","_monsterinsights_sitenote_category":0},"product_brand":[484],"product_cat":[237],"product_tag":[],"class_list":{"0":"post-9317","1":"product","2":"type-product","3":"status-publish","4":"has-post-thumbnail","6":"product_brand-antcube","7":"product_cat-tools","9":"first","10":"instock","11":"taxable","12":"shipping-taxable","13":"purchasable","14":"product-type-simple"},"acf":[],"aioseo_notices":[],"jetpack_sharing_enabled":true,"_links":{"self":[{"href":"https:\/\/antcube.shop\/fi\/wp-json\/wp\/v2\/product\/9317","targetHints":{"allow":["GET"]}}],"collection":[{"href":"https:\/\/antcube.shop\/fi\/wp-json\/wp\/v2\/product"}],"about":[{"href":"https:\/\/antcube.shop\/fi\/wp-json\/wp\/v2\/types\/product"}],"replies":[{"embeddable":true,"href":"https:\/\/antcube.shop\/fi\/wp-json\/wp\/v2\/comments?post=9317"}],"wp:featuredmedia":[{"embeddable":true,"href":"https:\/\/antcube.shop\/fi\/wp-json\/wp\/v2\/media\/9591"}],"wp:attachment":[{"href":"https:\/\/antcube.shop\/fi\/wp-json\/wp\/v2\/media?parent=9317"}],"wp:term":[{"taxonomy":"product_brand","embeddable":true,"href":"https:\/\/antcube.shop\/fi\/wp-json\/wp\/v2\/product_brand?post=9317"},{"taxonomy":"product_cat","embeddable":true,"href":"https:\/\/antcube.shop\/fi\/wp-json\/wp\/v2\/product_cat?post=9317"},{"taxonomy":"product_tag","embeddable":true,"href":"https:\/\/antcube.shop\/fi\/wp-json\/wp\/v2\/product_tag?post=9317"}],"curies":[{"name":"wp","href":"https:\/\/api.w.org\/{rel}","templated":true}]}}