{"id":9316,"date":"2024-09-17T16:13:38","date_gmt":"2024-09-17T14:13:38","guid":{"rendered":"https:\/\/antcube.shop\/en\/product\/ameisen-ausbruchsschutz-lack-10ml\/"},"modified":"2026-04-17T10:05:31","modified_gmt":"2026-04-17T08:05:31","slug":"ameisen-ausbruchsschutz-lack-10ml","status":"publish","type":"product","link":"https:\/\/antcube.shop\/fi\/tuote\/ameisen-ausbruchsschutz-lack-10ml\/","title":{"rendered":"Muurahaisten torjuntalakka 10ml"},"content":{"rendered":"<p><strong>Sis\u00e4lt\u00f6:<\/strong> 10 ml (riitt\u00e4\u00e4 laimentamattomana noin 10 metrin pituiseen 20 mm leve\u00e4\u00e4n kaistaleeseen).<\/p>\n<p><strong>V\u00e4ri:<\/strong> maidonvalkoinen<\/p>\n<p><strong>Materiaali:<\/strong> PTFE-pohjainen<\/p>\n<p><strong>Kuvaus:<\/strong> Lakka on ihanteellinen muurahaisten rikkoutumissuoja; se on muovityyppi, jota k\u00e4ytet\u00e4\u00e4n usein my\u00f6s liimanestoaineena ja jota my\u00f6s tutkijat H\u00f6lldobler ja Wilson suosittelevat muurahaiskasvatuksessa rikkoutumissuojaksi. Muurahaiset eiv\u00e4t l\u00f6yd\u00e4 pitoa levitetyst\u00e4 kalvosta ja liukuvat pois. Pinnoite on pitk\u00e4ik\u00e4inen, eik\u00e4 sit\u00e4 siksi tarvitse uusia yht\u00e4 usein kuin muita vaihtoehtoja.<\/p>\n<p><strong>Etu:<\/strong><br \/>\n- Puhtaasti levitettyn\u00e4 uusiminen ei ole tarpeen.<br \/>\n- Ihanteellinen lasipinnoille.<\/p>\n<p><strong>Haitta:<\/strong><br \/>\n- Ei sovellu formikariaan, jossa on korkea kosteus, koska lakka on vesiliukoinen.<br \/>\n- Lakka ei sovellu niin hyvin muovipinnoille, koska ne ovat itsest\u00e4\u00e4n rasvoittuvia.<br \/>\n- Levitt\u00e4mist\u00e4 on harjoiteltava etuk\u00e4teen, sill\u00e4 \"lakatusta\" pinnasta ei saa tulla karheaa tai naarmuuntunutta.<\/p>\n<p><strong>Sovellus:<\/strong> Ravista hyvin ennen k\u00e4ytt\u00f6\u00e4. Lakkaa voidaan k\u00e4ytt\u00e4\u00e4 sellaisenaan tai laimennettuna vedell\u00e4 enint\u00e4\u00e4n suhteessa 1:10. Sit\u00e4 voidaan levitt\u00e4\u00e4 siveltimell\u00e4 tai yksinkertaisesti tiputtaa varovasti k\u00e4sitelt\u00e4ville pinnoille. Kalvon tulisi olla reunoiltaan noin 3 kertaa niin leve\u00e4 kuin muurahaiset ovat pitki\u00e4. Helpoin tapa on peitt\u00e4\u00e4 alue teipill\u00e4 ja levitt\u00e4\u00e4 maali makaamalla s\u00e4ili\u00f6n kyljess\u00e4. Kuivumisaika sivua kohden on noin 45 minuuttia, mutta se voi vaihdella hieman levityspaksuudesta riippuen.<\/p>\n<p><strong>T\u00e4rke\u00e4 huomautus:<\/strong> V\u00e4lt\u00e4 kosketusta silmiin. Jos joutuu silmiin, huuhtele v\u00e4litt\u00f6m\u00e4sti runsaalla vedell\u00e4 ja ota yhteys l\u00e4\u00e4k\u00e4riin. \u00c4l\u00e4 tupakoi k\u00e4yt\u00f6n aikana. K\u00e4yt\u00e4 vain hyvin ilmastoidussa tilassa. S\u00e4ilytett\u00e4v\u00e4 lasten ulottumattomissa! Maali voi muuttaa peruuttamattomasti koostumustaan pakkasessa. Siksi toimitamme vain yli 0\u00b0C:n l\u00e4mp\u00f6tiloissa!<\/p>\n<p><a href=\"https:\/\/www.antstore.net\/shop\/images\/documents\/ant%20escape%20protection%20lacquer%20EN.pdf\">K\u00e4ytt\u00f6turvallisuustiedote Ant Outbreak Protection Paint (Finnish) , (PDF 0.2 MB)<\/a><br \/>\n(Sis\u00e4lt\u00e4\u00e4: Turvallisuusohjeet)<\/p>\n<p>&nbsp;<\/p>","protected":false},"excerpt":{"rendered":"<p>Sis\u00e4lt\u00f6: 10 ml (riitt\u00e4\u00e4 laimentamattomana n. 10 metrin 20 mm leve\u00e4n kaistaleen pituuteen) V\u00e4ri: maidonvalkoinen Materiaali: Materiaali: PTFE-pohjainen Materiaali: PTFE: PTFE-pohjainen Materiaali: PTFE-pohjainen Materiaali: PTFE-pohjainen Materiaali: PTFE-pohjainen Materiaali: PTFE-pohjainen Materiaali: PTFE: Lakka on ihanteellinen muurahaisten rikkoutumissuoja; muovityyppi, jota k\u00e4ytet\u00e4\u00e4n usein my\u00f6s liimanestoaineena - my\u00f6s tutkijat H\u00f6lldobler ja Wilson suosittelevat muurahaisten rikkoutumissuojaksi muurahaisten","protected":false},"featured_media":9592,"comment_status":"open","ping_status":"closed","template":"","meta":{"_acf_changed":false,"content-type":"","_monsterinsights_skip_tracking":false,"_monsterinsights_sitenote_active":false,"_monsterinsights_sitenote_note":"","_monsterinsights_sitenote_category":0},"product_brand":[484],"product_cat":[237],"product_tag":[],"class_list":{"0":"post-9316","1":"product","2":"type-product","3":"status-publish","4":"has-post-thumbnail","6":"product_brand-antcube","7":"product_cat-tools","9":"first","10":"instock","11":"taxable","12":"shipping-taxable","13":"purchasable","14":"product-type-simple"},"acf":[],"aioseo_notices":[],"jetpack_sharing_enabled":true,"_links":{"self":[{"href":"https:\/\/antcube.shop\/fi\/wp-json\/wp\/v2\/product\/9316","targetHints":{"allow":["GET"]}}],"collection":[{"href":"https:\/\/antcube.shop\/fi\/wp-json\/wp\/v2\/product"}],"about":[{"href":"https:\/\/antcube.shop\/fi\/wp-json\/wp\/v2\/types\/product"}],"replies":[{"embeddable":true,"href":"https:\/\/antcube.shop\/fi\/wp-json\/wp\/v2\/comments?post=9316"}],"wp:featuredmedia":[{"embeddable":true,"href":"https:\/\/antcube.shop\/fi\/wp-json\/wp\/v2\/media\/9592"}],"wp:attachment":[{"href":"https:\/\/antcube.shop\/fi\/wp-json\/wp\/v2\/media?parent=9316"}],"wp:term":[{"taxonomy":"product_brand","embeddable":true,"href":"https:\/\/antcube.shop\/fi\/wp-json\/wp\/v2\/product_brand?post=9316"},{"taxonomy":"product_cat","embeddable":true,"href":"https:\/\/antcube.shop\/fi\/wp-json\/wp\/v2\/product_cat?post=9316"},{"taxonomy":"product_tag","embeddable":true,"href":"https:\/\/antcube.shop\/fi\/wp-json\/wp\/v2\/product_tag?post=9316"}],"curies":[{"name":"wp","href":"https:\/\/api.w.org\/{rel}","templated":true}]}}