{"id":9315,"date":"2024-09-17T16:13:12","date_gmt":"2024-09-17T14:13:12","guid":{"rendered":"https:\/\/antcube.shop\/en\/product\/ameisen-ausbruchsschutz-pulver-10ml\/"},"modified":"2026-04-13T09:34:21","modified_gmt":"2026-04-13T07:34:21","slug":"muurahaisen-pakenemissuoja-jauhe-10ml","status":"publish","type":"product","link":"https:\/\/antcube.shop\/fi\/tuote\/muurahaisen-pakenemissuoja-jauhe-10ml\/","title":{"rendered":"Muurahaisten pakenemissuoja jauhe 10ml"},"content":{"rendered":"<p><strong>Sis\u00e4lt\u00f6:<\/strong> 8 g\/10 ml (riitt\u00e4\u00e4 noin metriin 2 cm leve\u00e4\u00e4 kaistaletta).<\/p>\n<p><strong>V\u00e4ri:<\/strong> valkoinen, matta<\/p>\n<p><strong>Materiaali:<\/strong> talkkipohjainen<\/p>\n<p><strong>Kuvaus:<\/strong> Jauhe est\u00e4\u00e4 muurahaisia puhkeamasta, kun jauhe sekoitetaan veteen ja levitet\u00e4\u00e4n siveltimell\u00e4 noin 1 senttimetrin p\u00e4\u00e4h\u00e4n muurahaispes\u00e4n sis\u00e4reunasta. Vesi haihtuu ja j\u00e4ljelle j\u00e4\u00e4 hieno talkkikerros.<\/p>\n<p><strong>Etu:<\/strong> eritt\u00e4in tehokas, pitk\u00e4kestoinen<\/p>\n<p><strong>Haitta:<\/strong> Jauhekerros voi irrota, jos formikariumia ravistetaan. Tarvitaan suhteellisen suuri m\u00e4\u00e4r\u00e4 verrattuna purkautumissuoja\u00f6ljyyn tai -lakkaan.<\/p>\n<p><strong>Sovellus:<\/strong> Kalvo on levitett\u00e4v\u00e4 reunaan, joka on noin 3 kertaa niin leve\u00e4 kuin muurahaiset ovat pitki\u00e4.<\/p>","protected":false},"excerpt":{"rendered":"<p>Sis\u00e4lt\u00f6: V\u00e4ri: valkoinen, mattapintainen Materiaali: talkkipohjainen Kuvaus: Jauhe est\u00e4\u00e4 muurahaisten puhkeamisen sekoittamalla jauhetta veteen ja levitt\u00e4m\u00e4ll\u00e4 sit\u00e4 siveltimell\u00e4 noin 1 cm formikarion sis\u00e4reunan alapuolelle. Vesi haihtuu ja hieno kerros","protected":false},"featured_media":9596,"comment_status":"open","ping_status":"closed","template":"","meta":{"_acf_changed":false,"content-type":"","_monsterinsights_skip_tracking":false,"_monsterinsights_sitenote_active":false,"_monsterinsights_sitenote_note":"","_monsterinsights_sitenote_category":0},"product_brand":[],"product_cat":[237],"product_tag":[],"class_list":{"0":"post-9315","1":"product","2":"type-product","3":"status-publish","4":"has-post-thumbnail","6":"product_cat-tools","8":"first","9":"instock","10":"taxable","11":"shipping-taxable","12":"purchasable","13":"product-type-simple"},"acf":[],"aioseo_notices":[],"jetpack_sharing_enabled":true,"_links":{"self":[{"href":"https:\/\/antcube.shop\/fi\/wp-json\/wp\/v2\/product\/9315","targetHints":{"allow":["GET"]}}],"collection":[{"href":"https:\/\/antcube.shop\/fi\/wp-json\/wp\/v2\/product"}],"about":[{"href":"https:\/\/antcube.shop\/fi\/wp-json\/wp\/v2\/types\/product"}],"replies":[{"embeddable":true,"href":"https:\/\/antcube.shop\/fi\/wp-json\/wp\/v2\/comments?post=9315"}],"wp:featuredmedia":[{"embeddable":true,"href":"https:\/\/antcube.shop\/fi\/wp-json\/wp\/v2\/media\/9596"}],"wp:attachment":[{"href":"https:\/\/antcube.shop\/fi\/wp-json\/wp\/v2\/media?parent=9315"}],"wp:term":[{"taxonomy":"product_brand","embeddable":true,"href":"https:\/\/antcube.shop\/fi\/wp-json\/wp\/v2\/product_brand?post=9315"},{"taxonomy":"product_cat","embeddable":true,"href":"https:\/\/antcube.shop\/fi\/wp-json\/wp\/v2\/product_cat?post=9315"},{"taxonomy":"product_tag","embeddable":true,"href":"https:\/\/antcube.shop\/fi\/wp-json\/wp\/v2\/product_tag?post=9315"}],"curies":[{"name":"wp","href":"https:\/\/api.w.org\/{rel}","templated":true}]}}