{"id":9314,"date":"2024-09-17T16:12:51","date_gmt":"2024-09-17T14:12:51","guid":{"rendered":"https:\/\/antcube.shop\/en\/product\/gitterkappe-fein-fur-gittereinsatz-acryl-50mm\/"},"modified":"2026-04-17T10:05:30","modified_gmt":"2026-04-17T08:05:30","slug":"gitterkappe-fein-fur-gittereinsatz-akryyli-50mm","status":"publish","type":"product","link":"https:\/\/antcube.shop\/fi\/tuote\/gitterkappe-fein-fur-gittereinsatz-akryyli-50mm\/","title":{"rendered":"Hieno s\u00e4leik\u00f6n suojus - akryylis\u00e4leikk\u00f6\u00f6n 50mm"},"content":{"rendered":"<p><strong>M\u00e4\u00e4r\u00e4:<\/strong> 1 kpl<\/p>\n<p><strong>Mitat:<\/strong> 51x12mm<\/p>\n<p><strong>V\u00e4ri:<\/strong> l\u00e4pin\u00e4kyv\u00e4<\/p>\n<p><strong>Materiaali:<\/strong> muovi<\/p>\n<p><strong>Kuvaus:<\/strong> T\u00e4m\u00e4 korkki, jossa on eritt\u00e4in hieno rasteri (0,2-0,3 mm) \"Grid insert acrylic 50 mm - clear\" ja \"Ant arena - fan\", est\u00e4\u00e4 pieni\u00e4 muurahaisia p\u00e4\u00e4sem\u00e4st\u00e4 pois rasterin leveiden tuuletusrakojen l\u00e4pi. Korkki kiinnitet\u00e4\u00e4n inserttiin alapuolelta.<\/p>\n<p><strong>Huom:<\/strong> Huomaa, ett\u00e4 voit k\u00e4ytt\u00e4\u00e4 t\u00e4t\u00e4 tuotetta vain yhdess\u00e4 tuotteen kanssa: \"005044 Grid insert acrylic 50 mm - clear\" tai \"Ant arena fan\"!<\/p>","protected":false},"excerpt":{"rendered":"<p>M\u00e4\u00e4r\u00e4: Mitat: 1 kpl: Materiaali: muovi Kuvaus: Koot: 51x12mm V\u00e4ri: l\u00e4pin\u00e4kyv\u00e4 Materiaali: muovi: T\u00e4m\u00e4 korkki, jossa on eritt\u00e4in hieno rasteri (0,2-0,3 mm) \"Grid insert acrylic 50 mm - clear\" ja \"Ant arena - fan\" varten, est\u00e4\u00e4 pieni\u00e4 muurahaisia p\u00e4\u00e4sem\u00e4st\u00e4 ulos rasterin leveist\u00e4 tuuletusraoista. Korkki kiinnitet\u00e4\u00e4n inserttiin alkaen","protected":false},"featured_media":9832,"comment_status":"open","ping_status":"closed","template":"","meta":{"_acf_changed":false,"content-type":"","_monsterinsights_skip_tracking":false,"_monsterinsights_sitenote_active":false,"_monsterinsights_sitenote_note":"","_monsterinsights_sitenote_category":0},"product_brand":[485],"product_cat":[119,238],"product_tag":[],"class_list":{"0":"post-9314","1":"product","2":"type-product","3":"status-publish","4":"has-post-thumbnail","6":"product_brand-antstore","7":"product_cat-formicarium-components","8":"product_cat-grid-caps-plugs-and-inserts","10":"first","11":"outofstock","12":"taxable","13":"shipping-taxable","14":"purchasable","15":"product-type-simple"},"acf":[],"aioseo_notices":[],"jetpack_sharing_enabled":true,"_links":{"self":[{"href":"https:\/\/antcube.shop\/fi\/wp-json\/wp\/v2\/product\/9314","targetHints":{"allow":["GET"]}}],"collection":[{"href":"https:\/\/antcube.shop\/fi\/wp-json\/wp\/v2\/product"}],"about":[{"href":"https:\/\/antcube.shop\/fi\/wp-json\/wp\/v2\/types\/product"}],"replies":[{"embeddable":true,"href":"https:\/\/antcube.shop\/fi\/wp-json\/wp\/v2\/comments?post=9314"}],"wp:featuredmedia":[{"embeddable":true,"href":"https:\/\/antcube.shop\/fi\/wp-json\/wp\/v2\/media\/9832"}],"wp:attachment":[{"href":"https:\/\/antcube.shop\/fi\/wp-json\/wp\/v2\/media?parent=9314"}],"wp:term":[{"taxonomy":"product_brand","embeddable":true,"href":"https:\/\/antcube.shop\/fi\/wp-json\/wp\/v2\/product_brand?post=9314"},{"taxonomy":"product_cat","embeddable":true,"href":"https:\/\/antcube.shop\/fi\/wp-json\/wp\/v2\/product_cat?post=9314"},{"taxonomy":"product_tag","embeddable":true,"href":"https:\/\/antcube.shop\/fi\/wp-json\/wp\/v2\/product_tag?post=9314"}],"curies":[{"name":"wp","href":"https:\/\/api.w.org\/{rel}","templated":true}]}}