{"id":9312,"date":"2024-09-17T16:11:55","date_gmt":"2024-09-17T14:11:55","guid":{"rendered":"https:\/\/antcube.shop\/en\/product\/gitterkappe-50mm-edelstahl\/"},"modified":"2026-04-13T19:03:16","modified_gmt":"2026-04-13T17:03:16","slug":"gitterkappe-50mm-edelstahl","status":"publish","type":"product","link":"https:\/\/antcube.shop\/fi\/tuote\/gitterkappe-50mm-edelstahl\/","title":{"rendered":"Ristikon korkki - 50mm - Ruostumaton ter\u00e4s"},"content":{"rendered":"<p><strong>M\u00e4\u00e4r\u00e4:<\/strong> 1 kpl<\/p>\n<p><strong>Mitat:<\/strong> 50mm (sis\u00e4halkaisija), 60x8mm (ulkomitat).<\/p>\n<p><strong>V\u00e4ri:<\/strong> l\u00e4pin\u00e4kyv\u00e4<\/p>\n<p><strong>Materiaali:<\/strong> ruostumaton ter\u00e4s, akryylilasi<\/p>\n<p><strong>Kuvaus:<\/strong><br \/>\nT\u00e4m\u00e4 eritt\u00e4in hienolla ruostumattomasta ter\u00e4ksest\u00e4 valmistetulla ritil\u00e4ll\u00e4 (0,2 mm) varustettu ritil\u00e4korkki voidaan kiinnitt\u00e4\u00e4 pistorasiaan, putkeen tai letkun p\u00e4\u00e4h\u00e4n, ja se takaa hyv\u00e4n formikariumin ilmanvaihdon ilman, ett\u00e4 muurahaiset p\u00e4\u00e4sev\u00e4t pakenemaan. Sek\u00e4 ruostumattomasta ter\u00e4ksest\u00e4 valmistettu verkko ett\u00e4 akryylilasi ovat l\u00e4pin\u00e4kyvi\u00e4.<\/p>\n<p><strong>Huom:<\/strong> Sopii my\u00f6s eritt\u00e4in pureville lajeille, kuten lehtimuurahaisille!<\/p>","protected":false},"excerpt":{"rendered":"<p>M\u00e4\u00e4r\u00e4: Mitat: 1 kpl: V\u00e4ri: l\u00e4pin\u00e4kyv\u00e4 Materiaali: ruostumaton ter\u00e4s, akryylilasi Kuvaus: T\u00e4m\u00e4 ritil\u00e4korkki, jossa on eritt\u00e4in hieno ruostumattomasta ter\u00e4ksest\u00e4 valmistettu ritil\u00e4 (0,2 mm), voidaan kiinnitt\u00e4\u00e4 pistorasiaan, putkeen tai letkun p\u00e4\u00e4h\u00e4n, ja se takaa hyv\u00e4n formikariumin ilmanvaihdon ilman, ett\u00e4 muurahaiset p\u00e4\u00e4sev\u00e4t pakenemaan. Sek\u00e4 ruostumattomasta ter\u00e4ksest\u00e4 valmistettu","protected":false},"featured_media":9838,"comment_status":"open","ping_status":"closed","template":"","meta":{"_acf_changed":false,"content-type":"","_monsterinsights_skip_tracking":false,"_monsterinsights_sitenote_active":false,"_monsterinsights_sitenote_note":"","_monsterinsights_sitenote_category":0},"product_brand":[485],"product_cat":[119,238],"product_tag":[],"class_list":{"0":"post-9312","1":"product","2":"type-product","3":"status-publish","4":"has-post-thumbnail","6":"product_brand-antstore","7":"product_cat-formicarium-components","8":"product_cat-grid-caps-plugs-and-inserts","10":"first","11":"instock","12":"taxable","13":"shipping-taxable","14":"purchasable","15":"product-type-simple"},"acf":[],"aioseo_notices":[],"jetpack_sharing_enabled":true,"_links":{"self":[{"href":"https:\/\/antcube.shop\/fi\/wp-json\/wp\/v2\/product\/9312","targetHints":{"allow":["GET"]}}],"collection":[{"href":"https:\/\/antcube.shop\/fi\/wp-json\/wp\/v2\/product"}],"about":[{"href":"https:\/\/antcube.shop\/fi\/wp-json\/wp\/v2\/types\/product"}],"replies":[{"embeddable":true,"href":"https:\/\/antcube.shop\/fi\/wp-json\/wp\/v2\/comments?post=9312"}],"wp:featuredmedia":[{"embeddable":true,"href":"https:\/\/antcube.shop\/fi\/wp-json\/wp\/v2\/media\/9838"}],"wp:attachment":[{"href":"https:\/\/antcube.shop\/fi\/wp-json\/wp\/v2\/media?parent=9312"}],"wp:term":[{"taxonomy":"product_brand","embeddable":true,"href":"https:\/\/antcube.shop\/fi\/wp-json\/wp\/v2\/product_brand?post=9312"},{"taxonomy":"product_cat","embeddable":true,"href":"https:\/\/antcube.shop\/fi\/wp-json\/wp\/v2\/product_cat?post=9312"},{"taxonomy":"product_tag","embeddable":true,"href":"https:\/\/antcube.shop\/fi\/wp-json\/wp\/v2\/product_tag?post=9312"}],"curies":[{"name":"wp","href":"https:\/\/api.w.org\/{rel}","templated":true}]}}