{"id":9309,"date":"2024-09-17T16:10:44","date_gmt":"2024-09-17T14:10:44","guid":{"rendered":"https:\/\/antcube.shop\/en\/product\/einsteckeinsatz-fein-fur-gittereinsatz-acryl-50-mm\/"},"modified":"2026-03-24T16:45:14","modified_gmt":"2026-03-24T15:45:14","slug":"einsteckeinsatz-fein-fur-gittereinsatz-akryyli-50-mm","status":"publish","type":"product","link":"https:\/\/antcube.shop\/fi\/tuote\/einsteckeinsatz-fein-fur-gittereinsatz-akryyli-50-mm\/","title":{"rendered":"Hieno insertti - akryyliverkko-insertille 50 mm"},"content":{"rendered":"<p><strong>M\u00e4\u00e4r\u00e4:<\/strong> 1 kpl<\/p>\n<p><strong>Mitat:<\/strong> 50x10mm<\/p>\n<p><strong>V\u00e4ri:<\/strong> l\u00e4pin\u00e4kyv\u00e4<\/p>\n<p><strong>Materiaali:<\/strong> muovi<\/p>\n<p><strong>Kuvaus:<\/strong><br \/>\nT\u00e4m\u00e4 eritt\u00e4in hienoverkkoinen (0,2-0,3 mm) \"verkkolaatikko akryyli 50 mm - kirkas\" est\u00e4\u00e4 pieni\u00e4 muurahaisia pakenemasta verkkolaatikon leveiden tuuletusrakojen l\u00e4pi. Sis\u00e4osa ty\u00f6nnet\u00e4\u00e4n verkko-osaan alhaaltap\u00e4in.<\/p>\n<p>Sopii my\u00f6s eritt\u00e4in pureville lajeille, kuten lehtimuurahaisille!<\/p>\n<p><strong>Huom:<\/strong> Huomaa, ett\u00e4 voit k\u00e4ytt\u00e4\u00e4 t\u00e4t\u00e4 tuotetta vain yhdess\u00e4 tuotteen kanssa: \"005044 Ristikko akryyli 50 mm - kirkas\"!<\/p>","protected":false},"excerpt":{"rendered":"<p>M\u00e4\u00e4r\u00e4: Mitat: 1 kpl: Materiaali: muovi Kuvaus: 50x10mm V\u00e4ri: l\u00e4pin\u00e4kyv\u00e4 Materiaali: muovi Kuvaus: 1: T\u00e4m\u00e4 eritt\u00e4in hienoverkkoinen (0,2-0,3 mm) lis\u00e4osa \"mesh insert acrylic 50 mm - clear\" est\u00e4\u00e4 pieni\u00e4 muurahaisia pakenemasta mesh insertin leveiden tuuletusrakojen l\u00e4pi. Sis\u00e4osa asetetaan verkko-osaan alhaaltap\u00e4in. Sopii my\u00f6s hyvin","protected":false},"featured_media":9842,"comment_status":"open","ping_status":"closed","template":"","meta":{"_acf_changed":false,"content-type":"","_monsterinsights_skip_tracking":false,"_monsterinsights_sitenote_active":false,"_monsterinsights_sitenote_note":"","_monsterinsights_sitenote_category":0},"product_brand":[],"product_cat":[119,238],"product_tag":[],"class_list":{"0":"post-9309","1":"product","2":"type-product","3":"status-publish","4":"has-post-thumbnail","6":"product_cat-formicarium-components","7":"product_cat-grid-caps-plugs-and-inserts","9":"first","10":"outofstock","11":"taxable","12":"shipping-taxable","13":"purchasable","14":"product-type-simple"},"acf":[],"aioseo_notices":[],"jetpack_sharing_enabled":true,"_links":{"self":[{"href":"https:\/\/antcube.shop\/fi\/wp-json\/wp\/v2\/product\/9309","targetHints":{"allow":["GET"]}}],"collection":[{"href":"https:\/\/antcube.shop\/fi\/wp-json\/wp\/v2\/product"}],"about":[{"href":"https:\/\/antcube.shop\/fi\/wp-json\/wp\/v2\/types\/product"}],"replies":[{"embeddable":true,"href":"https:\/\/antcube.shop\/fi\/wp-json\/wp\/v2\/comments?post=9309"}],"wp:featuredmedia":[{"embeddable":true,"href":"https:\/\/antcube.shop\/fi\/wp-json\/wp\/v2\/media\/9842"}],"wp:attachment":[{"href":"https:\/\/antcube.shop\/fi\/wp-json\/wp\/v2\/media?parent=9309"}],"wp:term":[{"taxonomy":"product_brand","embeddable":true,"href":"https:\/\/antcube.shop\/fi\/wp-json\/wp\/v2\/product_brand?post=9309"},{"taxonomy":"product_cat","embeddable":true,"href":"https:\/\/antcube.shop\/fi\/wp-json\/wp\/v2\/product_cat?post=9309"},{"taxonomy":"product_tag","embeddable":true,"href":"https:\/\/antcube.shop\/fi\/wp-json\/wp\/v2\/product_tag?post=9309"}],"curies":[{"name":"wp","href":"https:\/\/api.w.org\/{rel}","templated":true}]}}