{"id":9308,"date":"2024-09-17T16:10:24","date_gmt":"2024-09-17T14:10:24","guid":{"rendered":"https:\/\/antcube.shop\/en\/product\/dosierfilter-16mm\/"},"modified":"2026-04-13T09:32:28","modified_gmt":"2026-04-13T07:32:28","slug":"annostelusuodatin-16mm","status":"publish","type":"product","link":"https:\/\/antcube.shop\/fi\/tuote\/annostelusuodatin-16mm\/","title":{"rendered":"Annostelusuodatin 16mm"},"content":{"rendered":"<p><strong>Mitat:<\/strong> 20mm pitk\u00e4, halkaisija 14mm 16mm:n pes\u00e4putkia varten.<\/p>\n<p><strong>Sis\u00e4lt\u00f6:<\/strong><br \/>\n1x annostelusuodatin<\/p>\n<p><strong>Materiaali:<\/strong> Suodatuksen v\u00e4liaine<\/p>\n<p><strong>Kuvaus:<\/strong> Annostelusuodatin erottaa muurahaiset pes\u00e4putken vesis\u00e4ili\u00f6st\u00e4. Kapillaarivoimien ansiosta suodattimen l\u00e4pi kulkee kuitenkin riitt\u00e4v\u00e4sti kosteutta muurahaisten ravinnoksi.<\/p>\n<p><strong>V\u00e4rit:<\/strong> valkoinen<\/p>","protected":false},"excerpt":{"rendered":"<p>Mitat: Sis\u00e4lt\u00f6: 20mm pitk\u00e4, halkaisija 14mm 16mm pes\u00e4putkia varten: Materiaali: 1x annostelusuodatin: Materiaali: Suodatin: Suodatinmateriaali: Suodatinmateriaali: Suodatinmateriaali Kuvaus: Annostelusuodatin erottaa muurahaiset pes\u00e4putken vesis\u00e4ili\u00f6st\u00e4. Kapillaarivoimien ansiosta suodattimen l\u00e4pi p\u00e4\u00e4see kuitenkin kulkemaan riitt\u00e4v\u00e4sti kosteutta muurahaisia varten. V\u00e4rit: valkoinen<\/p>","protected":false},"featured_media":9847,"comment_status":"open","ping_status":"closed","template":"","meta":{"_acf_changed":false,"content-type":"","_monsterinsights_skip_tracking":false,"_monsterinsights_sitenote_active":false,"_monsterinsights_sitenote_note":"","_monsterinsights_sitenote_category":0},"product_brand":[],"product_cat":[237],"product_tag":[],"class_list":{"0":"post-9308","1":"product","2":"type-product","3":"status-publish","4":"has-post-thumbnail","6":"product_cat-tools","8":"first","9":"instock","10":"taxable","11":"shipping-taxable","12":"purchasable","13":"product-type-simple"},"acf":[],"aioseo_notices":[],"jetpack_sharing_enabled":true,"_links":{"self":[{"href":"https:\/\/antcube.shop\/fi\/wp-json\/wp\/v2\/product\/9308","targetHints":{"allow":["GET"]}}],"collection":[{"href":"https:\/\/antcube.shop\/fi\/wp-json\/wp\/v2\/product"}],"about":[{"href":"https:\/\/antcube.shop\/fi\/wp-json\/wp\/v2\/types\/product"}],"replies":[{"embeddable":true,"href":"https:\/\/antcube.shop\/fi\/wp-json\/wp\/v2\/comments?post=9308"}],"wp:featuredmedia":[{"embeddable":true,"href":"https:\/\/antcube.shop\/fi\/wp-json\/wp\/v2\/media\/9847"}],"wp:attachment":[{"href":"https:\/\/antcube.shop\/fi\/wp-json\/wp\/v2\/media?parent=9308"}],"wp:term":[{"taxonomy":"product_brand","embeddable":true,"href":"https:\/\/antcube.shop\/fi\/wp-json\/wp\/v2\/product_brand?post=9308"},{"taxonomy":"product_cat","embeddable":true,"href":"https:\/\/antcube.shop\/fi\/wp-json\/wp\/v2\/product_cat?post=9308"},{"taxonomy":"product_tag","embeddable":true,"href":"https:\/\/antcube.shop\/fi\/wp-json\/wp\/v2\/product_tag?post=9308"}],"curies":[{"name":"wp","href":"https:\/\/api.w.org\/{rel}","templated":true}]}}