{"id":9305,"date":"2024-09-17T16:09:19","date_gmt":"2024-09-17T14:09:19","guid":{"rendered":"https:\/\/antcube.shop\/en\/product\/formicarienstopfen-fur-4mm-bohrung\/"},"modified":"2026-04-03T22:18:15","modified_gmt":"2026-04-03T20:18:15","slug":"formicarienstopfen-fur-4mm-bohrung","status":"publish","type":"product","link":"https:\/\/antcube.shop\/fi\/tuote\/formicarienstopfen-fur-4mm-bohrung\/","title":{"rendered":"Formicarium-tulppa 4 mm:n reik\u00e4\u00e4n"},"content":{"rendered":"<p><strong>M\u00e4\u00e4r\u00e4:<\/strong> 1 kpl<\/p>\n<p><strong>Mitat:<\/strong> 4mm\/ 9mm<\/p>\n<p><strong>Materiaali:<\/strong> PE-muovi<\/p>\n<p><strong>V\u00e4ri:<\/strong> l\u00e4pin\u00e4kyv\u00e4, maitomainen<\/p>\n<p><strong>Kuvaus:<\/strong> Halkaisijaltaan 13 mm:n py\u00f6reiden aukkojen sulkemiseen formikariaan.<\/p>","protected":false},"excerpt":{"rendered":"<p>Halkaisijaltaan 13 mm:n py\u00f6reiden aukkojen sulkemiseen formikariaan.<\/p>","protected":false},"featured_media":9855,"comment_status":"open","ping_status":"closed","template":"","meta":{"_acf_changed":false,"content-type":"","_monsterinsights_skip_tracking":false,"_monsterinsights_sitenote_active":false,"_monsterinsights_sitenote_note":"","_monsterinsights_sitenote_category":0},"product_brand":[],"product_cat":[119,238],"product_tag":[],"class_list":{"0":"post-9305","1":"product","2":"type-product","3":"status-publish","4":"has-post-thumbnail","6":"product_cat-formicarium-components","7":"product_cat-grid-caps-plugs-and-inserts","9":"first","10":"instock","11":"taxable","12":"shipping-taxable","13":"purchasable","14":"product-type-simple"},"acf":[],"aioseo_notices":[],"jetpack_sharing_enabled":true,"_links":{"self":[{"href":"https:\/\/antcube.shop\/fi\/wp-json\/wp\/v2\/product\/9305","targetHints":{"allow":["GET"]}}],"collection":[{"href":"https:\/\/antcube.shop\/fi\/wp-json\/wp\/v2\/product"}],"about":[{"href":"https:\/\/antcube.shop\/fi\/wp-json\/wp\/v2\/types\/product"}],"replies":[{"embeddable":true,"href":"https:\/\/antcube.shop\/fi\/wp-json\/wp\/v2\/comments?post=9305"}],"wp:featuredmedia":[{"embeddable":true,"href":"https:\/\/antcube.shop\/fi\/wp-json\/wp\/v2\/media\/9855"}],"wp:attachment":[{"href":"https:\/\/antcube.shop\/fi\/wp-json\/wp\/v2\/media?parent=9305"}],"wp:term":[{"taxonomy":"product_brand","embeddable":true,"href":"https:\/\/antcube.shop\/fi\/wp-json\/wp\/v2\/product_brand?post=9305"},{"taxonomy":"product_cat","embeddable":true,"href":"https:\/\/antcube.shop\/fi\/wp-json\/wp\/v2\/product_cat?post=9305"},{"taxonomy":"product_tag","embeddable":true,"href":"https:\/\/antcube.shop\/fi\/wp-json\/wp\/v2\/product_tag?post=9305"}],"curies":[{"name":"wp","href":"https:\/\/api.w.org\/{rel}","templated":true}]}}