{"id":9304,"date":"2024-09-17T16:08:50","date_gmt":"2024-09-17T14:08:50","guid":{"rendered":"https:\/\/antcube.shop\/en\/product\/schlauchverbinder-t-16-weis\/"},"modified":"2026-04-01T17:55:19","modified_gmt":"2026-04-01T15:55:19","slug":"schlauchverbinder-t-16-weis","status":"publish","type":"product","link":"https:\/\/antcube.shop\/fi\/tuote\/schlauchverbinder-t-16-weis\/","title":{"rendered":"Letkuliitin T 16 - valkoinen"},"content":{"rendered":"<p><strong>Mitat:<\/strong> 5,5 x 3,5 cm<br \/>\n<strong>Kuvaus:<\/strong> T\u00e4m\u00e4 T-letkuliitin yhdist\u00e4\u00e4 letkut, joiden sis\u00e4halkaisija on 16 mm (sopii letkuillemme, joiden ulkohalkaisija on 20 mm).<\/p>","protected":false},"excerpt":{"rendered":"<p>Mitat: Kuvaus: 6 cm: T\u00e4m\u00e4 I-letkuliitin yhdist\u00e4\u00e4 letkut, joiden sis\u00e4halkaisija on 16 mm (sopii letkuillemme, joiden ulkohalkaisija on 20 mm).<\/p>","protected":false},"featured_media":9858,"comment_status":"open","ping_status":"closed","template":"","meta":{"_acf_changed":false,"content-type":"","_monsterinsights_skip_tracking":false,"_monsterinsights_sitenote_active":false,"_monsterinsights_sitenote_note":"","_monsterinsights_sitenote_category":0},"product_brand":[],"product_cat":[119,121],"product_tag":[],"class_list":{"0":"post-9304","1":"product","2":"type-product","3":"status-publish","4":"has-post-thumbnail","6":"product_cat-formicarium-components","7":"product_cat-connectors","9":"first","10":"instock","11":"taxable","12":"shipping-taxable","13":"purchasable","14":"product-type-simple"},"acf":[],"aioseo_notices":[],"jetpack_sharing_enabled":true,"_links":{"self":[{"href":"https:\/\/antcube.shop\/fi\/wp-json\/wp\/v2\/product\/9304","targetHints":{"allow":["GET"]}}],"collection":[{"href":"https:\/\/antcube.shop\/fi\/wp-json\/wp\/v2\/product"}],"about":[{"href":"https:\/\/antcube.shop\/fi\/wp-json\/wp\/v2\/types\/product"}],"replies":[{"embeddable":true,"href":"https:\/\/antcube.shop\/fi\/wp-json\/wp\/v2\/comments?post=9304"}],"wp:featuredmedia":[{"embeddable":true,"href":"https:\/\/antcube.shop\/fi\/wp-json\/wp\/v2\/media\/9858"}],"wp:attachment":[{"href":"https:\/\/antcube.shop\/fi\/wp-json\/wp\/v2\/media?parent=9304"}],"wp:term":[{"taxonomy":"product_brand","embeddable":true,"href":"https:\/\/antcube.shop\/fi\/wp-json\/wp\/v2\/product_brand?post=9304"},{"taxonomy":"product_cat","embeddable":true,"href":"https:\/\/antcube.shop\/fi\/wp-json\/wp\/v2\/product_cat?post=9304"},{"taxonomy":"product_tag","embeddable":true,"href":"https:\/\/antcube.shop\/fi\/wp-json\/wp\/v2\/product_tag?post=9304"}],"curies":[{"name":"wp","href":"https:\/\/api.w.org\/{rel}","templated":true}]}}