{"id":9293,"date":"2024-09-17T16:00:14","date_gmt":"2024-09-17T14:00:14","guid":{"rendered":"https:\/\/antcube.shop\/en\/product\/pilz-von-acromyrmex-octospinosus\/"},"modified":"2026-04-10T11:59:07","modified_gmt":"2026-04-10T09:59:07","slug":"acromyrmex-octospinosus-sieni","status":"publish","type":"product","link":"https:\/\/antcube.shop\/fi\/tuote\/acromyrmex-octospinosus-sieni\/","title":{"rendered":"Acromyrmex octospinosus -sieni"},"content":{"rendered":"<p><span data-text-color=\"alert\"><strong>Toimitus mahdollista vain Saksassa!<\/strong><\/span><\/p>\n<p><strong>M\u00e4\u00e4r\u00e4:<\/strong> (set)<br \/>\n1x kuljetusputki<br \/>\n1x ilmaa l\u00e4p\u00e4isev\u00e4 tulppa<br \/>\n1x tuore sieni, v\u00e4hint\u00e4\u00e4n 1cm\u00b3<\/p>\n<p><strong>Kuvaus:<\/strong> Tarjoamme korvaavan sienen h\u00e4t\u00e4tilanteisiin, joissa lehtimuurahaisten sieni heikkenee tai kuolee v\u00e4\u00e4r\u00e4n l\u00e4mp\u00f6tilan, kosteuden tai muiden syiden vuoksi.<br \/>\n1 cm\u00b3:n yksikk\u00f6 riitt\u00e4\u00e4 11-25 el\u00e4imen pes\u00e4kkeen uudelleen k\u00e4ynnist\u00e4miseen.<br \/>\nToimitettu sieni voi sis\u00e4lt\u00e4\u00e4 pieni\u00e4 sienipit\u00e4ji\u00e4 (minity\u00f6ntekij\u00f6it\u00e4).<br \/>\nN\u00e4m\u00e4 pienet minity\u00f6l\u00e4iset eiv\u00e4t ole ongelma olemassa olevalle pes\u00e4kkeelle, sill\u00e4 ne huolehtivat vain sienest\u00e4.<\/p>\n<p><strong>K\u00e4yt\u00e4:<\/strong><br \/>\nSieni = sieni\u00e4 sy\u00f6ville muurahaislajeille.<br \/>\nT\u00e4m\u00e4 on t\u00e4ysravinto (kertaruokinta)<br \/>\nKuljetuss\u00e4ili\u00f6 on avattava ja asetettava muurahaispes\u00e4n viereen. El\u00e4imet kantavat sienipalat sitten itse pois.<\/p>\n<p><strong>Varastointi:<\/strong> 25\u00b0C ja 90% kosteus<\/p>\n<p><strong>Sis\u00e4lt\u00e4\u00e4:<\/strong><br \/>\nnimettyjen muurahaislajien tuoreet ja alkuper\u00e4iset sienipalat.<\/p>\n<p><strong>Huom:<\/strong><br \/>\nLis\u00e4tietoja on pakkausselosteessa.<\/p>\n<p>Tietopuhelin +49 30 439703870<\/p>\n<p><strong>Vastaava el\u00e4inl\u00e4\u00e4kint\u00e4- ja elintarvikevirasto:<\/strong><br \/>\nSteglitzin el\u00e4inl\u00e4\u00e4k\u00e4rintoimisto<br \/>\nK\u00f6nigin-Luise-Str. 92<br \/>\n14195 Berliini<\/p>","protected":false},"excerpt":{"rendered":"<p>T\u00e4ysrehu<\/p>","protected":false},"featured_media":9783,"comment_status":"open","ping_status":"closed","template":"","meta":{"_acf_changed":false,"content-type":"","_monsterinsights_skip_tracking":false,"_monsterinsights_sitenote_active":false,"_monsterinsights_sitenote_note":"","_monsterinsights_sitenote_category":0},"product_brand":[],"product_cat":[115,116],"product_tag":[],"class_list":{"0":"post-9293","1":"product","2":"type-product","3":"status-publish","4":"has-post-thumbnail","6":"product_cat-food-and-feeding","7":"product_cat-food","9":"first","10":"onbackorder","11":"taxable","12":"shipping-taxable","13":"purchasable","14":"product-type-simple"},"acf":[],"aioseo_notices":[],"jetpack_sharing_enabled":true,"_links":{"self":[{"href":"https:\/\/antcube.shop\/fi\/wp-json\/wp\/v2\/product\/9293","targetHints":{"allow":["GET"]}}],"collection":[{"href":"https:\/\/antcube.shop\/fi\/wp-json\/wp\/v2\/product"}],"about":[{"href":"https:\/\/antcube.shop\/fi\/wp-json\/wp\/v2\/types\/product"}],"replies":[{"embeddable":true,"href":"https:\/\/antcube.shop\/fi\/wp-json\/wp\/v2\/comments?post=9293"}],"wp:featuredmedia":[{"embeddable":true,"href":"https:\/\/antcube.shop\/fi\/wp-json\/wp\/v2\/media\/9783"}],"wp:attachment":[{"href":"https:\/\/antcube.shop\/fi\/wp-json\/wp\/v2\/media?parent=9293"}],"wp:term":[{"taxonomy":"product_brand","embeddable":true,"href":"https:\/\/antcube.shop\/fi\/wp-json\/wp\/v2\/product_brand?post=9293"},{"taxonomy":"product_cat","embeddable":true,"href":"https:\/\/antcube.shop\/fi\/wp-json\/wp\/v2\/product_cat?post=9293"},{"taxonomy":"product_tag","embeddable":true,"href":"https:\/\/antcube.shop\/fi\/wp-json\/wp\/v2\/product_tag?post=9293"}],"curies":[{"name":"wp","href":"https:\/\/api.w.org\/{rel}","templated":true}]}}