{"id":9291,"date":"2024-09-17T15:59:27","date_gmt":"2024-09-17T13:59:27","guid":{"rendered":"https:\/\/antcube.shop\/en\/product\/brombeerblatter-100g-frisch\/"},"modified":"2026-04-14T09:35:49","modified_gmt":"2026-04-14T07:35:49","slug":"brombeerblatter-100g-frisch","status":"publish","type":"product","link":"https:\/\/antcube.shop\/fi\/tuote\/brombeerblatter-100g-frisch\/","title":{"rendered":"Karhunvatukan lehdet 100 g - tuoreet"},"content":{"rendered":"<p><strong>Sis\u00e4lt\u00f6:<\/strong> 100 g tuoreita karhunvatukan lehti\u00e4<\/p>\n<p><strong>Kuvaus:<\/strong> Karhunvatukan lehdet sieni\u00e4 kasvattavien muurahaislajien kasvualustana.<\/p>\n<p><strong>K\u00e4yt\u00e4:<\/strong><br \/>\nKarhunvatukan lehdet = sieni\u00e4 kasvattaville muurahaislajeille.<br \/>\nKyseess\u00e4 on \"t\u00e4ysrehu\" (yksitt\u00e4isrehu), jota k\u00e4ytet\u00e4\u00e4n vain sienen kasvualustana.<br \/>\nAseta sy\u00f6tett\u00e4v\u00e4t lehdet vain sy\u00f6tt\u00f6kammioon.<\/p>\n<p>Varastointi: 60-90% kosteus: 5-8\u00b0C \/ 60-90%. (vaihtoehtoisesti my\u00f6s vesimaljakossa)<\/p>\n<p><strong>Sis\u00e4lt\u00e4\u00e4:<\/strong><br \/>\n100% Tuoreet karhunvatukan lehdet<\/p>\n<p><strong>Huom:<\/strong><br \/>\nLis\u00e4tietoja on pakkausselosteessa.<\/p>\n<p>Tietopuhelin +49 30 439703870<\/p>\n<p>Vastaava el\u00e4inl\u00e4\u00e4kint\u00e4- ja elintarvikevirasto:<br \/>\nSteglitzin el\u00e4inl\u00e4\u00e4k\u00e4rintoimisto<br \/>\nK\u00f6nigin-Luise-Str. 92<br \/>\n14195 Berliini<\/p>","protected":false},"excerpt":{"rendered":"<p>Sis\u00e4lt\u00f6: Kuvaus: 100g tuoreita karhunvatukan lehti\u00e4: Karhunvatukan lehdet sienest\u00e4vien muurahaislajien kasvualustana. K\u00e4ytt\u00f6: Karhunvatukan lehdet = sieni\u00e4 kasvattaville muurahaislajeille T\u00e4m\u00e4 on \"t\u00e4ysrehu\" (kertaruokinta) ja sit\u00e4 k\u00e4ytet\u00e4\u00e4n vain sienen kasvualustana. Aseta vain sy\u00f6tett\u00e4v\u00e4t lehdet ruokintakammioon.  5-8\u00b0C","protected":false},"featured_media":9603,"comment_status":"open","ping_status":"closed","template":"","meta":{"_acf_changed":false,"content-type":"","_monsterinsights_skip_tracking":false,"_monsterinsights_sitenote_active":false,"_monsterinsights_sitenote_note":"","_monsterinsights_sitenote_category":0},"product_brand":[],"product_cat":[115,116],"product_tag":[],"class_list":{"0":"post-9291","1":"product","2":"type-product","3":"status-publish","4":"has-post-thumbnail","6":"product_cat-food-and-feeding","7":"product_cat-food","9":"first","10":"onbackorder","11":"taxable","12":"shipping-taxable","13":"purchasable","14":"product-type-simple"},"acf":[],"aioseo_notices":[],"jetpack_sharing_enabled":true,"_links":{"self":[{"href":"https:\/\/antcube.shop\/fi\/wp-json\/wp\/v2\/product\/9291","targetHints":{"allow":["GET"]}}],"collection":[{"href":"https:\/\/antcube.shop\/fi\/wp-json\/wp\/v2\/product"}],"about":[{"href":"https:\/\/antcube.shop\/fi\/wp-json\/wp\/v2\/types\/product"}],"replies":[{"embeddable":true,"href":"https:\/\/antcube.shop\/fi\/wp-json\/wp\/v2\/comments?post=9291"}],"wp:featuredmedia":[{"embeddable":true,"href":"https:\/\/antcube.shop\/fi\/wp-json\/wp\/v2\/media\/9603"}],"wp:attachment":[{"href":"https:\/\/antcube.shop\/fi\/wp-json\/wp\/v2\/media?parent=9291"}],"wp:term":[{"taxonomy":"product_brand","embeddable":true,"href":"https:\/\/antcube.shop\/fi\/wp-json\/wp\/v2\/product_brand?post=9291"},{"taxonomy":"product_cat","embeddable":true,"href":"https:\/\/antcube.shop\/fi\/wp-json\/wp\/v2\/product_cat?post=9291"},{"taxonomy":"product_tag","embeddable":true,"href":"https:\/\/antcube.shop\/fi\/wp-json\/wp\/v2\/product_tag?post=9291"}],"curies":[{"name":"wp","href":"https:\/\/api.w.org\/{rel}","templated":true}]}}