{"id":9289,"date":"2024-09-17T15:58:27","date_gmt":"2024-09-17T13:58:27","guid":{"rendered":"https:\/\/antcube.shop\/en\/product\/tranke-45ml-65mm-blau\/"},"modified":"2026-04-09T19:27:11","modified_gmt":"2026-04-09T17:27:11","slug":"juomakaukalo-45ml-65mm-sininen","status":"publish","type":"product","link":"https:\/\/antcube.shop\/fi\/tuote\/juomakaukalo-45ml-65mm-sininen\/","title":{"rendered":"Juomakaukalo 45ml - 65mm - sininen"},"content":{"rendered":"<p><strong>Pituus:<\/strong> 65 mm, 45 ml<\/p>\n<p><strong>Materiaali:<\/strong> Muovi<\/p>\n<p><strong>Kuvaus:<\/strong> Jotta muurahaiset saavat formicariumissa riitt\u00e4v\u00e4sti kosteutta. Veteen voidaan sekoittaa my\u00f6s hunajaa. Ihanteellinen my\u00f6s lomakaudella. Juomakaukalon pohja on suositeltavaa peitt\u00e4\u00e4 imukykyisell\u00e4 puuvillalla tai sienell\u00e4, jotta muurahaiset eiv\u00e4t huku.<\/p>\n<p><strong>Pohjan v\u00e4ri:<\/strong> valkoinen<br \/>\n<strong>S\u00e4ili\u00f6n v\u00e4ri:<\/strong> sininen l\u00e4pin\u00e4kyv\u00e4<\/p>","protected":false},"excerpt":{"rendered":"<p>Pituus: 65 mm, materiaali: muovi<\/p>","protected":false},"featured_media":9608,"comment_status":"open","ping_status":"closed","template":"","meta":{"_acf_changed":false,"content-type":"","_monsterinsights_skip_tracking":false,"_monsterinsights_sitenote_active":false,"_monsterinsights_sitenote_note":"","_monsterinsights_sitenote_category":0},"product_brand":[],"product_cat":[115,117],"product_tag":[],"class_list":{"0":"post-9289","1":"product","2":"type-product","3":"status-publish","4":"has-post-thumbnail","6":"product_cat-food-and-feeding","7":"product_cat-drinkers-for-ants","9":"first","10":"instock","11":"taxable","12":"shipping-taxable","13":"purchasable","14":"product-type-simple"},"acf":[],"aioseo_notices":[],"jetpack_sharing_enabled":true,"_links":{"self":[{"href":"https:\/\/antcube.shop\/fi\/wp-json\/wp\/v2\/product\/9289","targetHints":{"allow":["GET"]}}],"collection":[{"href":"https:\/\/antcube.shop\/fi\/wp-json\/wp\/v2\/product"}],"about":[{"href":"https:\/\/antcube.shop\/fi\/wp-json\/wp\/v2\/types\/product"}],"replies":[{"embeddable":true,"href":"https:\/\/antcube.shop\/fi\/wp-json\/wp\/v2\/comments?post=9289"}],"wp:featuredmedia":[{"embeddable":true,"href":"https:\/\/antcube.shop\/fi\/wp-json\/wp\/v2\/media\/9608"}],"wp:attachment":[{"href":"https:\/\/antcube.shop\/fi\/wp-json\/wp\/v2\/media?parent=9289"}],"wp:term":[{"taxonomy":"product_brand","embeddable":true,"href":"https:\/\/antcube.shop\/fi\/wp-json\/wp\/v2\/product_brand?post=9289"},{"taxonomy":"product_cat","embeddable":true,"href":"https:\/\/antcube.shop\/fi\/wp-json\/wp\/v2\/product_cat?post=9289"},{"taxonomy":"product_tag","embeddable":true,"href":"https:\/\/antcube.shop\/fi\/wp-json\/wp\/v2\/product_tag?post=9289"}],"curies":[{"name":"wp","href":"https:\/\/api.w.org\/{rel}","templated":true}]}}