{"id":9274,"date":"2024-09-17T15:00:27","date_gmt":"2024-09-17T13:00:27","guid":{"rendered":"https:\/\/antcube.shop\/en\/product\/mini-hygrometer-analog-metall-25mm\/"},"modified":"2026-04-15T21:10:18","modified_gmt":"2026-04-15T19:10:18","slug":"mini-kosteusmittari-analoginen-metall-25mm","status":"publish","type":"product","link":"https:\/\/antcube.shop\/fi\/tuote\/mini-kosteusmittari-analoginen-metall-25mm\/","title":{"rendered":"Mini kosteusmittari analoginen metalli - 25mm"},"content":{"rendered":"<p><strong>Mitat:<\/strong> 25mm<\/p>\n<p><strong>V\u00e4ri:<\/strong> metalli, hopea<\/p>\n<p><strong>Mittausalue:<\/strong> 0 - 100%<\/p>\n<p><strong>Tarkkuus:<\/strong> +\/- 5%<\/p>\n<p><strong>Kuvaus:<\/strong><br \/>\nAnaloginen kosteusmittari, joka soveltuu erityisesti hyvin pienille formikarioille.<br \/>\nSe asennetaan 27 mm:n reik\u00e4\u00e4n k\u00e4ytt\u00e4m\u00e4ll\u00e4 \"Formicarium-tulppia 27 mm:n reik\u00e4\u00e4n\", jossa on 22 mm:n leikkaus.<br \/>\nMuussa tapauksessa kosteusmittari voidaan kiinnitt\u00e4\u00e4 formikariumin sis\u00e4puoliseen takaosaan kaksipuolisella teipill\u00e4 (ei sis\u00e4lly toimitukseen).<\/p>\n<p><strong>Huom:<\/strong><br \/>\n\u00c4l\u00e4 sulje kosteusmittarin taka-aukkoa, sill\u00e4 se voi aiheuttaa mittausvirheit\u00e4.<\/p>","protected":false},"excerpt":{"rendered":"<p>Mittausalue: TP5T, halkaisija: 25 mm.<\/p>","protected":false},"featured_media":9750,"comment_status":"open","ping_status":"closed","template":"","meta":{"_acf_changed":false,"content-type":"","_monsterinsights_skip_tracking":false,"_monsterinsights_sitenote_active":false,"_monsterinsights_sitenote_note":"","_monsterinsights_sitenote_category":0},"product_brand":[],"product_cat":[359,119],"product_tag":[],"class_list":{"0":"post-9274","1":"product","2":"type-product","3":"status-publish","4":"has-post-thumbnail","6":"product_cat-light-heat-humidity","7":"product_cat-formicarium-components","9":"first","10":"instock","11":"taxable","12":"shipping-taxable","13":"purchasable","14":"product-type-simple"},"acf":[],"aioseo_notices":[],"jetpack_sharing_enabled":true,"_links":{"self":[{"href":"https:\/\/antcube.shop\/fi\/wp-json\/wp\/v2\/product\/9274","targetHints":{"allow":["GET"]}}],"collection":[{"href":"https:\/\/antcube.shop\/fi\/wp-json\/wp\/v2\/product"}],"about":[{"href":"https:\/\/antcube.shop\/fi\/wp-json\/wp\/v2\/types\/product"}],"replies":[{"embeddable":true,"href":"https:\/\/antcube.shop\/fi\/wp-json\/wp\/v2\/comments?post=9274"}],"wp:featuredmedia":[{"embeddable":true,"href":"https:\/\/antcube.shop\/fi\/wp-json\/wp\/v2\/media\/9750"}],"wp:attachment":[{"href":"https:\/\/antcube.shop\/fi\/wp-json\/wp\/v2\/media?parent=9274"}],"wp:term":[{"taxonomy":"product_brand","embeddable":true,"href":"https:\/\/antcube.shop\/fi\/wp-json\/wp\/v2\/product_brand?post=9274"},{"taxonomy":"product_cat","embeddable":true,"href":"https:\/\/antcube.shop\/fi\/wp-json\/wp\/v2\/product_cat?post=9274"},{"taxonomy":"product_tag","embeddable":true,"href":"https:\/\/antcube.shop\/fi\/wp-json\/wp\/v2\/product_tag?post=9274"}],"curies":[{"name":"wp","href":"https:\/\/api.w.org\/{rel}","templated":true}]}}