{"id":9273,"date":"2024-09-17T15:00:07","date_gmt":"2024-09-17T13:00:07","guid":{"rendered":"https:\/\/antcube.shop\/en\/product\/mini-thermometer-analog-metall-25mm\/"},"modified":"2026-04-05T12:30:33","modified_gmt":"2026-04-05T10:30:33","slug":"minilampomittari-analoginen-metalli-25mm","status":"publish","type":"product","link":"https:\/\/antcube.shop\/fi\/tuote\/minilampomittari-analoginen-metalli-25mm\/","title":{"rendered":"Mini l\u00e4mp\u00f6mittari analoginen metalli - 25mm"},"content":{"rendered":"<p><strong>Mitat:<\/strong> 25mm<\/p>\n<p><strong>V\u00e4ri:<\/strong> metalli, hopea<\/p>\n<p><strong>Mittausalue:<\/strong> -20 - +50\u00b0C \/ -10 - +130\u00b0F \/ -10 - +130\u00b0F<\/p>\n<p><strong>Tarkkuus:<\/strong> +\/- 2\u00b0C , +\/- 4\u00b0F<\/p>\n<p><strong>Kuvaus:<\/strong><br \/>\nAnaloginen l\u00e4mp\u00f6-\/hygrometri, joka soveltuu erityisesti hyvin pienille formikarioille.<br \/>\nSe kiinnitet\u00e4\u00e4n 27 mm:n reik\u00e4\u00e4n k\u00e4ytt\u00e4m\u00e4ll\u00e4 \"Formicarium-tulppaa 27 mm:n reik\u00e4\u00e4n\", jossa on 22 mm:n leikkaus.<br \/>\nMuussa tapauksessa kosteusmittari voidaan kiinnitt\u00e4\u00e4 formikariumin sis\u00e4puoliseen takaosaan kaksipuolisella teipill\u00e4 (ei sis\u00e4lly toimitukseen).<\/p>\n<p><strong>Huom:<\/strong><br \/>\n\u00c4l\u00e4 sulje l\u00e4mp\u00f6mittarin taka-aukkoa, sill\u00e4 se voi aiheuttaa mittausvirheit\u00e4.<\/p>","protected":false},"excerpt":{"rendered":"<p>Mittausalue: -20 - +50\u00b0C \/ -10 - +130\u00b0F, halkaisija: 25 mm.<\/p>","protected":false},"featured_media":9748,"comment_status":"open","ping_status":"closed","template":"","meta":{"_acf_changed":false,"content-type":"","_monsterinsights_skip_tracking":false,"_monsterinsights_sitenote_active":false,"_monsterinsights_sitenote_note":"","_monsterinsights_sitenote_category":0},"product_brand":[],"product_cat":[359,119],"product_tag":[],"class_list":{"0":"post-9273","1":"product","2":"type-product","3":"status-publish","4":"has-post-thumbnail","6":"product_cat-light-heat-humidity","7":"product_cat-formicarium-components","9":"first","10":"instock","11":"taxable","12":"shipping-taxable","13":"purchasable","14":"product-type-simple"},"acf":[],"aioseo_notices":[],"jetpack_sharing_enabled":true,"_links":{"self":[{"href":"https:\/\/antcube.shop\/fi\/wp-json\/wp\/v2\/product\/9273","targetHints":{"allow":["GET"]}}],"collection":[{"href":"https:\/\/antcube.shop\/fi\/wp-json\/wp\/v2\/product"}],"about":[{"href":"https:\/\/antcube.shop\/fi\/wp-json\/wp\/v2\/types\/product"}],"replies":[{"embeddable":true,"href":"https:\/\/antcube.shop\/fi\/wp-json\/wp\/v2\/comments?post=9273"}],"wp:featuredmedia":[{"embeddable":true,"href":"https:\/\/antcube.shop\/fi\/wp-json\/wp\/v2\/media\/9748"}],"wp:attachment":[{"href":"https:\/\/antcube.shop\/fi\/wp-json\/wp\/v2\/media?parent=9273"}],"wp:term":[{"taxonomy":"product_brand","embeddable":true,"href":"https:\/\/antcube.shop\/fi\/wp-json\/wp\/v2\/product_brand?post=9273"},{"taxonomy":"product_cat","embeddable":true,"href":"https:\/\/antcube.shop\/fi\/wp-json\/wp\/v2\/product_cat?post=9273"},{"taxonomy":"product_tag","embeddable":true,"href":"https:\/\/antcube.shop\/fi\/wp-json\/wp\/v2\/product_tag?post=9273"}],"curies":[{"name":"wp","href":"https:\/\/api.w.org\/{rel}","templated":true}]}}