{"id":9271,"date":"2024-09-17T14:58:23","date_gmt":"2024-09-17T12:58:23","guid":{"rendered":"https:\/\/antcube.shop\/en\/product\/mini-thermo-hygrometer-analog-display-magnet\/"},"modified":"2026-04-02T09:54:43","modified_gmt":"2026-04-02T07:54:43","slug":"mini-lampo-ja-kosteusmittari-analoginen-naytto-magneetti","status":"publish","type":"product","link":"https:\/\/antcube.shop\/fi\/tuote\/mini-lampo-ja-kosteusmittari-analoginen-naytto-magneetti\/","title":{"rendered":"Mini l\u00e4mp\u00f6- ja kosteusmittari analoginen - n\u00e4ytt\u00f6 - magneetti"},"content":{"rendered":"<p><strong>Mitat:<\/strong> 75mm x 60mm, 8mm syv\u00e4<\/p>\n<p><strong>Materiaali:<\/strong> metalli \/ akryylilasi<\/p>\n<p><strong>V\u00e4ri:<\/strong> metalli, hopea \/ l\u00e4pin\u00e4kyv\u00e4<\/p>\n<p><strong>Sis\u00e4lt\u00f6:<\/strong> 1x minil\u00e4mp\u00f6mittari analoginen metalli - 25mm, 1x minihygrometri analoginen metalli - 25mm, 1x akryylilasiteline, jossa on leikatut aukot mittauslaitteille ja kolme magneettia - 75x60mm, 1x akryylilasilevy, jossa on magneetit n\u00e4yt\u00f6n kiinnitt\u00e4mist\u00e4 varten - 75x20mm,<\/p>\n<p><strong>Kuvaus:<\/strong><br \/>\nSarja koostuu analogisesta l\u00e4mp\u00f6mittarista ja kosteusmittarista, jotka on valmistettu metallista (25 mm) ja jotka on asetettu akryylilasilevyyn (75x6 mm). N\u00e4ytt\u00f6 on kiinnitetty pienell\u00e4 magneettilevyll\u00e4, joka on kiinnitetty levyn toiselle puolelle. T\u00e4m\u00e4 mahdollistaa arvojen n\u00e4yt\u00f6n sijainnin mukauttamisen yksil\u00f6llisiin tarpeisiin. Magneettien ansiosta n\u00e4yt\u00f6n paikkaa voidaan vaihtaa niin usein kuin on tarpeen verrattuna tarratyynyihin.<\/p>\n<p><strong>Huom:<\/strong><br \/>\nTakapuolella olevien mittauslaitteiden on pysytt\u00e4v\u00e4 vapaana, muutoin mittausvirheit\u00e4 voi esiinty\u00e4.<\/p>\n<p>Magneettisissa osissa saattaa esiinty\u00e4 valmistusprosessista johtuen pieni\u00e4 tai keskisuuria halkeamia.<\/p>\n<p>Tarkkuus: +\/- 2\u00b0C , +\/- 4\u00b0F<br \/>\nTarkkuus: +\/- 5%<\/p>","protected":false},"excerpt":{"rendered":"<p>L\u00e4mp\u00f6mittari- ja kosteusmittarisarja, valmistettu metallista (25mm), asetettu akryylilasilevyyn (75x45mm).<\/p>","protected":false},"featured_media":9740,"comment_status":"open","ping_status":"closed","template":"","meta":{"_acf_changed":false,"content-type":"","_monsterinsights_skip_tracking":false,"_monsterinsights_sitenote_active":false,"_monsterinsights_sitenote_note":"","_monsterinsights_sitenote_category":0},"product_brand":[],"product_cat":[359,119],"product_tag":[],"class_list":{"0":"post-9271","1":"product","2":"type-product","3":"status-publish","4":"has-post-thumbnail","6":"product_cat-light-heat-humidity","7":"product_cat-formicarium-components","9":"first","10":"instock","11":"taxable","12":"shipping-taxable","13":"purchasable","14":"product-type-simple"},"acf":[],"aioseo_notices":[],"jetpack_sharing_enabled":true,"_links":{"self":[{"href":"https:\/\/antcube.shop\/fi\/wp-json\/wp\/v2\/product\/9271","targetHints":{"allow":["GET"]}}],"collection":[{"href":"https:\/\/antcube.shop\/fi\/wp-json\/wp\/v2\/product"}],"about":[{"href":"https:\/\/antcube.shop\/fi\/wp-json\/wp\/v2\/types\/product"}],"replies":[{"embeddable":true,"href":"https:\/\/antcube.shop\/fi\/wp-json\/wp\/v2\/comments?post=9271"}],"wp:featuredmedia":[{"embeddable":true,"href":"https:\/\/antcube.shop\/fi\/wp-json\/wp\/v2\/media\/9740"}],"wp:attachment":[{"href":"https:\/\/antcube.shop\/fi\/wp-json\/wp\/v2\/media?parent=9271"}],"wp:term":[{"taxonomy":"product_brand","embeddable":true,"href":"https:\/\/antcube.shop\/fi\/wp-json\/wp\/v2\/product_brand?post=9271"},{"taxonomy":"product_cat","embeddable":true,"href":"https:\/\/antcube.shop\/fi\/wp-json\/wp\/v2\/product_cat?post=9271"},{"taxonomy":"product_tag","embeddable":true,"href":"https:\/\/antcube.shop\/fi\/wp-json\/wp\/v2\/product_tag?post=9271"}],"curies":[{"name":"wp","href":"https:\/\/api.w.org\/{rel}","templated":true}]}}