{"id":9269,"date":"2024-09-17T14:52:27","date_gmt":"2024-09-17T12:52:27","guid":{"rendered":"https:\/\/antcube.shop\/en\/product\/heat-pack-stoffbeutel-72-std\/"},"modified":"2026-04-08T10:01:07","modified_gmt":"2026-04-08T08:01:07","slug":"lampopakkaus-kangaspussi-72-tuntia","status":"publish","type":"product","link":"https:\/\/antcube.shop\/fi\/tuote\/lampopakkaus-kangaspussi-72-tuntia\/","title":{"rendered":"L\u00e4mp\u00f6pakkaus - kangaspussi - 72 hrs."},"content":{"rendered":"<p><strong>Mitat:<\/strong> 15,5 x 11,5 cm<\/p>\n<p>L\u00e4mm\u00f6n kesto ( h ): ~ 72<\/p>\n<p>L\u00e4mp\u00f6tila (max. \/ keskil\u00e4mp\u00f6tila): 52\u00b0C \/ 46\u00b0C<\/p>\n<p><strong>Kuvaus:<\/strong> T\u00e4m\u00e4 HeatPack on aktiivihiilil\u00e4mmitin, joka aktivoituu kosketuksessa ilman kanssa. Ota HeatPack-pakkaus pois pakkauksesta, anna sen aktivoitua hetkeksi pakkasettomassa ymp\u00e4rist\u00f6ss\u00e4 ja aseta se sopivaan kuljetuslaatikkoon (esim. polystyreenilaatikkoon). L\u00e4mm\u00f6n vapautuminen alkaa muutaman minuutin kuluttua ja kest\u00e4\u00e4 jopa 72 tuntia.<\/p>\n<p>Voidaan k\u00e4ytt\u00e4\u00e4 vain kerran!<\/p>\n<p><strong>Ainesosat:<\/strong> rauta, vesi, selluloosa, aktiivihiili, vermikuliitti, suola.<\/p>","protected":false},"excerpt":{"rendered":"<p>L\u00e4mmitysteho 72 tuntia.<\/p>","protected":false},"featured_media":9735,"comment_status":"open","ping_status":"closed","template":"","meta":{"_acf_changed":false,"content-type":"","_monsterinsights_skip_tracking":false,"_monsterinsights_sitenote_active":false,"_monsterinsights_sitenote_note":"","_monsterinsights_sitenote_category":0},"product_brand":[],"product_cat":[237],"product_tag":[],"class_list":{"0":"post-9269","1":"product","2":"type-product","3":"status-publish","4":"has-post-thumbnail","6":"product_cat-tools","8":"first","9":"instock","10":"taxable","11":"shipping-taxable","12":"purchasable","13":"product-type-simple"},"acf":[],"aioseo_notices":[],"jetpack_sharing_enabled":true,"_links":{"self":[{"href":"https:\/\/antcube.shop\/fi\/wp-json\/wp\/v2\/product\/9269","targetHints":{"allow":["GET"]}}],"collection":[{"href":"https:\/\/antcube.shop\/fi\/wp-json\/wp\/v2\/product"}],"about":[{"href":"https:\/\/antcube.shop\/fi\/wp-json\/wp\/v2\/types\/product"}],"replies":[{"embeddable":true,"href":"https:\/\/antcube.shop\/fi\/wp-json\/wp\/v2\/comments?post=9269"}],"wp:featuredmedia":[{"embeddable":true,"href":"https:\/\/antcube.shop\/fi\/wp-json\/wp\/v2\/media\/9735"}],"wp:attachment":[{"href":"https:\/\/antcube.shop\/fi\/wp-json\/wp\/v2\/media?parent=9269"}],"wp:term":[{"taxonomy":"product_brand","embeddable":true,"href":"https:\/\/antcube.shop\/fi\/wp-json\/wp\/v2\/product_brand?post=9269"},{"taxonomy":"product_cat","embeddable":true,"href":"https:\/\/antcube.shop\/fi\/wp-json\/wp\/v2\/product_cat?post=9269"},{"taxonomy":"product_tag","embeddable":true,"href":"https:\/\/antcube.shop\/fi\/wp-json\/wp\/v2\/product_tag?post=9269"}],"curies":[{"name":"wp","href":"https:\/\/api.w.org\/{rel}","templated":true}]}}