{"id":9268,"date":"2024-09-17T14:52:05","date_gmt":"2024-09-17T12:52:05","guid":{"rendered":"https:\/\/antcube.shop\/en\/product\/heat-pack-alubeutel-36-std\/"},"modified":"2026-02-09T17:52:40","modified_gmt":"2026-02-09T16:52:40","slug":"lampopakkaus-alumiinipussi-36-tuntia","status":"publish","type":"product","link":"https:\/\/antcube.shop\/fi\/tuote\/lampopakkaus-alumiinipussi-36-tuntia\/","title":{"rendered":"L\u00e4mp\u00f6pakkaus - alumiinipussi - 36 hrs."},"content":{"rendered":"<p><strong>Mitat:<\/strong> 16 x 11,5 cm<\/p>\n<p><strong>Kuvaus:<\/strong> L\u00e4mp\u00f6pakkaukset l\u00e4mmitt\u00e4v\u00e4t max. 45 \u00b0C, kun ne joutuvat kosketuksiin hapen kanssa. Niit\u00e4 k\u00e4ytet\u00e4\u00e4n l\u00e4mm\u00f6nl\u00e4hteen\u00e4 trooppisia muurahaispes\u00e4kkeit\u00e4 kuljetettaessa, jotta el\u00e4imet eiv\u00e4t menisi hypotermisiksi. L\u00e4mm\u00f6ntuotto n. 36 tuntia.<\/p>\n<p>Voidaan k\u00e4ytt\u00e4\u00e4 vain kerran!<\/p>\n<p><strong>Ainesosat:<\/strong> rauta, aktiivihiili, belmiliitti, suola, vesi<\/p>","protected":false},"excerpt":{"rendered":"<p>L\u00e4mp\u00f6teho 36 tuntia<\/p>","protected":false},"featured_media":9732,"comment_status":"open","ping_status":"closed","template":"","meta":{"_acf_changed":false,"content-type":"","_monsterinsights_skip_tracking":false,"_monsterinsights_sitenote_active":false,"_monsterinsights_sitenote_note":"","_monsterinsights_sitenote_category":0},"product_brand":[],"product_cat":[237],"product_tag":[],"class_list":{"0":"post-9268","1":"product","2":"type-product","3":"status-publish","4":"has-post-thumbnail","6":"product_cat-tools","8":"first","9":"instock","10":"taxable","11":"shipping-taxable","12":"purchasable","13":"product-type-simple"},"acf":[],"aioseo_notices":[],"jetpack_sharing_enabled":true,"_links":{"self":[{"href":"https:\/\/antcube.shop\/fi\/wp-json\/wp\/v2\/product\/9268","targetHints":{"allow":["GET"]}}],"collection":[{"href":"https:\/\/antcube.shop\/fi\/wp-json\/wp\/v2\/product"}],"about":[{"href":"https:\/\/antcube.shop\/fi\/wp-json\/wp\/v2\/types\/product"}],"replies":[{"embeddable":true,"href":"https:\/\/antcube.shop\/fi\/wp-json\/wp\/v2\/comments?post=9268"}],"wp:featuredmedia":[{"embeddable":true,"href":"https:\/\/antcube.shop\/fi\/wp-json\/wp\/v2\/media\/9732"}],"wp:attachment":[{"href":"https:\/\/antcube.shop\/fi\/wp-json\/wp\/v2\/media?parent=9268"}],"wp:term":[{"taxonomy":"product_brand","embeddable":true,"href":"https:\/\/antcube.shop\/fi\/wp-json\/wp\/v2\/product_brand?post=9268"},{"taxonomy":"product_cat","embeddable":true,"href":"https:\/\/antcube.shop\/fi\/wp-json\/wp\/v2\/product_cat?post=9268"},{"taxonomy":"product_tag","embeddable":true,"href":"https:\/\/antcube.shop\/fi\/wp-json\/wp\/v2\/product_tag?post=9268"}],"curies":[{"name":"wp","href":"https:\/\/api.w.org\/{rel}","templated":true}]}}