{"id":9255,"date":"2024-09-17T14:46:27","date_gmt":"2024-09-17T12:46:27","guid":{"rendered":"https:\/\/antcube.shop\/en\/product\/fotoruckwand-wald-60x30-quer\/"},"modified":"2026-01-12T12:35:33","modified_gmt":"2026-01-12T11:35:33","slug":"valokuva-takaseina-metsa-60x30-maisema","status":"publish","type":"product","link":"https:\/\/antcube.shop\/fi\/tuote\/valokuva-takaseina-metsa-60x30-maisema\/","title":{"rendered":"Valokuvan taustasein\u00e4 - Mets\u00e4 - 60\u00d730 - maisema"},"content":{"rendered":"<p><strong>Mitat:<\/strong> 60x30cm<\/p>\n<p><strong>Materiaali:<\/strong> Kiilt\u00e4v\u00e4 foliopaperi<\/p>\n<p><strong>Sis\u00e4lt\u00f6:<\/strong> 1x valokuvatausta<\/p>\n<p><strong>Kuvaus:<\/strong> T\u00e4m\u00e4 valokuvapohja on kiinnitetty formikariumin takaosan ulkopuolelle, jotta saadaan aikaan vaikutelma muurahaisten luonnollista elinymp\u00e4rist\u00f6\u00e4 vastaavasta ymp\u00e4rist\u00f6st\u00e4.<\/p>","protected":false},"excerpt":{"rendered":"<p>Materiaali: kiilt\u00e4v\u00e4 foliopaperi<\/p>","protected":false},"featured_media":9701,"comment_status":"open","ping_status":"closed","template":"","meta":{"_acf_changed":false,"content-type":"","_monsterinsights_skip_tracking":false,"_monsterinsights_sitenote_active":false,"_monsterinsights_sitenote_note":"","_monsterinsights_sitenote_category":0},"product_brand":[],"product_cat":[97,105],"product_tag":[],"class_list":{"0":"post-9255","1":"product","2":"type-product","3":"status-publish","4":"has-post-thumbnail","6":"product_cat-photo-backwalls","7":"product_cat-forest-photo-backwall","9":"first","10":"instock","11":"taxable","12":"shipping-taxable","13":"purchasable","14":"product-type-simple"},"acf":[],"aioseo_notices":[],"jetpack_sharing_enabled":true,"_links":{"self":[{"href":"https:\/\/antcube.shop\/fi\/wp-json\/wp\/v2\/product\/9255","targetHints":{"allow":["GET"]}}],"collection":[{"href":"https:\/\/antcube.shop\/fi\/wp-json\/wp\/v2\/product"}],"about":[{"href":"https:\/\/antcube.shop\/fi\/wp-json\/wp\/v2\/types\/product"}],"replies":[{"embeddable":true,"href":"https:\/\/antcube.shop\/fi\/wp-json\/wp\/v2\/comments?post=9255"}],"wp:featuredmedia":[{"embeddable":true,"href":"https:\/\/antcube.shop\/fi\/wp-json\/wp\/v2\/media\/9701"}],"wp:attachment":[{"href":"https:\/\/antcube.shop\/fi\/wp-json\/wp\/v2\/media?parent=9255"}],"wp:term":[{"taxonomy":"product_brand","embeddable":true,"href":"https:\/\/antcube.shop\/fi\/wp-json\/wp\/v2\/product_brand?post=9255"},{"taxonomy":"product_cat","embeddable":true,"href":"https:\/\/antcube.shop\/fi\/wp-json\/wp\/v2\/product_cat?post=9255"},{"taxonomy":"product_tag","embeddable":true,"href":"https:\/\/antcube.shop\/fi\/wp-json\/wp\/v2\/product_tag?post=9255"}],"curies":[{"name":"wp","href":"https:\/\/api.w.org\/{rel}","templated":true}]}}