{"id":9250,"date":"2024-09-17T14:44:16","date_gmt":"2024-09-17T12:44:16","guid":{"rendered":"https:\/\/antcube.shop\/en\/product\/antcube-korknest-60x30-stehend\/"},"modified":"2026-03-10T17:53:31","modified_gmt":"2026-03-10T16:53:31","slug":"antcube-korkkipesa-60x30-pystyssasi","status":"publish","type":"product","link":"https:\/\/antcube.shop\/fi\/tuote\/antcube-korkkipesa-60x30-pystyssasi\/","title":{"rendered":"ANTCUBE - Korkkipes\u00e4 60\u00d730 - pystyasennossa"},"content":{"rendered":"<p><strong>Mitat:<\/strong> 583 x 240 x 20 mm<\/p>\n<p><strong>Materiaali:<\/strong> Korkki (hieno)<\/p>\n<p>Sopii vain meid\u00e4n muurahaisfarmien kokoiseen kokoon <span style=\"font-size: 10.5pt; font-family: Arial; color: #0000ff; background-color: transparent; font-weight: bold; font-style: normal; font-variant: normal; text-decoration: none; vertical-align: baseline;\">L<\/span><\/p>\n<p><strong>Kuvaus:<\/strong> T\u00e4m\u00e4 korkkipes\u00e4, jossa on tehdasvalmisteisia k\u00e4yt\u00e4vi\u00e4 ja kammioita, soveltuu eri muurahaislajeille, erityisesti lajeille, jotka pesiv\u00e4t (kuolleessa) puussa. Siin\u00e4 on porattu reik\u00e4 pes\u00e4\u00e4n p\u00e4\u00e4sy\u00e4 varten.<br \/>\nKorkki on kemiallisesti neutraalia. Sen rakenne ei ainoastaan ole nesteit\u00e4 l\u00e4p\u00e4isem\u00e4t\u00f6n, vaan se ei my\u00f6sk\u00e4\u00e4n aiheuta kemiallisia reaktioita eik\u00e4 siksi vahingoitu. Liika kosteus voi kuitenkin pitk\u00e4ll\u00e4 aikav\u00e4lill\u00e4 johtaa lahoamiseen ja v\u00e4hent\u00e4\u00e4 pes\u00e4n pitk\u00e4ik\u00e4isyytt\u00e4. Korkki on kuitenkin hyvin vastustuskykyinen lahoa, sieni- ja hometartuntoja vastaan. T\u00e4m\u00e4 johtuu sen pinnasta ja rakenteesta, jotka eiv\u00e4t tarjoa hyv\u00e4\u00e4 kasvualustaa sienten kolonisaatiolle. Ruokaj\u00e4\u00e4m\u00e4t ja el\u00e4inten ulosteet sek\u00e4 muut orgaaniset aineet voivat kuitenkin edist\u00e4\u00e4 homeen kasvua.<\/p>\n<p>Siksi suosittelemme, ett\u00e4 korkissa s\u00e4ilytet\u00e4\u00e4n p\u00e4\u00e4asiassa kuivilta alueilta per\u00e4isin olevia lajeja. Kosteiden elinymp\u00e4rist\u00f6jen lajeja voidaan silti pit\u00e4\u00e4 t\u00e4ss\u00e4 sarjassa, sill\u00e4 m\u00e4t\u00e4neminen ei ole ongelma useimmille lajeille. Monet Pohjois-Euroopan muurahaiset, kuten Camponotus herculeanus tai Formica fusca, el\u00e4v\u00e4t my\u00f6s lahossa tai lahoavassa puussa.<\/p>","protected":false},"excerpt":{"rendered":"<p><strong>Koko:<\/strong> 583 x 240 x 20 mm<\/p>","protected":false},"featured_media":9688,"comment_status":"open","ping_status":"closed","template":"","meta":{"_acf_changed":false,"content-type":"","_monsterinsights_skip_tracking":false,"_monsterinsights_sitenote_active":false,"_monsterinsights_sitenote_note":"","_monsterinsights_sitenote_category":0},"product_brand":[],"product_cat":[87,89],"product_tag":[],"class_list":{"0":"post-9250","1":"product","2":"type-product","3":"status-publish","4":"has-post-thumbnail","6":"product_cat-nest-insets","7":"product_cat-cork","9":"first","10":"instock","11":"taxable","12":"shipping-taxable","13":"purchasable","14":"product-type-simple"},"acf":[],"aioseo_notices":[],"jetpack_sharing_enabled":true,"_links":{"self":[{"href":"https:\/\/antcube.shop\/fi\/wp-json\/wp\/v2\/product\/9250","targetHints":{"allow":["GET"]}}],"collection":[{"href":"https:\/\/antcube.shop\/fi\/wp-json\/wp\/v2\/product"}],"about":[{"href":"https:\/\/antcube.shop\/fi\/wp-json\/wp\/v2\/types\/product"}],"replies":[{"embeddable":true,"href":"https:\/\/antcube.shop\/fi\/wp-json\/wp\/v2\/comments?post=9250"}],"wp:featuredmedia":[{"embeddable":true,"href":"https:\/\/antcube.shop\/fi\/wp-json\/wp\/v2\/media\/9688"}],"wp:attachment":[{"href":"https:\/\/antcube.shop\/fi\/wp-json\/wp\/v2\/media?parent=9250"}],"wp:term":[{"taxonomy":"product_brand","embeddable":true,"href":"https:\/\/antcube.shop\/fi\/wp-json\/wp\/v2\/product_brand?post=9250"},{"taxonomy":"product_cat","embeddable":true,"href":"https:\/\/antcube.shop\/fi\/wp-json\/wp\/v2\/product_cat?post=9250"},{"taxonomy":"product_tag","embeddable":true,"href":"https:\/\/antcube.shop\/fi\/wp-json\/wp\/v2\/product_tag?post=9250"}],"curies":[{"name":"wp","href":"https:\/\/api.w.org\/{rel}","templated":true}]}}