{"id":9248,"date":"2024-09-17T14:43:20","date_gmt":"2024-09-17T12:43:20","guid":{"rendered":"https:\/\/antcube.shop\/en\/product\/antcube-box-10x10-gipsnest-beige\/"},"modified":"2026-04-20T11:15:46","modified_gmt":"2026-04-20T09:15:46","slug":"antcube-laatikko-10x10-gipsnest-beige","status":"publish","type":"product","link":"https:\/\/antcube.shop\/fi\/tuote\/antcube-laatikko-10x10-gipsnest-beige\/","title":{"rendered":"ANTCUBE - Laatikko 10\u00d710 - Kipsipes\u00e4 beige"},"content":{"rendered":"<p><strong>Mitat:<\/strong><br \/>\n100x100x100mm<\/p>\n<p><strong>Materiaali:<\/strong><br \/>\nPMMA, PS, kipsi<\/p>\n<p><strong>V\u00e4ri:<\/strong> l\u00e4pin\u00e4kyv\u00e4, beige<\/p>\n<p><strong>Sis\u00e4lt\u00f6:<\/strong><br \/>\n1x laatikko 100x100x100mm<br \/>\n1x asetettava kehys<br \/>\n1x upotettava kansi, jossa on 50mm reik\u00e4<br \/>\n1x kipsin pes\u00e4n lis\u00e4osa<br \/>\n2x formicarium-tulpat 27mm<br \/>\n1x ritil\u00e4paneeli - 50mm - ruostumatonta ter\u00e4st\u00e4<\/p>\n<p><strong>Kuvaus:<\/strong><br \/>\nT\u00e4ss\u00e4 s\u00e4ili\u00f6ss\u00e4 on sis\u00e4\u00e4nvedett\u00e4v\u00e4 kehys ja kansi, ja siin\u00e4 on my\u00f6s kaksi 27 mm:n aukkoa tulevia laajennuksia varten. Kannessa on 50 mm:n reik\u00e4, johon voidaan asettaa ritil\u00e4pistokkeet, tuuletin- tai valaisinpistorasiat. T\u00e4m\u00e4 k\u00e4yt\u00e4nn\u00f6llinen ja helppohoitoinen areena, jossa on integroitu kipsipes\u00e4, soveltuu perustuskolonioille, jotka haluavat rakentaa pes\u00e4ns\u00e4 maahan tai kivien v\u00e4liin.<\/p>","protected":false},"excerpt":{"rendered":"<p><strong>Koko:<\/strong> 10x10x10 cm<\/p>","protected":false},"featured_media":9559,"comment_status":"open","ping_status":"closed","template":"","meta":{"_acf_changed":false,"content-type":"","_monsterinsights_skip_tracking":false,"_monsterinsights_sitenote_active":false,"_monsterinsights_sitenote_note":"","_monsterinsights_sitenote_category":0},"product_brand":[],"product_cat":[80,90],"product_tag":[],"class_list":{"0":"post-9248","1":"product","2":"type-product","3":"status-publish","4":"has-post-thumbnail","6":"product_cat-antfarms","7":"product_cat-gypsum","9":"first","10":"instock","11":"taxable","12":"shipping-taxable","13":"purchasable","14":"product-type-simple"},"acf":[],"aioseo_notices":[],"jetpack_sharing_enabled":true,"_links":{"self":[{"href":"https:\/\/antcube.shop\/fi\/wp-json\/wp\/v2\/product\/9248","targetHints":{"allow":["GET"]}}],"collection":[{"href":"https:\/\/antcube.shop\/fi\/wp-json\/wp\/v2\/product"}],"about":[{"href":"https:\/\/antcube.shop\/fi\/wp-json\/wp\/v2\/types\/product"}],"replies":[{"embeddable":true,"href":"https:\/\/antcube.shop\/fi\/wp-json\/wp\/v2\/comments?post=9248"}],"wp:featuredmedia":[{"embeddable":true,"href":"https:\/\/antcube.shop\/fi\/wp-json\/wp\/v2\/media\/9559"}],"wp:attachment":[{"href":"https:\/\/antcube.shop\/fi\/wp-json\/wp\/v2\/media?parent=9248"}],"wp:term":[{"taxonomy":"product_brand","embeddable":true,"href":"https:\/\/antcube.shop\/fi\/wp-json\/wp\/v2\/product_brand?post=9248"},{"taxonomy":"product_cat","embeddable":true,"href":"https:\/\/antcube.shop\/fi\/wp-json\/wp\/v2\/product_cat?post=9248"},{"taxonomy":"product_tag","embeddable":true,"href":"https:\/\/antcube.shop\/fi\/wp-json\/wp\/v2\/product_tag?post=9248"}],"curies":[{"name":"wp","href":"https:\/\/api.w.org\/{rel}","templated":true}]}}