{"id":9247,"date":"2024-09-17T14:42:38","date_gmt":"2024-09-17T12:42:38","guid":{"rendered":"https:\/\/antcube.shop\/en\/product\/antcube-gipsnest-30x30-liegend\/"},"modified":"2026-04-23T19:53:20","modified_gmt":"2026-04-23T17:53:20","slug":"antcube-gipsnest-30x30-liegend","status":"publish","type":"product","link":"https:\/\/antcube.shop\/fi\/tuote\/antcube-gipsnest-30x30-liegend\/","title":{"rendered":"ANTCUBE - Kipsipes\u00e4 30\u00d730 - vaakasuora"},"content":{"rendered":"<p><span data-text-color=\"alert\"><strong>Toimitus mahdollista vain GO! kautta Saksan sis\u00e4puolella tai paletin kautta Euroopan sis\u00e4ll\u00e4 (ei saarilla).<\/strong><\/span><\/p>\n<p><strong>Mitat:<\/strong><br \/>\nKipsipes\u00e4: 290 x 290 x 50mm<br \/>\nLasikotelo: 279 x 279 x 4mm<\/p>\n<p><strong>Materiaali:<\/strong> Kipsi<\/p>\n<p><strong>Sis\u00e4lt\u00f6:<\/strong><br \/>\n1x kipsipes\u00e4 30\u00d730, jossa on kaksi liit\u00e4nt\u00e4pistoketta L 14\/16\/18\/20 x 20mm.<\/p>\n<ul>\n<li>14\/10 letku ty\u00f6nnet\u00e4\u00e4n tiukasti 14 mm:n pistorasiaan.<\/li>\n<li>20\/16-letku on tiukasti kiinni ensimm\u00e4isess\u00e4 16 mm:n askelmassa.<\/li>\n<li>22\/18-letku on tiukasti kiinni toisessa 20 mm:n askelmassa.<\/li>\n<li>24\/20-letku kiinnitet\u00e4\u00e4n l\u00f6ys\u00e4sti toiseen 20 mm:n askeleeseen.<\/li>\n<\/ul>\n<p>1x lasikansi 50mm rei\u00e4ll\u00e4<br \/>\n1x akryylirengas 50mm 27mm reik\u00e4\u00e4n<br \/>\n1x formikaarion pohja 30\u00d730<br \/>\n2x ritil\u00e4korkki - 16mm - ruostumatonta ter\u00e4st\u00e4<br \/>\n1x ritil\u00e4kotelo - 27mm - ruostumaton ter\u00e4s<\/p>\n<p><strong>Kuvaus:<\/strong> Kipsipes\u00e4mme, jossa on valmiiksi valmistettuja k\u00e4yt\u00e4vi\u00e4 ja kammioita, sopii monille muurahaislajeille, erityisesti lajeille, jotka rakentavat pes\u00e4ns\u00e4 hyvin hiekkaiseen tai kiviseen maaper\u00e4\u00e4n. Siin\u00e4 on reik\u00e4 pes\u00e4\u00e4n p\u00e4\u00e4sy\u00e4 varten. Kipsill\u00e4 on ominaisuus ime\u00e4 itseens\u00e4 vett\u00e4, joten tietty m\u00e4\u00e4r\u00e4 kosteutta varastoituu. Kipsipes\u00e4\u00e4 ei kuitenkaan pid\u00e4 k\u00e4ytt\u00e4\u00e4 pysyv\u00e4sti kosteana, koska muuten voi muodostua hometta (muurahaisten ruokaj\u00e4\u00e4mien tai ulosteiden vuoksi). Siksi melko kuivilta alueilta per\u00e4isin olevia lajeja olisi mahdollisuuksien mukaan pidett\u00e4v\u00e4 t\u00e4\u00e4ll\u00e4. T\u00e4llaisia olisivat esimerkiksi V\u00e4limeren tai aavikkoalueiden lajit.<\/p>\n<p><strong>Huom:<\/strong> Rakenteensa vuoksi ne eiv\u00e4t sovellu hyvin pienille lajeille (esim. Pheidole- ja Temnothorax-lajit), sill\u00e4 niiss\u00e4 voi esiinty\u00e4 0,3-0,5 mm:n aukkoja.<\/p>\n<p><strong>Huomautus liit\u00e4nt\u00e4pistokkeista<\/strong><br \/>\nKun kiinnit\u00e4t tai irrotat letkuja, ota huomioon seuraavat asiat:<br \/>\nJos putkea on hyvin vaikea sovittaa liit\u00e4nt\u00e4muhviin, muhvi on hierottava kevyesti pisaralla irtoamissuoja\u00f6ljy\u00e4 tai -jauhetta. T\u00e4m\u00e4n j\u00e4lkeen letku on ty\u00f6nnett\u00e4v\u00e4 pistorasiaan kiert\u00e4m\u00e4ll\u00e4 tai ruuvaamalla ilman, ett\u00e4 pistorasiaa rasitetaan yl\u00f6s- ja alasp\u00e4in suuntautuvilla liikkeill\u00e4. Sama p\u00e4tee, kun letkut irrotetaan maatilan liit\u00e4nt\u00e4muhvista. \u00c4l\u00e4 yksinkertaisesti ved\u00e4 sit\u00e4 irti!<\/p>","protected":false},"excerpt":{"rendered":"<p>Toimitus mahdollista vain GO! kautta Saksan sis\u00e4ll\u00e4 tai paletin kautta Euroopan sis\u00e4ll\u00e4 (ei saarilla) Mitat: Materiaali: Kipsipes\u00e4: 290 x 290 x 50mm Lasikansi: 279 x 279 x 4mm:  1x kipsinpes\u00e4 30x30 kahdella liit\u00e4nt\u00e4muhvilla L 14\/16\/18\/20 x 20mm 14\/10 letku ty\u00f6nnet\u00e4\u00e4n tiukasti 14mm muhviin.","protected":false},"featured_media":9683,"comment_status":"open","ping_status":"closed","template":"","meta":{"_acf_changed":false,"content-type":"","_monsterinsights_skip_tracking":false,"_monsterinsights_sitenote_active":false,"_monsterinsights_sitenote_note":"","_monsterinsights_sitenote_category":0},"product_brand":[],"product_cat":[80,83],"product_tag":[],"class_list":{"0":"post-9247","1":"product","2":"type-product","3":"status-publish","4":"has-post-thumbnail","6":"product_cat-antfarms","7":"product_cat-antfarms-l","9":"first","10":"instock","11":"taxable","12":"shipping-taxable","13":"purchasable","14":"product-type-simple"},"acf":[],"aioseo_notices":[],"jetpack_sharing_enabled":true,"_links":{"self":[{"href":"https:\/\/antcube.shop\/fi\/wp-json\/wp\/v2\/product\/9247","targetHints":{"allow":["GET"]}}],"collection":[{"href":"https:\/\/antcube.shop\/fi\/wp-json\/wp\/v2\/product"}],"about":[{"href":"https:\/\/antcube.shop\/fi\/wp-json\/wp\/v2\/types\/product"}],"replies":[{"embeddable":true,"href":"https:\/\/antcube.shop\/fi\/wp-json\/wp\/v2\/comments?post=9247"}],"wp:featuredmedia":[{"embeddable":true,"href":"https:\/\/antcube.shop\/fi\/wp-json\/wp\/v2\/media\/9683"}],"wp:attachment":[{"href":"https:\/\/antcube.shop\/fi\/wp-json\/wp\/v2\/media?parent=9247"}],"wp:term":[{"taxonomy":"product_brand","embeddable":true,"href":"https:\/\/antcube.shop\/fi\/wp-json\/wp\/v2\/product_brand?post=9247"},{"taxonomy":"product_cat","embeddable":true,"href":"https:\/\/antcube.shop\/fi\/wp-json\/wp\/v2\/product_cat?post=9247"},{"taxonomy":"product_tag","embeddable":true,"href":"https:\/\/antcube.shop\/fi\/wp-json\/wp\/v2\/product_tag?post=9247"}],"curies":[{"name":"wp","href":"https:\/\/api.w.org\/{rel}","templated":true}]}}