{"id":9246,"date":"2024-09-17T14:41:57","date_gmt":"2024-09-17T12:41:57","guid":{"rendered":"https:\/\/antcube.shop\/en\/product\/antcube-gipsnest-60x30-stehend\/"},"modified":"2026-03-03T21:23:18","modified_gmt":"2026-03-03T20:23:18","slug":"muurahaiskuutio-kipsipesa-60x30-pystysuorassa","status":"publish","type":"product","link":"https:\/\/antcube.shop\/fi\/tuote\/muurahaiskuutio-kipsipesa-60x30-pystysuorassa\/","title":{"rendered":"ANTCUBE - Kipsipes\u00e4 60\u00d730 - pystyasennossa"},"content":{"rendered":"<p><span data-text-color=\"alert\"><strong>Toimitus mahdollista vain GO! kautta Saksan sis\u00e4puolella tai paletin kautta Euroopan sis\u00e4ll\u00e4 (ei saarilla).<\/strong><\/span><\/p>\n<p><strong>Mitat:<\/strong> 582 x 239 x 45,5 mm<\/p>\n<p><strong>Materiaali:<\/strong> Kipsi<\/p>\n<p>Sopii vain meid\u00e4n muurahaisfarmien kokoiseen kokoon <span style=\"font-size: 10.5pt; font-family: Arial; color: #ff0000; background-color: transparent; font-weight: bold; font-style: normal; font-variant: normal; text-decoration: none; vertical-align: baseline;\">XL<\/span><\/p>\n<p><strong>Kuvaus:<\/strong> Kipsipes\u00e4mme, jossa on valmiiksi valmistettuja k\u00e4yt\u00e4vi\u00e4 ja kammioita, sopii monille muurahaislajeille, erityisesti lajeille, jotka rakentavat pes\u00e4ns\u00e4 hyvin hiekkaiseen tai kiviseen maaper\u00e4\u00e4n. Siin\u00e4 on reik\u00e4 pes\u00e4\u00e4n p\u00e4\u00e4sy\u00e4 varten. Kipsill\u00e4 on ominaisuus ime\u00e4 itseens\u00e4 vett\u00e4, joten tietty m\u00e4\u00e4r\u00e4 kosteutta varastoituu. Kipsipes\u00e4\u00e4 ei kuitenkaan pid\u00e4 k\u00e4ytt\u00e4\u00e4 pysyv\u00e4sti kosteana, koska muuten voi muodostua hometta (muurahaisten ruokaj\u00e4\u00e4mien tai ulosteiden vuoksi). Siksi melko kuivilta alueilta per\u00e4isin olevia lajeja olisi mahdollisuuksien mukaan pidett\u00e4v\u00e4 t\u00e4\u00e4ll\u00e4. T\u00e4llaisia olisivat esimerkiksi V\u00e4limeren tai aavikkoalueiden lajit.<\/p>","protected":false},"excerpt":{"rendered":"<p>Toimitus mahdollista vain GO! kautta Saksan sis\u00e4ll\u00e4 tai paletin kautta Euroopan sis\u00e4ll\u00e4 (ei saarilla) Mitat: Kuvaus: 582 x 239 x 45,5 mm Materiaali: kipsi Sopii vain muurahaispihoihimme koossa XL: Kipsipes\u00e4mme, jossa on valmiiksi valmistettuja k\u00e4yt\u00e4vi\u00e4 ja kammioita, sopii monille muurahaislajeille, erityisesti lajeille, jotka rakentavat","protected":false},"featured_media":9680,"comment_status":"open","ping_status":"closed","template":"","meta":{"_acf_changed":false,"content-type":"","_monsterinsights_skip_tracking":false,"_monsterinsights_sitenote_active":false,"_monsterinsights_sitenote_note":"","_monsterinsights_sitenote_category":0},"product_brand":[],"product_cat":[87,90],"product_tag":[],"class_list":{"0":"post-9246","1":"product","2":"type-product","3":"status-publish","4":"has-post-thumbnail","6":"product_cat-nest-insets","7":"product_cat-gypsum","9":"first","10":"instock","11":"taxable","12":"shipping-taxable","13":"purchasable","14":"product-type-simple"},"acf":[],"aioseo_notices":[],"jetpack_sharing_enabled":true,"_links":{"self":[{"href":"https:\/\/antcube.shop\/fi\/wp-json\/wp\/v2\/product\/9246","targetHints":{"allow":["GET"]}}],"collection":[{"href":"https:\/\/antcube.shop\/fi\/wp-json\/wp\/v2\/product"}],"about":[{"href":"https:\/\/antcube.shop\/fi\/wp-json\/wp\/v2\/types\/product"}],"replies":[{"embeddable":true,"href":"https:\/\/antcube.shop\/fi\/wp-json\/wp\/v2\/comments?post=9246"}],"wp:featuredmedia":[{"embeddable":true,"href":"https:\/\/antcube.shop\/fi\/wp-json\/wp\/v2\/media\/9680"}],"wp:attachment":[{"href":"https:\/\/antcube.shop\/fi\/wp-json\/wp\/v2\/media?parent=9246"}],"wp:term":[{"taxonomy":"product_brand","embeddable":true,"href":"https:\/\/antcube.shop\/fi\/wp-json\/wp\/v2\/product_brand?post=9246"},{"taxonomy":"product_cat","embeddable":true,"href":"https:\/\/antcube.shop\/fi\/wp-json\/wp\/v2\/product_cat?post=9246"},{"taxonomy":"product_tag","embeddable":true,"href":"https:\/\/antcube.shop\/fi\/wp-json\/wp\/v2\/product_tag?post=9246"}],"curies":[{"name":"wp","href":"https:\/\/api.w.org\/{rel}","templated":true}]}}