{"id":9240,"date":"2024-09-17T14:38:37","date_gmt":"2024-09-17T12:38:37","guid":{"rendered":"https:\/\/antcube.shop\/en\/product\/antcube-digfix-platte-60x30-m\/"},"modified":"2026-03-20T10:38:51","modified_gmt":"2026-03-20T09:38:51","slug":"antcube-digfix-platte-60x30-m","status":"publish","type":"product","link":"https:\/\/antcube.shop\/fi\/tuote\/antcube-digfix-platte-60x30-m\/","title":{"rendered":"ANTCUBE - Digfix-levy 60\u00d730 - M"},"content":{"rendered":"<p><span data-text-color=\"alert\"><strong>Toimitus mahdollista vain GO! kautta Saksan sis\u00e4puolella tai paletin kautta Euroopan sis\u00e4ll\u00e4 (ei saarilla).<\/strong><\/span><\/p>\n<p><strong>Mitat:<\/strong> 583x260x10 mm<\/p>\n<p><strong>Materiaali:<\/strong> Digfix<\/p>\n<p><strong>Kuvaus:<\/strong> Digfix-levy, joka on valmistettu kaivettavasta materiaalista, sopii t\u00e4ydellisesti ANTCUBE-muurahaisfarmeihimme. Sit\u00e4 voidaan k\u00e4ytt\u00e4\u00e4 sek\u00e4 kuivana ett\u00e4 m\u00e4rk\u00e4n\u00e4. Se sopii my\u00f6s monille muurahaislajeille, erityisesti hiekkaan ja (kuolleeseen) puuhun pesiville lajeille. Sit\u00e4 voidaan k\u00e4ytt\u00e4\u00e4 hiekka-saviseosten tai korkkipes\u00e4ainesten sijasta. Merkitt\u00e4v\u00e4 etu korkkipesiin verrattuna on, ett\u00e4 Digfix ei homehdu edes m\u00e4rk\u00e4n\u00e4. T\u00e4m\u00e4 tarkoittaa, ett\u00e4 muurahaislajit, joilla on suuri kosteuden tarve, voivat helposti saada riitt\u00e4v\u00e4sti vett\u00e4. Digfixin etuna on my\u00f6s se, ett\u00e4 kaivavat muurahaislajit eiv\u00e4t likaa pes\u00e4ns\u00e4 lasilevyj\u00e4 kaivettaessa, jolloin pes\u00e4\u00e4n on t\u00e4ydellinen n\u00e4kyvyys.<\/p>\n<p><strong>Huom:<\/strong> Luonnollinen v\u00e4ri voi vaihdella vihre\u00e4n\/harmaanruskean ja maanruskean v\u00e4lill\u00e4. V\u00e4ris\u00e4vyll\u00e4 ei ole vaikutusta laatuun.<br \/>\nValmistusprosessista johtuen mitat voivat vaihdella +\/- 1 mm.<\/p>","protected":false},"excerpt":{"rendered":"<p>Koko:<strong><span style=\"color: #339966;\"> M<\/span><\/strong><\/p>","protected":false},"featured_media":9668,"comment_status":"open","ping_status":"closed","template":"","meta":{"_acf_changed":false,"content-type":"","_monsterinsights_skip_tracking":false,"_monsterinsights_sitenote_active":false,"_monsterinsights_sitenote_note":"","_monsterinsights_sitenote_category":0},"product_brand":[],"product_cat":[87,88],"product_tag":[],"class_list":{"0":"post-9240","1":"product","2":"type-product","3":"status-publish","4":"has-post-thumbnail","6":"product_cat-nest-insets","7":"product_cat-digfix","9":"first","10":"instock","11":"taxable","12":"shipping-taxable","13":"purchasable","14":"product-type-simple"},"acf":[],"aioseo_notices":[],"jetpack_sharing_enabled":true,"_links":{"self":[{"href":"https:\/\/antcube.shop\/fi\/wp-json\/wp\/v2\/product\/9240","targetHints":{"allow":["GET"]}}],"collection":[{"href":"https:\/\/antcube.shop\/fi\/wp-json\/wp\/v2\/product"}],"about":[{"href":"https:\/\/antcube.shop\/fi\/wp-json\/wp\/v2\/types\/product"}],"replies":[{"embeddable":true,"href":"https:\/\/antcube.shop\/fi\/wp-json\/wp\/v2\/comments?post=9240"}],"wp:featuredmedia":[{"embeddable":true,"href":"https:\/\/antcube.shop\/fi\/wp-json\/wp\/v2\/media\/9668"}],"wp:attachment":[{"href":"https:\/\/antcube.shop\/fi\/wp-json\/wp\/v2\/media?parent=9240"}],"wp:term":[{"taxonomy":"product_brand","embeddable":true,"href":"https:\/\/antcube.shop\/fi\/wp-json\/wp\/v2\/product_brand?post=9240"},{"taxonomy":"product_cat","embeddable":true,"href":"https:\/\/antcube.shop\/fi\/wp-json\/wp\/v2\/product_cat?post=9240"},{"taxonomy":"product_tag","embeddable":true,"href":"https:\/\/antcube.shop\/fi\/wp-json\/wp\/v2\/product_tag?post=9240"}],"curies":[{"name":"wp","href":"https:\/\/api.w.org\/{rel}","templated":true}]}}