{"id":9236,"date":"2024-09-17T14:31:58","date_gmt":"2024-09-17T12:31:58","guid":{"rendered":"https:\/\/antcube.shop\/en\/product\/ameisenarena-rahmen-20x10\/"},"modified":"2026-03-31T12:29:33","modified_gmt":"2026-03-31T10:29:33","slug":"muurahaisareenan-runko-20x10","status":"publish","type":"product","link":"https:\/\/antcube.shop\/fi\/tuote\/muurahaisareenan-runko-20x10\/","title":{"rendered":"Muurahaisareenan kehys 20\u00d710"},"content":{"rendered":"<p><strong>Mitat (LxSxK):<\/strong> 20x10x0.4 cm<\/p>\n<p><strong>Materiaali:<\/strong> Float-lasi<\/p>\n<p><strong>V\u00e4ri:<\/strong> kirkas \/ l\u00e4pin\u00e4kyv\u00e4<\/p>\n<p><strong>Sis\u00e4lt\u00f6:<\/strong><br \/>\n1x Muurahaisareenan kehys<\/p>\n<p><strong>Kuvaus:<\/strong><br \/>\nMuurahaisareenan lasikehys pakosuojaksi.<\/p>\n<p><strong>Sovellus:<\/strong><br \/>\nMuurahaisareenan kehys on lasista valmistettu kehys, joka asetetaan muurahaisareenan p\u00e4\u00e4lle ja joka on varustettu alareunan puolelta murtumissuojalla (\u00f6ljyll\u00e4, jauheella tai lakalla) muurahaisten murtumisen est\u00e4miseksi.<\/p>\n<p><strong>Ilmoitus:<\/strong><br \/>\nKoska esine on valmistettu lasista ja on siksi herkk\u00e4, sit\u00e4 on k\u00e4sitelt\u00e4v\u00e4 eritt\u00e4in varovasti. Lasi leikataan DIN 1249 -standardin mukaisesti +\/- 1 mm:n toleranssilla. Eritt\u00e4in pienten muurahaislajien kohdalla ylim\u00e4\u00e4r\u00e4inen murtumissuojaus on v\u00e4ltt\u00e4m\u00e4t\u00f6n.<\/p>","protected":false},"excerpt":{"rendered":"<p>Mitat (LxSxK): 60x30x0,4 cm Materiaali: Materiaali: Float-lasi V\u00e4ri: kirkas \/ l\u00e4pin\u00e4kyv\u00e4 Materiaali: Float-lasi Kuvaus: 1x Muurahaisareenan kehys: Lasista valmistettu kehys muurahaisareenalle pakosuojaksi. Sovellus: Muurahaisareenan kehys on lasista valmistettu kehys, joka sijoitetaan muurahaisareenalle ja joka on varustettu pakosuojan (\u00f6ljy, jauhe","protected":false},"featured_media":9498,"comment_status":"open","ping_status":"closed","template":"","meta":{"_acf_changed":false,"content-type":"","_monsterinsights_skip_tracking":false,"_monsterinsights_sitenote_active":false,"_monsterinsights_sitenote_note":"","_monsterinsights_sitenote_category":0},"product_brand":[],"product_cat":[91,93],"product_tag":[],"class_list":{"0":"post-9236","1":"product","2":"type-product","3":"status-publish","4":"has-post-thumbnail","6":"product_cat-formicarium-modules","7":"product_cat-arena-frame","9":"first","10":"instock","11":"taxable","12":"shipping-taxable","13":"purchasable","14":"product-type-simple"},"acf":[],"aioseo_notices":[],"jetpack_sharing_enabled":true,"_links":{"self":[{"href":"https:\/\/antcube.shop\/fi\/wp-json\/wp\/v2\/product\/9236","targetHints":{"allow":["GET"]}}],"collection":[{"href":"https:\/\/antcube.shop\/fi\/wp-json\/wp\/v2\/product"}],"about":[{"href":"https:\/\/antcube.shop\/fi\/wp-json\/wp\/v2\/types\/product"}],"replies":[{"embeddable":true,"href":"https:\/\/antcube.shop\/fi\/wp-json\/wp\/v2\/comments?post=9236"}],"wp:featuredmedia":[{"embeddable":true,"href":"https:\/\/antcube.shop\/fi\/wp-json\/wp\/v2\/media\/9498"}],"wp:attachment":[{"href":"https:\/\/antcube.shop\/fi\/wp-json\/wp\/v2\/media?parent=9236"}],"wp:term":[{"taxonomy":"product_brand","embeddable":true,"href":"https:\/\/antcube.shop\/fi\/wp-json\/wp\/v2\/product_brand?post=9236"},{"taxonomy":"product_cat","embeddable":true,"href":"https:\/\/antcube.shop\/fi\/wp-json\/wp\/v2\/product_cat?post=9236"},{"taxonomy":"product_tag","embeddable":true,"href":"https:\/\/antcube.shop\/fi\/wp-json\/wp\/v2\/product_tag?post=9236"}],"curies":[{"name":"wp","href":"https:\/\/api.w.org\/{rel}","templated":true}]}}