{"id":9234,"date":"2024-09-17T14:31:14","date_gmt":"2024-09-17T12:31:14","guid":{"rendered":"https:\/\/antcube.shop\/en\/product\/ameisenarena-lufter-50mm\/"},"modified":"2026-04-02T12:12:12","modified_gmt":"2026-04-02T10:12:12","slug":"ameisenarena-lufter-50mm","status":"publish","type":"product","link":"https:\/\/antcube.shop\/fi\/tuote\/ameisenarena-lufter-50mm\/","title":{"rendered":"Ant Arena - tuuletin 50mm"},"content":{"rendered":"<p><span data-text-color=\"alert\"><strong>Toimitus mahdollista vain Saksassa!<\/strong><\/span><\/p>\n<p><strong>Sis\u00e4lt\u00f6:<\/strong><br \/>\n- Tuuletin 42mm<br \/>\n- S\u00e4leikk\u00f6 50 mm - l\u00e4pin\u00e4kyv\u00e4<br \/>\n- Pistoke \/ liitin<\/p>\n<p><strong>Tekniset tiedot:<\/strong><br \/>\nTeho: 1W<br \/>\nJ\u00e4nnite: 12V<br \/>\nKaapelin pituus: 10 cm<br \/>\nL\u00e4mp\u00f6tila-alue -10 - +60 \u00b0C<br \/>\nK\u00e4ytt\u00f6ik\u00e4 50 000 h<br \/>\nIlmavirta 10 m\u00b3\/h (s\u00e4leik\u00f6n kiinnityksen yhteydess\u00e4 virtausnopeus pienenee aukon koon mukaan).<\/p>\n<p><strong>Materiaali:<\/strong> muovi<\/p>\n<p><strong>V\u00e4ri:<\/strong> valkoinen \/ l\u00e4pin\u00e4kyv\u00e4<\/p>\n<p><strong>Kuvaus:<\/strong><br \/>\nT\u00e4m\u00e4 tuuletin voidaan kytke\u00e4 suoraan muurahaisareenan kanteen muurahaisareenan tuulettamiseksi.<\/p>\n<p><strong>Ymp\u00e4rist\u00f6tiedot:<\/strong><br \/>\nErityist\u00e4 h\u00e4vitt\u00e4mist\u00e4 voidaan vaatia. Ota yhteytt\u00e4 paikallisiin viranomaisiin.<br \/>\nLis\u00e4tietoja:<\/p>\n<blockquote class=\"wp-embedded-content\" data-secret=\"E5wsFkHgL8\"><p><a href=\"https:\/\/antcube.shop\/en\/electrical-devices-act\/\">Laki s\u00e4hk\u00f6laitteista<\/a><\/p><\/blockquote>\n<p><iframe loading=\"lazy\" class=\"wp-embedded-content\" sandbox=\"allow-scripts\" security=\"restricted\" style=\"position: absolute; visibility: hidden;\" title=\"&quot;Laki s\u00e4hk\u00f6laitteista&quot; - ANTCUBE\" src=\"https:\/\/antcube.shop\/en\/electrical-devices-act\/embed\/#?secret=BvHuHVTyVI#?secret=E5wsFkHgL8\" data-secret=\"E5wsFkHgL8\" width=\"600\" height=\"338\" frameborder=\"0\" marginwidth=\"0\" marginheight=\"0\" scrolling=\"no\"><\/iframe><\/p>\n<p>&nbsp;<\/p>\n<p>T\u00e4m\u00e4 tuote on rekister\u00f6ity WEEE-asetuksen mukaisesti. DE 54590387.<\/p>\n<p>&nbsp;<\/p>","protected":false},"excerpt":{"rendered":"<p>Toimitus mahdollista vain Saksassa! Sis\u00e4lt\u00f6: - Tuuletin 42mm - S\u00e4leikk\u00f6 50 mm - l\u00e4pin\u00e4kyv\u00e4 - Pistoke \/ liitin Tekniset tiedot: Teho: 1W J\u00e4nnite: 12V Kaapelin pituus: 10 cm L\u00e4mp\u00f6tila-alue -10 - +60 \u00b0C K\u00e4ytt\u00f6ik\u00e4 50 000 h Ilmavirta 10 m\u00b3\/h (s\u00e4leikk\u00f6liit\u00e4nn\u00e4n kanssa virtausnopeus pienenee riippuen [...]","protected":false},"featured_media":9512,"comment_status":"open","ping_status":"closed","template":"","meta":{"_acf_changed":false,"content-type":"","_monsterinsights_skip_tracking":false,"_monsterinsights_sitenote_active":false,"_monsterinsights_sitenote_note":"","_monsterinsights_sitenote_category":0},"product_brand":[],"product_cat":[359,119],"product_tag":[],"class_list":{"0":"post-9234","1":"product","2":"type-product","3":"status-publish","4":"has-post-thumbnail","6":"product_cat-light-heat-humidity","7":"product_cat-formicarium-components","9":"first","10":"instock","11":"taxable","12":"shipping-taxable","13":"purchasable","14":"product-type-simple"},"acf":[],"aioseo_notices":[],"jetpack_sharing_enabled":true,"_links":{"self":[{"href":"https:\/\/antcube.shop\/fi\/wp-json\/wp\/v2\/product\/9234","targetHints":{"allow":["GET"]}}],"collection":[{"href":"https:\/\/antcube.shop\/fi\/wp-json\/wp\/v2\/product"}],"about":[{"href":"https:\/\/antcube.shop\/fi\/wp-json\/wp\/v2\/types\/product"}],"replies":[{"embeddable":true,"href":"https:\/\/antcube.shop\/fi\/wp-json\/wp\/v2\/comments?post=9234"}],"wp:featuredmedia":[{"embeddable":true,"href":"https:\/\/antcube.shop\/fi\/wp-json\/wp\/v2\/media\/9512"}],"wp:attachment":[{"href":"https:\/\/antcube.shop\/fi\/wp-json\/wp\/v2\/media?parent=9234"}],"wp:term":[{"taxonomy":"product_brand","embeddable":true,"href":"https:\/\/antcube.shop\/fi\/wp-json\/wp\/v2\/product_brand?post=9234"},{"taxonomy":"product_cat","embeddable":true,"href":"https:\/\/antcube.shop\/fi\/wp-json\/wp\/v2\/product_cat?post=9234"},{"taxonomy":"product_tag","embeddable":true,"href":"https:\/\/antcube.shop\/fi\/wp-json\/wp\/v2\/product_tag?post=9234"}],"curies":[{"name":"wp","href":"https:\/\/api.w.org\/{rel}","templated":true}]}}