{"id":9233,"date":"2024-09-17T14:30:50","date_gmt":"2024-09-17T12:30:50","guid":{"rendered":"https:\/\/antcube.shop\/en\/product\/ameisenarena-lufter-set-50mm-mit-netzgerat\/"},"modified":"2026-04-02T18:12:07","modified_gmt":"2026-04-02T16:12:07","slug":"ant-arena-tuuletinsarja-50mm-virtalahteen-kanssa","status":"publish","type":"product","link":"https:\/\/antcube.shop\/fi\/tuote\/ant-arena-tuuletinsarja-50mm-virtalahteen-kanssa\/","title":{"rendered":"Ant Arena - tuuletinsarja 50mm virtal\u00e4hteen kanssa"},"content":{"rendered":"<p><span data-text-color=\"alert\"><strong>Toimitus mahdollista vain Saksassa!<\/strong><\/span><\/p>\n<p><strong>Sis\u00e4lt\u00f6:<\/strong><br \/>\n- Tuuletin 42mm<br \/>\n- s\u00e4leikk\u00f6elementiss\u00e4 50mm - l\u00e4pin\u00e4kyv\u00e4<br \/>\n- Virtal\u00e4hde<br \/>\n- Pistoke \/ liitin<\/p>\n<p><strong>Tekniset tiedot:<\/strong><br \/>\nVirtal\u00e4hteen l\u00e4ht\u00f6: (12W)<br \/>\nJ\u00e4nnitetulo: V-240V<br \/>\nJ\u00e4nnitteen ulostulo: 5V<br \/>\nKaapelin pituus: 10 cm (tuuletin)<br \/>\nKaapelin pituus: 90 cm (virtal\u00e4hde)<br \/>\nTehotuuletin 1 W<br \/>\nL\u00e4mp\u00f6tila-alue -10 - +60 \u00b0C<br \/>\nK\u00e4ytt\u00f6ik\u00e4 50 000 h<br \/>\nIlmavirta 10 m\u00b3\/h (s\u00e4leik\u00f6n kiinnityksen yhteydess\u00e4 virtausnopeus pienenee aukon koon mukaan).<\/p>\n<p><strong>Mitat:<\/strong> 5 x 5 x 1 cm (tuuletin)<\/p>\n<p><strong>Materiaali:<\/strong> muovi<\/p>\n<p><strong>V\u00e4ri:<\/strong> l\u00e4pin\u00e4kyv\u00e4, l\u00e4pikuultava (tuuletin); musta (virtal\u00e4hdeyksikk\u00f6)<\/p>\n<p><strong>Kuvaus:<\/strong><br \/>\nIlmanvaihto on erityisen t\u00e4rke\u00e4\u00e4, jotta formikaarioon saadaan mahdollisimman luonnollinen ilmasto ja estet\u00e4\u00e4n homeen kasvu. Tuuletin voidaan asentaa joko nelj\u00e4ll\u00e4 ruuviaukolla tai se on kiinnitett\u00e4v\u00e4 silikonilla tai muoviliimalla. Moottori k\u00e4y l\u00e4hes \u00e4\u00e4nett\u00f6m\u00e4sti ja t\u00e4rin\u00e4tt\u00f6m\u00e4sti.<\/p>\n<p><strong>Ymp\u00e4rist\u00f6tiedot:<\/strong><br \/>\nErityist\u00e4 h\u00e4vitt\u00e4mist\u00e4 voidaan vaatia. Ota yhteytt\u00e4 paikallisiin viranomaisiin.<br \/>\nLis\u00e4tietoja:<\/p>\n<blockquote class=\"wp-embedded-content\" data-secret=\"jOGF5OPQCF\"><p><a href=\"https:\/\/antcube.shop\/en\/electrical-devices-act\/\">Laki s\u00e4hk\u00f6laitteista<\/a><\/p><\/blockquote>\n<p><iframe loading=\"lazy\" class=\"wp-embedded-content\" sandbox=\"allow-scripts\" security=\"restricted\" style=\"position: absolute; visibility: hidden;\" title=\"&quot;Laki s\u00e4hk\u00f6laitteista&quot; - ANTCUBE\" src=\"https:\/\/antcube.shop\/en\/electrical-devices-act\/embed\/#?secret=NfRYQNwKWB#?secret=jOGF5OPQCF\" data-secret=\"jOGF5OPQCF\" width=\"600\" height=\"338\" frameborder=\"0\" marginwidth=\"0\" marginheight=\"0\" scrolling=\"no\"><\/iframe><\/p>","protected":false},"excerpt":{"rendered":"<p>Shipping only possible in Germany! Contents: &#8211; Fan 42mm &#8211; on grille insert 50mm &#8211; transparent &#8211; Power supply unit &#8211; Plug \/ connector Technical specifications: Power supply unit output: 2.5 A (12W) Voltage input: 100V-240V Voltage output: 5V Cable length: 10 cm (fan) Cable length: 90 cm (power supply unit) Power fan 1 W [&#8230;]","protected":false},"featured_media":9507,"comment_status":"open","ping_status":"closed","template":"","meta":{"_acf_changed":false,"content-type":"","_monsterinsights_skip_tracking":false,"_monsterinsights_sitenote_active":false,"_monsterinsights_sitenote_note":"","_monsterinsights_sitenote_category":0},"product_brand":[],"product_cat":[359,119],"product_tag":[],"class_list":{"0":"post-9233","1":"product","2":"type-product","3":"status-publish","4":"has-post-thumbnail","6":"product_cat-light-heat-humidity","7":"product_cat-formicarium-components","9":"first","10":"outofstock","11":"taxable","12":"shipping-taxable","13":"purchasable","14":"product-type-simple"},"acf":[],"aioseo_notices":[],"jetpack_sharing_enabled":true,"_links":{"self":[{"href":"https:\/\/antcube.shop\/fi\/wp-json\/wp\/v2\/product\/9233","targetHints":{"allow":["GET"]}}],"collection":[{"href":"https:\/\/antcube.shop\/fi\/wp-json\/wp\/v2\/product"}],"about":[{"href":"https:\/\/antcube.shop\/fi\/wp-json\/wp\/v2\/types\/product"}],"replies":[{"embeddable":true,"href":"https:\/\/antcube.shop\/fi\/wp-json\/wp\/v2\/comments?post=9233"}],"wp:featuredmedia":[{"embeddable":true,"href":"https:\/\/antcube.shop\/fi\/wp-json\/wp\/v2\/media\/9507"}],"wp:attachment":[{"href":"https:\/\/antcube.shop\/fi\/wp-json\/wp\/v2\/media?parent=9233"}],"wp:term":[{"taxonomy":"product_brand","embeddable":true,"href":"https:\/\/antcube.shop\/fi\/wp-json\/wp\/v2\/product_brand?post=9233"},{"taxonomy":"product_cat","embeddable":true,"href":"https:\/\/antcube.shop\/fi\/wp-json\/wp\/v2\/product_cat?post=9233"},{"taxonomy":"product_tag","embeddable":true,"href":"https:\/\/antcube.shop\/fi\/wp-json\/wp\/v2\/product_tag?post=9233"}],"curies":[{"name":"wp","href":"https:\/\/api.w.org\/{rel}","templated":true}]}}