{"id":9226,"date":"2024-09-17T14:28:07","date_gmt":"2024-09-17T12:28:07","guid":{"rendered":"https:\/\/antcube.shop\/en\/product\/antcube-ameisenarenaeinsatz-l-40x20\/"},"modified":"2026-03-05T09:26:11","modified_gmt":"2026-03-05T08:26:11","slug":"antcube-ant-arena-insertti-l-40x20","status":"publish","type":"product","link":"https:\/\/antcube.shop\/fi\/tuote\/antcube-ant-arena-insertti-l-40x20\/","title":{"rendered":"ANTCUBE muurahaisareena - L - 20\u00d720 - 20\u00d720"},"content":{"rendered":"<p><strong>Mitat:<\/strong><br \/>\nUlkopuoli: 390 x 28 x 176 mm<br \/>\nsis\u00e4pinta: 384 x 20 x 169 mm<\/p>\n<p><strong>Materiaali:<\/strong> float-lasi<\/p>\n<p><strong>V\u00e4ri:<\/strong> l\u00e4pin\u00e4kyv\u00e4<\/p>\n<p><strong>Sis\u00e4lt\u00f6:<\/strong><br \/>\n1x muurahaisareenan insertti<br \/>\n1x kansi<br \/>\n1x kiinnityspisteet 2 kpl.<\/p>\n<p><strong>Kuvaus:<\/strong><br \/>\nT\u00e4m\u00e4 pes\u00e4paikka voidaan sijoittaa ANTCUBE-muurahaisareenaan ja t\u00e4ytt\u00e4\u00e4 kaivettavalla materiaalilla (esim. hiekka-saviseoksella tai Digfixill\u00e4). Erityispiirteen\u00e4 on, ett\u00e4 se voidaan helposti poistaa areenasta esim. muurahaisten talvehtimista varten. Alaosassa on kaksi 10 mm:n reik\u00e4\u00e4 sis\u00e4\u00e4n- ja ulosp\u00e4\u00e4sy\u00e4 sek\u00e4 ilmanvaihtoa varten. Ne voidaan sulkea 10 mm:n tulpilla talvehtimista varten (n\u00e4m\u00e4 eiv\u00e4t sis\u00e4lly toimitukseen).<\/p>\n<p><strong>Huom:<\/strong> Lasi leikataan DIN 1249 -standardin mukaisesti +\/- 1 mm:n toleranssilla. Eritt\u00e4in pienten muurahaislajien kohdalla on v\u00e4ltt\u00e4m\u00e4t\u00f6nt\u00e4 k\u00e4ytt\u00e4\u00e4 lis\u00e4suojaa.<\/p>","protected":false},"excerpt":{"rendered":"<p>Koko: <span style=\"color: #0000ff;\"><strong>L<\/strong><\/span><\/p>","protected":false},"featured_media":9529,"comment_status":"open","ping_status":"closed","template":"","meta":{"_acf_changed":false,"content-type":"","_monsterinsights_skip_tracking":false,"_monsterinsights_sitenote_active":false,"_monsterinsights_sitenote_note":"","_monsterinsights_sitenote_category":0},"product_brand":[],"product_cat":[91,94],"product_tag":[],"class_list":{"0":"post-9226","1":"product","2":"type-product","3":"status-publish","4":"has-post-thumbnail","6":"product_cat-formicarium-modules","7":"product_cat-arena-inset","9":"first","10":"instock","11":"taxable","12":"shipping-taxable","13":"purchasable","14":"product-type-simple"},"acf":[],"aioseo_notices":[],"jetpack_sharing_enabled":true,"_links":{"self":[{"href":"https:\/\/antcube.shop\/fi\/wp-json\/wp\/v2\/product\/9226","targetHints":{"allow":["GET"]}}],"collection":[{"href":"https:\/\/antcube.shop\/fi\/wp-json\/wp\/v2\/product"}],"about":[{"href":"https:\/\/antcube.shop\/fi\/wp-json\/wp\/v2\/types\/product"}],"replies":[{"embeddable":true,"href":"https:\/\/antcube.shop\/fi\/wp-json\/wp\/v2\/comments?post=9226"}],"wp:featuredmedia":[{"embeddable":true,"href":"https:\/\/antcube.shop\/fi\/wp-json\/wp\/v2\/media\/9529"}],"wp:attachment":[{"href":"https:\/\/antcube.shop\/fi\/wp-json\/wp\/v2\/media?parent=9226"}],"wp:term":[{"taxonomy":"product_brand","embeddable":true,"href":"https:\/\/antcube.shop\/fi\/wp-json\/wp\/v2\/product_brand?post=9226"},{"taxonomy":"product_cat","embeddable":true,"href":"https:\/\/antcube.shop\/fi\/wp-json\/wp\/v2\/product_cat?post=9226"},{"taxonomy":"product_tag","embeddable":true,"href":"https:\/\/antcube.shop\/fi\/wp-json\/wp\/v2\/product_tag?post=9226"}],"curies":[{"name":"wp","href":"https:\/\/api.w.org\/{rel}","templated":true}]}}