{"id":9220,"date":"2024-09-17T14:25:41","date_gmt":"2024-09-17T12:25:41","guid":{"rendered":"https:\/\/antcube.shop\/en\/product\/antcube-ameisenfarm-m-60x30-stehend\/"},"modified":"2026-03-20T10:38:52","modified_gmt":"2026-03-20T09:38:52","slug":"antcube-ant-farm-m-60x30-pystyasennossa","status":"publish","type":"product","link":"https:\/\/antcube.shop\/fi\/tuote\/antcube-ant-farm-m-60x30-pystyasennossa\/","title":{"rendered":"ANTCUBE - Muurahaisfarmi - XL - 30\u00d730 - pystyasennossa"},"content":{"rendered":"<p><strong>Mitat (LxSxK):<\/strong><br \/>\nUlkopuoli: 632x58x299 mm<br \/>\nsis\u00e4pinta: 584x10x290 mm<\/p>\n<p><strong>Materiaali:<\/strong><br \/>\nFloat-lasi, muovi<\/p>\n<p><strong>v\u00e4ri:<\/strong><br \/>\nkristallinkirkas<\/p>\n<p><strong>Sis\u00e4lt\u00f6:<\/strong><br \/>\n1x ANTCUBE muurahaisfarmi - 10mm levyjen v\u00e4limatka<br \/>\n1x muurahaiskasvatuksen suojus M 60\u00d72<br \/>\n2x tulpat 4mm<\/p>\n<p><strong>Yhteys:<\/strong><br \/>\n2x 8\/10 x 10mm hylsy<br \/>\n2x 4mm reiki\u00e4 4mm tulpilla<\/p>\n<p><strong>Kuvaus:<\/strong><br \/>\nT\u00e4m\u00e4 t\u00e4ysin l\u00e4pin\u00e4kyv\u00e4 muurahaisfarmi sopii M-kokoisille muurahaislajeille.<\/p>\n<p><strong>Tuotantoa koskevat huomautukset<\/strong><br \/>\nLasi on leikattu DIN 1249 -standardin mukaisesti +\/;- 1 mm:n toleranssilla. Eritt\u00e4in pienille muurahaislajeille tarvitaan ylim\u00e4\u00e4r\u00e4inen muurahaispoistosuoja.<\/p>\n<p><strong>Tilaa koskeva huomautus<\/strong><br \/>\nKun kiinnit\u00e4t tai irrotat letkuja, ota huomioon seuraavat asiat:<br \/>\nJos putkea on hyvin vaikea sovittaa liit\u00e4nt\u00e4muhviin, muhvi on hierottava kevyesti pisaralla irtoamissuoja\u00f6ljy\u00e4 tai -jauhetta. T\u00e4m\u00e4n j\u00e4lkeen letku on ty\u00f6nnett\u00e4v\u00e4 pistorasiaan kiert\u00e4m\u00e4ll\u00e4 tai ruuvaamalla ilman, ett\u00e4 pistorasiaa rasitetaan yl\u00f6s- ja alasp\u00e4in suuntautuvilla liikkeill\u00e4. Sama p\u00e4tee, kun letkut irrotetaan maatilan liit\u00e4nt\u00e4muhvista. \u00c4l\u00e4 yksinkertaisesti ved\u00e4 sit\u00e4 irti!<\/p>","protected":false},"excerpt":{"rendered":"<p><strong>Yhteys:<\/strong> Pistorasia 2x 8\/10 mm + kansi Levyjen v\u00e4li: Sis\u00e4puolella 10 mm \/ ulkopuolella 18 mm<\/p>\n<p><strong>Koko:<\/strong> M<\/p>","protected":false},"featured_media":9542,"comment_status":"open","ping_status":"closed","template":"","meta":{"_acf_changed":false,"content-type":"","_monsterinsights_skip_tracking":false,"_monsterinsights_sitenote_active":false,"_monsterinsights_sitenote_note":"","_monsterinsights_sitenote_category":0},"product_brand":[],"product_cat":[80,82],"product_tag":[],"class_list":{"0":"post-9220","1":"product","2":"type-product","3":"status-publish","4":"has-post-thumbnail","6":"product_cat-antfarms","7":"product_cat-antfarms-m","9":"first","10":"instock","11":"taxable","12":"shipping-taxable","13":"purchasable","14":"product-type-simple"},"acf":[],"aioseo_notices":[],"jetpack_sharing_enabled":true,"_links":{"self":[{"href":"https:\/\/antcube.shop\/fi\/wp-json\/wp\/v2\/product\/9220","targetHints":{"allow":["GET"]}}],"collection":[{"href":"https:\/\/antcube.shop\/fi\/wp-json\/wp\/v2\/product"}],"about":[{"href":"https:\/\/antcube.shop\/fi\/wp-json\/wp\/v2\/types\/product"}],"replies":[{"embeddable":true,"href":"https:\/\/antcube.shop\/fi\/wp-json\/wp\/v2\/comments?post=9220"}],"wp:featuredmedia":[{"embeddable":true,"href":"https:\/\/antcube.shop\/fi\/wp-json\/wp\/v2\/media\/9542"}],"wp:attachment":[{"href":"https:\/\/antcube.shop\/fi\/wp-json\/wp\/v2\/media?parent=9220"}],"wp:term":[{"taxonomy":"product_brand","embeddable":true,"href":"https:\/\/antcube.shop\/fi\/wp-json\/wp\/v2\/product_brand?post=9220"},{"taxonomy":"product_cat","embeddable":true,"href":"https:\/\/antcube.shop\/fi\/wp-json\/wp\/v2\/product_cat?post=9220"},{"taxonomy":"product_tag","embeddable":true,"href":"https:\/\/antcube.shop\/fi\/wp-json\/wp\/v2\/product_tag?post=9220"}],"curies":[{"name":"wp","href":"https:\/\/api.w.org\/{rel}","templated":true}]}}