{"id":9218,"date":"2024-09-17T14:24:56","date_gmt":"2024-09-17T12:24:56","guid":{"rendered":"https:\/\/antcube.shop\/en\/product\/antcube-ameisenfarm-xl-60x30-stehend\/"},"modified":"2026-04-02T09:54:11","modified_gmt":"2026-04-02T07:54:11","slug":"antcube-muurahaisfarmi-xl-60x30-pystyasennossa","status":"publish","type":"product","link":"https:\/\/antcube.shop\/fi\/tuote\/antcube-muurahaisfarmi-xl-60x30-pystyasennossa\/","title":{"rendered":"ANTCUBE - Muurahaisfarmi - XL - 30\u00d730 - pystyasennossa"},"content":{"rendered":"<p><span data-text-color=\"alert\"><strong>Toimitus mahdollista vain GO! kautta Saksan sis\u00e4puolella tai paletin kautta Euroopan sis\u00e4ll\u00e4 (ei saarilla).<\/strong><\/span><\/p>\n<p><strong>Mitat (LxSxK):<\/strong><br \/>\nUlkopuoli: 590x58x299 mm<br \/>\nsis\u00e4pinta: 584x50x290 mm<\/p>\n<p><strong>Materiaali:<\/strong><br \/>\nFloat-lasi, muovi<\/p>\n<p><strong>v\u00e4ri:<\/strong><br \/>\nkristallinkirkas<\/p>\n<p><strong>Sis\u00e4lt\u00f6:<\/strong><br \/>\n1x ANTCUBE muurahaisfarmi - 52mm levyjen v\u00e4li 52mm<br \/>\n1x muurahaispihan kansi XL 60\u00d76<br \/>\n2x tulpat 4mm<\/p>\n<p><strong>Yhteys:<\/strong><br \/>\nMolemmilla puolilla on 27 mm:n reik\u00e4, joten t\u00e4m\u00e4 tila voidaan liitt\u00e4\u00e4 28 mm:n letkuun tai \"s\u00e4ili\u00f6liit\u00e4nt\u00e4\u00e4n, jossa on letku 27 mm:n reiki\u00e4 varten\".<br \/>\n2x 4mm reik\u00e4\u00e4 4mm tulpilla.<\/p>\n<p><strong>Kuvaus:<\/strong><br \/>\nT\u00e4m\u00e4 t\u00e4ysin l\u00e4pin\u00e4kyv\u00e4 muurahaisfarmi sopii M-kokoisille muurahaislajeille.<\/p>\n<p><strong>Tuotantoa koskevat huomautukset<\/strong><br \/>\nLasi on leikattu DIN 1249 -standardin mukaisesti +\/;- 1 mm:n toleranssilla. Eritt\u00e4in pienille muurahaislajeille tarvitaan ylim\u00e4\u00e4r\u00e4inen muurahaispoistosuoja.<\/p>\n<p><strong>Tilaa koskeva huomautus<\/strong><br \/>\nHuomioi seuraavat seikat putkia kiinnitett\u00e4ess\u00e4:<br \/>\nJos putkea on hyvin vaikea sovittaa liit\u00e4nt\u00e4muhviin, muhvi on hierottava kevyesti pisaralla irtoamissuoja\u00f6ljy\u00e4 tai -jauhetta. T\u00e4m\u00e4n j\u00e4lkeen letku on ty\u00f6nnett\u00e4v\u00e4 pistorasiaan kiert\u00e4m\u00e4ll\u00e4 tai ruuvaamalla ilman, ett\u00e4 pistorasiaa rasitetaan yl\u00f6s- ja alasp\u00e4in suuntautuvilla liikkeill\u00e4.<\/p>","protected":false},"excerpt":{"rendered":"<p><strong>Yhteys<\/strong>: 27mm reik\u00e4 28mm letkulle tai \"altaan liitin letkulla 27mm reiki\u00e4 varten\" + kansi Levyjen v\u00e4li: Sis\u00e4puolella 52mm<\/p>\n<p><strong>Koko<\/strong>: XL<\/p>","protected":false},"featured_media":9546,"comment_status":"open","ping_status":"closed","template":"","meta":{"_acf_changed":false,"content-type":"","_monsterinsights_skip_tracking":false,"_monsterinsights_sitenote_active":false,"_monsterinsights_sitenote_note":"","_monsterinsights_sitenote_category":0},"product_brand":[],"product_cat":[80,84],"product_tag":[],"class_list":{"0":"post-9218","1":"product","2":"type-product","3":"status-publish","4":"has-post-thumbnail","6":"product_cat-antfarms","7":"product_cat-antfarms-xl","8":"product_shipping_class-fragile","10":"first","11":"instock","12":"taxable","13":"shipping-taxable","14":"purchasable","15":"product-type-simple"},"acf":[],"aioseo_notices":[],"jetpack_sharing_enabled":true,"_links":{"self":[{"href":"https:\/\/antcube.shop\/fi\/wp-json\/wp\/v2\/product\/9218","targetHints":{"allow":["GET"]}}],"collection":[{"href":"https:\/\/antcube.shop\/fi\/wp-json\/wp\/v2\/product"}],"about":[{"href":"https:\/\/antcube.shop\/fi\/wp-json\/wp\/v2\/types\/product"}],"replies":[{"embeddable":true,"href":"https:\/\/antcube.shop\/fi\/wp-json\/wp\/v2\/comments?post=9218"}],"wp:featuredmedia":[{"embeddable":true,"href":"https:\/\/antcube.shop\/fi\/wp-json\/wp\/v2\/media\/9546"}],"wp:attachment":[{"href":"https:\/\/antcube.shop\/fi\/wp-json\/wp\/v2\/media?parent=9218"}],"wp:term":[{"taxonomy":"product_brand","embeddable":true,"href":"https:\/\/antcube.shop\/fi\/wp-json\/wp\/v2\/product_brand?post=9218"},{"taxonomy":"product_cat","embeddable":true,"href":"https:\/\/antcube.shop\/fi\/wp-json\/wp\/v2\/product_cat?post=9218"},{"taxonomy":"product_tag","embeddable":true,"href":"https:\/\/antcube.shop\/fi\/wp-json\/wp\/v2\/product_tag?post=9218"}],"curies":[{"name":"wp","href":"https:\/\/api.w.org\/{rel}","templated":true}]}}