{"id":9215,"date":"2024-09-17T14:23:32","date_gmt":"2024-09-17T12:23:32","guid":{"rendered":"https:\/\/antcube.shop\/en\/product\/rote-abdeckplatte-30x30-liegend\/"},"modified":"2026-03-19T18:11:45","modified_gmt":"2026-03-19T17:11:45","slug":"punainen-peitelevy-30x30-vaakasuora","status":"publish","type":"product","link":"https:\/\/antcube.shop\/fi\/tuote\/punainen-peitelevy-30x30-vaakasuora\/","title":{"rendered":"Punainen peitelevy 30\u00d730 - vaakasuora"},"content":{"rendered":"<p><strong>Mitat:<\/strong> 280 x 280 mm,<br \/>\nPaksuus: paksuus: 3 mm<br \/>\n56mm reik\u00e4rengas ulkomitta - 33mm reik\u00e4 sis\u00e4mitta.<\/p>\n<p><strong>Materiaali:<\/strong> PMMA<\/p>\n<p><strong>V\u00e4ri:<\/strong> tummanpunainen, l\u00e4pin\u00e4kyv\u00e4<\/p>\n<p><strong>Sis\u00e4lt\u00f6:<\/strong> 1 kpl.<\/p>\n<p><strong>Kuvaus:<\/strong> Punaisella l\u00e4pin\u00e4kyv\u00e4ll\u00e4 vaakasuoralla peitelevyll\u00e4 annetaan muurahaisille maanalainen tunne. Siksi suosittelemme t\u00e4m\u00e4n tuotteen k\u00e4ytt\u00f6\u00e4 ainakin osittain pes\u00e4alueella. Voit jopa n\u00e4hd\u00e4 muurahaiset pes\u00e4ss\u00e4 kannen l\u00e4pi.<\/p>\n<p>T\u00e4m\u00e4 kansilevy sopii t\u00e4ydellisesti \"ANTCUBE - kipsipes\u00e4 30\u00d730 - vaakasuora\".<\/p>","protected":false},"excerpt":{"rendered":"<p>Mitat: Paksuus: 180 x 180 mm: Materiaali: 56mm reik\u00e4 rengas ulkomitta - 33mm reik\u00e4 sis\u00e4mitta: Materiaali: PMMA V\u00e4ri: tummanpunainen, l\u00e4pin\u00e4kyv\u00e4 Materiaali: PMMA V\u00e4ri: tummanpunainen, l\u00e4pin\u00e4kyv\u00e4 Materiaali: PMMA V\u00e4ri: tummanpunainen, l\u00e4pin\u00e4kyv\u00e4 Materiaali: PMMA: 1 kpl. Kuvaus: Punainen l\u00e4pin\u00e4kyv\u00e4 peitelevy - vaakasuora, k\u00e4ytet\u00e4\u00e4n antamaan muurahaisille maanalainen tunne. Siksi suosittelemme k\u00e4ytt\u00e4m\u00e4\u00e4n t\u00e4t\u00e4 tuotetta ainakin osittain vuonna","protected":false},"featured_media":9552,"comment_status":"open","ping_status":"closed","template":"","meta":{"_acf_changed":false,"content-type":"","_monsterinsights_skip_tracking":false,"_monsterinsights_sitenote_active":false,"_monsterinsights_sitenote_note":"","_monsterinsights_sitenote_category":0},"product_brand":[],"product_cat":[119,239],"product_tag":[],"class_list":{"0":"post-9215","1":"product","2":"type-product","3":"status-publish","4":"has-post-thumbnail","6":"product_cat-formicarium-components","7":"product_cat-useful-additions","9":"first","10":"instock","11":"taxable","12":"shipping-taxable","13":"purchasable","14":"product-type-simple"},"acf":[],"aioseo_notices":[],"jetpack_sharing_enabled":true,"_links":{"self":[{"href":"https:\/\/antcube.shop\/fi\/wp-json\/wp\/v2\/product\/9215","targetHints":{"allow":["GET"]}}],"collection":[{"href":"https:\/\/antcube.shop\/fi\/wp-json\/wp\/v2\/product"}],"about":[{"href":"https:\/\/antcube.shop\/fi\/wp-json\/wp\/v2\/types\/product"}],"replies":[{"embeddable":true,"href":"https:\/\/antcube.shop\/fi\/wp-json\/wp\/v2\/comments?post=9215"}],"wp:featuredmedia":[{"embeddable":true,"href":"https:\/\/antcube.shop\/fi\/wp-json\/wp\/v2\/media\/9552"}],"wp:attachment":[{"href":"https:\/\/antcube.shop\/fi\/wp-json\/wp\/v2\/media?parent=9215"}],"wp:term":[{"taxonomy":"product_brand","embeddable":true,"href":"https:\/\/antcube.shop\/fi\/wp-json\/wp\/v2\/product_brand?post=9215"},{"taxonomy":"product_cat","embeddable":true,"href":"https:\/\/antcube.shop\/fi\/wp-json\/wp\/v2\/product_cat?post=9215"},{"taxonomy":"product_tag","embeddable":true,"href":"https:\/\/antcube.shop\/fi\/wp-json\/wp\/v2\/product_tag?post=9215"}],"curies":[{"name":"wp","href":"https:\/\/api.w.org\/{rel}","templated":true}]}}