{"id":9214,"date":"2024-09-17T14:22:38","date_gmt":"2024-09-17T12:22:38","guid":{"rendered":"https:\/\/antcube.shop\/en\/product\/primatenschadel\/"},"modified":"2026-04-13T09:30:18","modified_gmt":"2026-04-13T07:30:18","slug":"kadellisen-kallo","status":"publish","type":"product","link":"https:\/\/antcube.shop\/fi\/tuote\/kadellisen-kallo\/","title":{"rendered":"K\u00e4dellisen kallo"},"content":{"rendered":"<p><strong>Mitat:<\/strong> 14x12x12 cm<\/p>\n<p><strong>Kuvaus:<\/strong> N\u00e4m\u00e4 kest\u00e4v\u00e4st\u00e4 synteettisest\u00e4 hartsista valmistetut koristeet ovat eritt\u00e4in kest\u00e4vi\u00e4, eiv\u00e4tk\u00e4 muurahaiset voi vahingoittaa niit\u00e4. Ne n\u00e4ytt\u00e4v\u00e4t kuitenkin eritt\u00e4in luonnollisilta ja houkuttelevilta.<\/p>\n<p><strong>Huom:<\/strong> Puhdista juoksevan veden alla ennen k\u00e4ytt\u00f6\u00e4!<\/p>","protected":false},"excerpt":{"rendered":"<p>Mitat: 14x12x12 cm<\/p>","protected":false},"featured_media":9664,"comment_status":"open","ping_status":"closed","template":"","meta":{"_acf_changed":false,"content-type":"","_monsterinsights_skip_tracking":false,"_monsterinsights_sitenote_active":false,"_monsterinsights_sitenote_note":"","_monsterinsights_sitenote_category":0},"product_brand":[],"product_cat":[98],"product_tag":[],"class_list":{"0":"post-9214","1":"product","2":"type-product","3":"status-publish","4":"has-post-thumbnail","6":"product_cat-decoration","8":"first","9":"instock","10":"taxable","11":"shipping-taxable","12":"purchasable","13":"product-type-simple"},"acf":[],"aioseo_notices":[],"jetpack_sharing_enabled":true,"_links":{"self":[{"href":"https:\/\/antcube.shop\/fi\/wp-json\/wp\/v2\/product\/9214","targetHints":{"allow":["GET"]}}],"collection":[{"href":"https:\/\/antcube.shop\/fi\/wp-json\/wp\/v2\/product"}],"about":[{"href":"https:\/\/antcube.shop\/fi\/wp-json\/wp\/v2\/types\/product"}],"replies":[{"embeddable":true,"href":"https:\/\/antcube.shop\/fi\/wp-json\/wp\/v2\/comments?post=9214"}],"wp:featuredmedia":[{"embeddable":true,"href":"https:\/\/antcube.shop\/fi\/wp-json\/wp\/v2\/media\/9664"}],"wp:attachment":[{"href":"https:\/\/antcube.shop\/fi\/wp-json\/wp\/v2\/media?parent=9214"}],"wp:term":[{"taxonomy":"product_brand","embeddable":true,"href":"https:\/\/antcube.shop\/fi\/wp-json\/wp\/v2\/product_brand?post=9214"},{"taxonomy":"product_cat","embeddable":true,"href":"https:\/\/antcube.shop\/fi\/wp-json\/wp\/v2\/product_cat?post=9214"},{"taxonomy":"product_tag","embeddable":true,"href":"https:\/\/antcube.shop\/fi\/wp-json\/wp\/v2\/product_tag?post=9214"}],"curies":[{"name":"wp","href":"https:\/\/api.w.org\/{rel}","templated":true}]}}