{"id":9213,"date":"2024-09-17T14:22:15","date_gmt":"2024-09-17T12:22:15","guid":{"rendered":"https:\/\/antcube.shop\/en\/product\/tiger-aloe-10cm\/"},"modified":"2026-03-11T13:48:50","modified_gmt":"2026-03-11T12:48:50","slug":"tiikeri-aloe-10cm","status":"publish","type":"product","link":"https:\/\/antcube.shop\/fi\/tuote\/tiikeri-aloe-10cm\/","title":{"rendered":"Tiikeri Aloe - 10cm"},"content":{"rendered":"<p><strong>Mitat:<\/strong> 99 x 95 x 105 mm<\/p>\n<p><strong>Materiaali:<\/strong> polymeeribetoni, savi, muovi<\/p>\n<p><strong>V\u00e4ri:<\/strong><br \/>\nPohja: harmaanvihre\u00e4<br \/>\nKasvi: vihre\u00e4, punaruskeat k\u00e4rjet<\/p>\n<p><strong>Sis\u00e4lt\u00f6:<\/strong> 1 kpl<\/p>\n<p><strong>Kuvaus:<\/strong> Tiger Aloe on valmistettu kest\u00e4v\u00e4st\u00e4 muovista, ja siin\u00e4 on synteettinen hartsipohja, joka n\u00e4ytt\u00e4\u00e4 kivelt\u00e4. T\u00e4m\u00e4 tekee siit\u00e4 eritt\u00e4in kest\u00e4v\u00e4n, eiv\u00e4tk\u00e4 muurahaiset voi vahingoittaa sit\u00e4.<br \/>\nSe n\u00e4ytt\u00e4\u00e4 kuitenkin hyvin luonnolliselta ja houkuttelevalta, ja se voidaan helposti integroida formicariumiin.<\/p>\n<p><strong>Huom:<\/strong> Puhdista juoksevan veden alla ennen k\u00e4ytt\u00f6\u00e4!<\/p>","protected":false},"excerpt":{"rendered":"<p>Mitat: Materiaali: polymeeribetoni, savi, muovi V\u00e4ri: Pohja: harmaanvihre\u00e4 Kasvi: vihre\u00e4, punaruskeat k\u00e4rjet Sis\u00e4lt\u00f6: Punainen, vihre\u00e4, punaruskeat k\u00e4rjet: Kuvaus: 1 kpl: Tiger Aloe on valmistettu kest\u00e4v\u00e4st\u00e4 muovista ja siin\u00e4 on synteettinen hartsipohja, jossa on kivim\u00e4inen ulkon\u00e4k\u00f6. T\u00e4m\u00e4 tekee siit\u00e4 eritt\u00e4in kest\u00e4v\u00e4n, eiv\u00e4tk\u00e4 muurahaiset voi vahingoittaa sit\u00e4. Siit\u00e4 huolimatta se","protected":false},"featured_media":9662,"comment_status":"open","ping_status":"closed","template":"","meta":{"_acf_changed":false,"content-type":"","_monsterinsights_skip_tracking":false,"_monsterinsights_sitenote_active":false,"_monsterinsights_sitenote_note":"","_monsterinsights_sitenote_category":0},"product_brand":[],"product_cat":[98,99],"product_tag":[],"class_list":{"0":"post-9213","1":"product","2":"type-product","3":"status-publish","4":"has-post-thumbnail","6":"product_cat-decoration","7":"product_cat-desert","9":"first","10":"instock","11":"taxable","12":"shipping-taxable","13":"purchasable","14":"product-type-simple"},"acf":[],"aioseo_notices":[],"jetpack_sharing_enabled":true,"_links":{"self":[{"href":"https:\/\/antcube.shop\/fi\/wp-json\/wp\/v2\/product\/9213","targetHints":{"allow":["GET"]}}],"collection":[{"href":"https:\/\/antcube.shop\/fi\/wp-json\/wp\/v2\/product"}],"about":[{"href":"https:\/\/antcube.shop\/fi\/wp-json\/wp\/v2\/types\/product"}],"replies":[{"embeddable":true,"href":"https:\/\/antcube.shop\/fi\/wp-json\/wp\/v2\/comments?post=9213"}],"wp:featuredmedia":[{"embeddable":true,"href":"https:\/\/antcube.shop\/fi\/wp-json\/wp\/v2\/media\/9662"}],"wp:attachment":[{"href":"https:\/\/antcube.shop\/fi\/wp-json\/wp\/v2\/media?parent=9213"}],"wp:term":[{"taxonomy":"product_brand","embeddable":true,"href":"https:\/\/antcube.shop\/fi\/wp-json\/wp\/v2\/product_brand?post=9213"},{"taxonomy":"product_cat","embeddable":true,"href":"https:\/\/antcube.shop\/fi\/wp-json\/wp\/v2\/product_cat?post=9213"},{"taxonomy":"product_tag","embeddable":true,"href":"https:\/\/antcube.shop\/fi\/wp-json\/wp\/v2\/product_tag?post=9213"}],"curies":[{"name":"wp","href":"https:\/\/api.w.org\/{rel}","templated":true}]}}