{"id":9212,"date":"2024-09-17T14:21:53","date_gmt":"2024-09-17T12:21:53","guid":{"rendered":"https:\/\/antcube.shop\/en\/product\/agave-10cm\/"},"modified":"2026-03-11T13:48:49","modified_gmt":"2026-03-11T12:48:49","slug":"agave-10cm","status":"publish","type":"product","link":"https:\/\/antcube.shop\/fi\/tuote\/agave-10cm\/","title":{"rendered":"Agave - 10cm"},"content":{"rendered":"<p><strong>Mitat:<\/strong> 104 x 97 x 103 mm<\/p>\n<p><strong>Materiaali:<\/strong> polymeeribetoni, savi, muovi<\/p>\n<p><strong>V\u00e4ri:<\/strong><br \/>\nPohja: harmaanruskea<br \/>\nKasvi: tummanvihre\u00e4-vaaleanvihre\u00e4 harmaalla reunalla.<\/p>\n<p><strong>Sis\u00e4lt\u00f6:<\/strong> 1 kpl<\/p>\n<p><strong>Kuvaus:<\/strong> Pieni agave on valmistettu kest\u00e4v\u00e4st\u00e4 muovista, ja siin\u00e4 on synteettinen hartsipohja, joka n\u00e4ytt\u00e4\u00e4 kivelt\u00e4. T\u00e4m\u00e4 tekee siit\u00e4 eritt\u00e4in kest\u00e4v\u00e4n, eiv\u00e4tk\u00e4 muurahaiset voi vahingoittaa sit\u00e4.<br \/>\nSe n\u00e4ytt\u00e4\u00e4 kuitenkin hyvin luonnolliselta ja houkuttelevalta, ja se voidaan helposti integroida formicariumiin.<\/p>\n<p><strong>Huom:<\/strong> Puhdista juoksevan veden alla ennen k\u00e4ytt\u00f6\u00e4!<\/p>","protected":false},"excerpt":{"rendered":"<p>Mitat: Materiaali: polymeeribetoni, savi, muovi V\u00e4ri: Pohja: harmaanruskea Kasvi: tummanvihre\u00e4-vaaleanvihre\u00e4 harmaalla reunalla Sis\u00e4lt\u00f6: Tummavihre\u00e4, vaaleanvihre\u00e4: Kuvaus: 1 kpl: Pieni agave on valmistettu kest\u00e4v\u00e4st\u00e4 muovista ja siin\u00e4 on synteettinen hartsipohja, jossa on kivim\u00e4inen ulkon\u00e4k\u00f6. T\u00e4m\u00e4 tekee siit\u00e4 eritt\u00e4in kest\u00e4v\u00e4n, eiv\u00e4tk\u00e4 muurahaiset voi vahingoittaa sit\u00e4.","protected":false},"featured_media":9659,"comment_status":"open","ping_status":"closed","template":"","meta":{"_acf_changed":false,"content-type":"","_monsterinsights_skip_tracking":false,"_monsterinsights_sitenote_active":false,"_monsterinsights_sitenote_note":"","_monsterinsights_sitenote_category":0},"product_brand":[],"product_cat":[98,99],"product_tag":[],"class_list":{"0":"post-9212","1":"product","2":"type-product","3":"status-publish","4":"has-post-thumbnail","6":"product_cat-decoration","7":"product_cat-desert","9":"first","10":"instock","11":"taxable","12":"shipping-taxable","13":"purchasable","14":"product-type-simple"},"acf":[],"aioseo_notices":[],"jetpack_sharing_enabled":true,"_links":{"self":[{"href":"https:\/\/antcube.shop\/fi\/wp-json\/wp\/v2\/product\/9212","targetHints":{"allow":["GET"]}}],"collection":[{"href":"https:\/\/antcube.shop\/fi\/wp-json\/wp\/v2\/product"}],"about":[{"href":"https:\/\/antcube.shop\/fi\/wp-json\/wp\/v2\/types\/product"}],"replies":[{"embeddable":true,"href":"https:\/\/antcube.shop\/fi\/wp-json\/wp\/v2\/comments?post=9212"}],"wp:featuredmedia":[{"embeddable":true,"href":"https:\/\/antcube.shop\/fi\/wp-json\/wp\/v2\/media\/9659"}],"wp:attachment":[{"href":"https:\/\/antcube.shop\/fi\/wp-json\/wp\/v2\/media?parent=9212"}],"wp:term":[{"taxonomy":"product_brand","embeddable":true,"href":"https:\/\/antcube.shop\/fi\/wp-json\/wp\/v2\/product_brand?post=9212"},{"taxonomy":"product_cat","embeddable":true,"href":"https:\/\/antcube.shop\/fi\/wp-json\/wp\/v2\/product_cat?post=9212"},{"taxonomy":"product_tag","embeddable":true,"href":"https:\/\/antcube.shop\/fi\/wp-json\/wp\/v2\/product_tag?post=9212"}],"curies":[{"name":"wp","href":"https:\/\/api.w.org\/{rel}","templated":true}]}}