{"id":9209,"date":"2024-09-17T14:20:13","date_gmt":"2024-09-17T12:20:13","guid":{"rendered":"https:\/\/antcube.shop\/en\/product\/sumpfpflanze\/"},"modified":"2026-04-07T09:38:24","modified_gmt":"2026-04-07T07:38:24","slug":"suokasvi","status":"publish","type":"product","link":"https:\/\/antcube.shop\/fi\/tuote\/suokasvi\/","title":{"rendered":"suokasvi"},"content":{"rendered":"<p><strong>Mitat:<\/strong> noin 90 x 30 x 125 mm<\/p>\n<p><strong>Materiaali:<\/strong> polymeeribetoni, savi, muovi<\/p>\n<p><strong>V\u00e4ri:<\/strong><br \/>\nPohja: vihre\u00e4, vaaleanharmaa-tummanharmaa.<br \/>\nKasvi: vaaleanvihre\u00e4-tummanvihre\u00e4<\/p>\n<p><strong>Sis\u00e4lt\u00f6:<\/strong> 1 kpl.<\/p>\n<p><strong>Kuvaus:<\/strong> N\u00e4m\u00e4 kasvit on valmistettu kest\u00e4v\u00e4st\u00e4 muovista, ja niiss\u00e4 on synteettinen hartsipohja, joka n\u00e4ytt\u00e4\u00e4 kivelt\u00e4. T\u00e4m\u00e4 tekee niist\u00e4 eritt\u00e4in kest\u00e4vi\u00e4, eiv\u00e4tk\u00e4 muurahaiset voi vahingoittaa niit\u00e4. Ne n\u00e4ytt\u00e4v\u00e4t kuitenkin hyvin luonnollisilta ja houkuttelevilta, ja ne voidaan helposti integroida formikaarioon.<\/p>\n<p><strong>Huom:<\/strong> Puhdista juoksevan veden alla ennen k\u00e4ytt\u00f6\u00e4!<\/p>","protected":false},"excerpt":{"rendered":"<p>Mitat: noin 9 x 3 x 12,5 cm.<\/p>","protected":false},"featured_media":9362,"comment_status":"open","ping_status":"closed","template":"","meta":{"_acf_changed":false,"content-type":"","_monsterinsights_skip_tracking":false,"_monsterinsights_sitenote_active":false,"_monsterinsights_sitenote_note":"","_monsterinsights_sitenote_category":0},"product_brand":[],"product_cat":[98,100],"product_tag":[],"class_list":{"0":"post-9209","1":"product","2":"type-product","3":"status-publish","4":"has-post-thumbnail","6":"product_cat-decoration","7":"product_cat-rainforest","9":"first","10":"instock","11":"taxable","12":"shipping-taxable","13":"purchasable","14":"product-type-simple"},"acf":[],"aioseo_notices":[],"jetpack_sharing_enabled":true,"_links":{"self":[{"href":"https:\/\/antcube.shop\/fi\/wp-json\/wp\/v2\/product\/9209","targetHints":{"allow":["GET"]}}],"collection":[{"href":"https:\/\/antcube.shop\/fi\/wp-json\/wp\/v2\/product"}],"about":[{"href":"https:\/\/antcube.shop\/fi\/wp-json\/wp\/v2\/types\/product"}],"replies":[{"embeddable":true,"href":"https:\/\/antcube.shop\/fi\/wp-json\/wp\/v2\/comments?post=9209"}],"wp:featuredmedia":[{"embeddable":true,"href":"https:\/\/antcube.shop\/fi\/wp-json\/wp\/v2\/media\/9362"}],"wp:attachment":[{"href":"https:\/\/antcube.shop\/fi\/wp-json\/wp\/v2\/media?parent=9209"}],"wp:term":[{"taxonomy":"product_brand","embeddable":true,"href":"https:\/\/antcube.shop\/fi\/wp-json\/wp\/v2\/product_brand?post=9209"},{"taxonomy":"product_cat","embeddable":true,"href":"https:\/\/antcube.shop\/fi\/wp-json\/wp\/v2\/product_cat?post=9209"},{"taxonomy":"product_tag","embeddable":true,"href":"https:\/\/antcube.shop\/fi\/wp-json\/wp\/v2\/product_tag?post=9209"}],"curies":[{"name":"wp","href":"https:\/\/api.w.org\/{rel}","templated":true}]}}