{"id":9208,"date":"2024-09-17T14:19:38","date_gmt":"2024-09-17T12:19:38","guid":{"rendered":"https:\/\/antcube.shop\/en\/product\/kleines-fettblatt\/"},"modified":"2026-04-13T09:34:47","modified_gmt":"2026-04-13T07:34:47","slug":"kleines-fettblatt","status":"publish","type":"product","link":"https:\/\/antcube.shop\/fi\/tuote\/kleines-fettblatt\/","title":{"rendered":"Pieni voikukka"},"content":{"rendered":"<p><strong>Mitat:<\/strong> noin 70 x 40 x 100 mm<\/p>\n<p><strong>Materiaali:<\/strong> polymeeribetoni, savi, muovi<\/p>\n<p><strong>V\u00e4ri:<\/strong><br \/>\nPohja: vihre\u00e4, vaaleanharmaa-tummanharmaa.<br \/>\nKasvi: tummanvihre\u00e4<\/p>\n<p><strong>Sis\u00e4lt\u00f6:<\/strong> 1 kpl.<\/p>\n<p><strong>Kuvaus:<\/strong> Pieni perhonen on valmistettu kest\u00e4v\u00e4st\u00e4 muovista, ja siin\u00e4 on synteettinen hartsipohja, joka n\u00e4ytt\u00e4\u00e4 kivelt\u00e4. T\u00e4m\u00e4 tekee siit\u00e4 eritt\u00e4in kest\u00e4v\u00e4n, eiv\u00e4tk\u00e4 muurahaiset voi vahingoittaa sit\u00e4. Siit\u00e4 huolimatta se n\u00e4ytt\u00e4\u00e4 eritt\u00e4in luonnolliselta ja houkuttelevalta, ja se voidaan helposti integroida formikariumiin.<\/p>\n<p><strong>Huom:<\/strong> Puhdista juoksevan veden alla ennen k\u00e4ytt\u00f6\u00e4!<\/p>","protected":false},"excerpt":{"rendered":"<p>Mitat: noin 7 x 4 x 10 cm.<\/p>","protected":false},"featured_media":9360,"comment_status":"open","ping_status":"closed","template":"","meta":{"_acf_changed":false,"content-type":"","_monsterinsights_skip_tracking":false,"_monsterinsights_sitenote_active":false,"_monsterinsights_sitenote_note":"","_monsterinsights_sitenote_category":0},"product_brand":[],"product_cat":[98,102,100],"product_tag":[],"class_list":{"0":"post-9208","1":"product","2":"type-product","3":"status-publish","4":"has-post-thumbnail","6":"product_cat-decoration","7":"product_cat-meadow","8":"product_cat-rainforest","10":"first","11":"outofstock","12":"taxable","13":"shipping-taxable","14":"purchasable","15":"product-type-simple"},"acf":[],"aioseo_notices":[],"jetpack_sharing_enabled":true,"_links":{"self":[{"href":"https:\/\/antcube.shop\/fi\/wp-json\/wp\/v2\/product\/9208","targetHints":{"allow":["GET"]}}],"collection":[{"href":"https:\/\/antcube.shop\/fi\/wp-json\/wp\/v2\/product"}],"about":[{"href":"https:\/\/antcube.shop\/fi\/wp-json\/wp\/v2\/types\/product"}],"replies":[{"embeddable":true,"href":"https:\/\/antcube.shop\/fi\/wp-json\/wp\/v2\/comments?post=9208"}],"wp:featuredmedia":[{"embeddable":true,"href":"https:\/\/antcube.shop\/fi\/wp-json\/wp\/v2\/media\/9360"}],"wp:attachment":[{"href":"https:\/\/antcube.shop\/fi\/wp-json\/wp\/v2\/media?parent=9208"}],"wp:term":[{"taxonomy":"product_brand","embeddable":true,"href":"https:\/\/antcube.shop\/fi\/wp-json\/wp\/v2\/product_brand?post=9208"},{"taxonomy":"product_cat","embeddable":true,"href":"https:\/\/antcube.shop\/fi\/wp-json\/wp\/v2\/product_cat?post=9208"},{"taxonomy":"product_tag","embeddable":true,"href":"https:\/\/antcube.shop\/fi\/wp-json\/wp\/v2\/product_tag?post=9208"}],"curies":[{"name":"wp","href":"https:\/\/api.w.org\/{rel}","templated":true}]}}