{"id":9031,"date":"2024-08-27T16:22:15","date_gmt":"2024-08-27T14:22:15","guid":{"rendered":"https:\/\/antcube.shop\/product\/antcube-digfix-terra-nidum-platte-30x30-l-beige\/"},"modified":"2026-04-15T09:42:19","modified_gmt":"2026-04-15T07:42:19","slug":"antcube-digfix-terra-nidum-levy-30x30-l-beige","status":"publish","type":"product","link":"https:\/\/antcube.shop\/fi\/tuote\/antcube-digfix-terra-nidum-levy-30x30-l-beige\/","title":{"rendered":"ANTCUBE - Digfix Terra nidum -levy 30\u00d730 - L - beige"},"content":{"rendered":"<p><strong>Mitat:<\/strong> 283x237x19 mm<\/p>\n<p><strong>Materiaali:<\/strong> Kaivettava hartsipohjainen materiaali<\/p>\n<p><strong>Kuvaus:<\/strong> Kaivettavasta materiaalista valmistettu Terra nidum -levy (lat. maa-pes\u00e4) sopii t\u00e4ydellisesti ANTCUBE-muurahaisfarmeihimme. Sit\u00e4 voidaan k\u00e4ytt\u00e4\u00e4 sek\u00e4 kuivana ett\u00e4 m\u00e4rk\u00e4n\u00e4. Se sopii my\u00f6s monille muurahaislajeille, erityisesti hiekkaan ja (kuolleeseen) puuhun pesiville lajeille. Sit\u00e4 voidaan k\u00e4ytt\u00e4\u00e4 hiekka-saviseosten tai korkkipes\u00e4ainesten sijasta. T\u00e4m\u00e4n pes\u00e4n etuna on, ett\u00e4 levyn kostumista on helpompi valvoa selv\u00e4sti n\u00e4kyv\u00e4n v\u00e4rimuutoksen ansiosta ja levyn v\u00e4ritys tarjoaa super kontrastin yleens\u00e4 tummemmille muurahaislajeille. Lis\u00e4ksi muurahaispes\u00e4n sis\u00e4levyt eiv\u00e4t voi likaantua substraatilla, kuten esimerkiksi hiekka-saviseoksissa, mik\u00e4 mahdollistaa t\u00e4ydellisen n\u00e4kym\u00e4n pes\u00e4\u00e4n. Pes\u00e4materiaalimme on my\u00f6s rakenteeltaan paljon kiinte\u00e4mp\u00e4\u00e4, joten muurahaisten kaivamat tunnelit ja kammiot eiv\u00e4t romahda.<\/p>\n<p><strong>Huom:<\/strong> Luonnollinen v\u00e4ri voi vaihdella beigen\/hiekan ja vaaleanruskean v\u00e4lill\u00e4. V\u00e4ris\u00e4vyll\u00e4 ei ole vaikutusta laatuun.<br \/>\nMitat voivat vaihdella +\/- 1 mm valmistusprosessista johtuen.<\/p>","protected":false},"excerpt":{"rendered":"<p>Koko: <span style=\"color: #0000ff;\"><strong>L<\/strong><\/span><\/p>","protected":false},"featured_media":9037,"comment_status":"open","ping_status":"closed","template":"","meta":{"_acf_changed":false,"content-type":"","_monsterinsights_skip_tracking":false,"_monsterinsights_sitenote_active":false,"_monsterinsights_sitenote_note":"","_monsterinsights_sitenote_category":0},"product_brand":[],"product_cat":[257,87,88],"product_tag":[],"class_list":{"0":"post-9031","1":"product","2":"type-product","3":"status-publish","4":"has-post-thumbnail","6":"product_cat-new-innovatve-products","7":"product_cat-nest-insets","8":"product_cat-digfix","10":"first","11":"instock","12":"taxable","13":"shipping-taxable","14":"purchasable","15":"product-type-simple"},"acf":[],"aioseo_notices":[],"jetpack_sharing_enabled":true,"_links":{"self":[{"href":"https:\/\/antcube.shop\/fi\/wp-json\/wp\/v2\/product\/9031","targetHints":{"allow":["GET"]}}],"collection":[{"href":"https:\/\/antcube.shop\/fi\/wp-json\/wp\/v2\/product"}],"about":[{"href":"https:\/\/antcube.shop\/fi\/wp-json\/wp\/v2\/types\/product"}],"replies":[{"embeddable":true,"href":"https:\/\/antcube.shop\/fi\/wp-json\/wp\/v2\/comments?post=9031"}],"wp:featuredmedia":[{"embeddable":true,"href":"https:\/\/antcube.shop\/fi\/wp-json\/wp\/v2\/media\/9037"}],"wp:attachment":[{"href":"https:\/\/antcube.shop\/fi\/wp-json\/wp\/v2\/media?parent=9031"}],"wp:term":[{"taxonomy":"product_brand","embeddable":true,"href":"https:\/\/antcube.shop\/fi\/wp-json\/wp\/v2\/product_brand?post=9031"},{"taxonomy":"product_cat","embeddable":true,"href":"https:\/\/antcube.shop\/fi\/wp-json\/wp\/v2\/product_cat?post=9031"},{"taxonomy":"product_tag","embeddable":true,"href":"https:\/\/antcube.shop\/fi\/wp-json\/wp\/v2\/product_tag?post=9031"}],"curies":[{"name":"wp","href":"https:\/\/api.w.org\/{rel}","templated":true}]}}