{"id":8973,"date":"2024-08-19T20:50:58","date_gmt":"2024-08-19T18:50:58","guid":{"rendered":"https:\/\/antcube.shop\/product\/abstandshalter-fur-20mm-rohr\/"},"modified":"2026-03-05T18:06:15","modified_gmt":"2026-03-05T17:06:15","slug":"valikappale-20mm-putkea-varten","status":"publish","type":"product","link":"https:\/\/antcube.shop\/fi\/tuote\/valikappale-20mm-putkea-varten\/","title":{"rendered":"V\u00e4likappale 20 mm:n putkea varten"},"content":{"rendered":"<p><strong>Tuotteen mitat:<\/strong> 49x14x8mm (v\u00e4lilevy)<\/p>\n<p><strong>Materiaali:<\/strong> akryylilasi, jousiter\u00e4s<\/p>\n<p><strong>V\u00e4ri:<\/strong> valkoinen, ter\u00e4ksenharmaa<\/p>\n<p><strong>Sis\u00e4lt\u00f6:<\/strong><br \/>\n1x v\u00e4lilevy<br \/>\n1x puristimen pidike - jousiter\u00e4s 20mm:lle<br \/>\n2x ruuvi ja tappi sein\u00e4kiinnityst\u00e4 varten<br \/>\n1x pieni ruuvi puristimen pidikkeen kiinnitt\u00e4miseksi v\u00e4likappaleeseen.<\/p>\n<p><strong>Kuvaus:<\/strong><br \/>\nV\u00e4likappaleet akryyliputkien kiinnitt\u00e4miseen sein\u00e4\u00e4n. N\u00e4m\u00e4 on kehitetty sein\u00e4areenojen ja sein\u00e4tilojen liitt\u00e4miseksi toisiinsa tai muihin elementteihin akryyliputkien avulla. N\u00e4in siltaavat sein\u00e4n ja akryyliputkien v\u00e4lisen raon ja mahdollistavat akryyliputkien kiinnitt\u00e4misen tukevasti, lujasti ja visuaalisesti houkuttelevasti kiinnittimill\u00e4.<\/p>\n<p><strong>Huom:<\/strong><br \/>\nToimitetaan erillisin\u00e4 osina, ja ne on kiinnitett\u00e4v\u00e4 Phillips-ruuvimeisselill\u00e4.<br \/>\nV\u00e4likappaleen molemmilla puolilla on ohuet suojakalvot. Kuori ne yksinkertaisesti pois.<\/p>\n<p><strong>Kiinnitys:<\/strong><br \/>\nKiinnitt\u00e4\u00e4ksesi 2 \"S6\"-sein\u00e4tulppaa sein\u00e4\u00e4n tarvitset 6 mm:n poranter\u00e4n (puu-, kivi- tai metallimateriaalista riippuen).<br \/>\nSein\u00e4\u00e4n on porattava 40 mm:n syvyiset rei\u00e4t, jotta 6x30 mm:n tapit voidaan upottaa 4,5x40 mm:n ruuveilla.<br \/>\n<strong>Tarvitaan kokoonpanoon:<\/strong><br \/>\n- Vesivaaka<br \/>\n- Teippi, jotta sinun ei tarvitse merkit\u00e4 sein\u00e4\u00e4 alapuolelle.<br \/>\n- ristip\u00e4\u00e4ruuvimeisseli<br \/>\n- Porakone\/porakone sein\u00e4st\u00e4 riippuen<br \/>\n- 6 mm:n poranter\u00e4 (puu, kivi tai metalli pinnasta riippuen)<\/p>","protected":false},"excerpt":{"rendered":"<p>Tuotteen mitat: Materiaali: akryylilasi, jousiter\u00e4s V\u00e4ri: valkoinen, ter\u00e4ksenharmaa Sis\u00e4lt\u00f6: valkoinen, ter\u00e4ksenharmaa: 2x ruuvi ja tappi sein\u00e4kiinnityst\u00e4 varten 2x pieni ruuvi puristimen kiinnitt\u00e4miseen v\u00e4likappaleeseen Kuvaus: 1x v\u00e4likappale 1x puristimen pidike - jousiter\u00e4s 50mm 2x ruuvi ja tappi sein\u00e4kiinnityst\u00e4 varten 2x pieni ruuvi puristimen pidikkeen kiinnitt\u00e4miseen v\u00e4likappaleeseen: V\u00e4likappaleet akryyliputkien kiinnitt\u00e4miseen sein\u00e4\u00e4n. N\u00e4m\u00e4 on kehitetty [...]","protected":false},"featured_media":8991,"comment_status":"open","ping_status":"closed","template":"","meta":{"_acf_changed":false,"content-type":"","_monsterinsights_skip_tracking":false,"_monsterinsights_sitenote_active":false,"_monsterinsights_sitenote_note":"","_monsterinsights_sitenote_category":0},"product_brand":[],"product_cat":[345,119,120],"product_tag":[],"class_list":{"0":"post-8973","1":"product","2":"type-product","3":"status-publish","4":"has-post-thumbnail","6":"product_cat-pipe-connectors","7":"product_cat-formicarium-components","8":"product_cat-hoses","10":"first","11":"instock","12":"taxable","13":"shipping-taxable","14":"purchasable","15":"product-type-simple"},"acf":[],"aioseo_notices":[],"jetpack_sharing_enabled":true,"_links":{"self":[{"href":"https:\/\/antcube.shop\/fi\/wp-json\/wp\/v2\/product\/8973","targetHints":{"allow":["GET"]}}],"collection":[{"href":"https:\/\/antcube.shop\/fi\/wp-json\/wp\/v2\/product"}],"about":[{"href":"https:\/\/antcube.shop\/fi\/wp-json\/wp\/v2\/types\/product"}],"replies":[{"embeddable":true,"href":"https:\/\/antcube.shop\/fi\/wp-json\/wp\/v2\/comments?post=8973"}],"wp:featuredmedia":[{"embeddable":true,"href":"https:\/\/antcube.shop\/fi\/wp-json\/wp\/v2\/media\/8991"}],"wp:attachment":[{"href":"https:\/\/antcube.shop\/fi\/wp-json\/wp\/v2\/media?parent=8973"}],"wp:term":[{"taxonomy":"product_brand","embeddable":true,"href":"https:\/\/antcube.shop\/fi\/wp-json\/wp\/v2\/product_brand?post=8973"},{"taxonomy":"product_cat","embeddable":true,"href":"https:\/\/antcube.shop\/fi\/wp-json\/wp\/v2\/product_cat?post=8973"},{"taxonomy":"product_tag","embeddable":true,"href":"https:\/\/antcube.shop\/fi\/wp-json\/wp\/v2\/product_tag?post=8973"}],"curies":[{"name":"wp","href":"https:\/\/api.w.org\/{rel}","templated":true}]}}