{"id":8971,"date":"2024-08-19T20:48:56","date_gmt":"2024-08-19T18:48:56","guid":{"rendered":"https:\/\/antcube.shop\/product\/bundle-offer-camponotus-ligniperdus\/"},"modified":"2026-03-16T16:48:12","modified_gmt":"2026-03-16T15:48:12","slug":"nipputarjous-camponotus-ligniperdus","status":"publish","type":"product","link":"https:\/\/antcube.shop\/fi\/tuote\/nipputarjous-camponotus-ligniperdus\/","title":{"rendered":"Pakettitarjous - Camponotus ligniperdus"},"content":{"rendered":"<p><span data-text-color=\"secondary\"><strong>Pakettitarjous, joka sis\u00e4lt\u00e4\u00e4 Camponotus ligniperdus -muurahaispes\u00e4n (kuningatar ja 1-4 ty\u00f6l\u00e4ist\u00e4 + poikaset).<\/strong><\/span><\/p>\n<p><span data-text-color=\"alert\"><strong>Vain niin kauan kuin varastoa riitt\u00e4\u00e4.<\/strong><\/span><\/p>\n<p><strong>Kaikki mit\u00e4 tarvitset Camponotus ligniperdus -muurahaispes\u00e4\u00e4 varten:<\/strong><br \/>\nT\u00e4m\u00e4 paketti sis\u00e4lt\u00e4\u00e4 kaiken, mit\u00e4 tarvitset Camponotus ligniperdus -siirtokunnan menestyksekk\u00e4\u00e4seen kasvattamiseen ensimm\u00e4isten kuukausien aikana. Se on joustavasti laajennettavissa, ja sit\u00e4 on testattu useiden vuosien ajan t\u00e4m\u00e4n muurahaislajin kanssa.<\/p>\n<p><strong>Muurahaislaji Camponotus ligniperdus:<\/strong><br \/>\nCamponotus ligniperdus on yksi Euroopan suurimmista muurahaislajeista. Niiden kuningattaret saavuttavat noin 18 mm:n koon. Ne tuottavat niin sanottuja minor-, media- ja major-ty\u00f6ntekij\u00f6it\u00e4 (pieni\u00e4, keskikokoisia ja suuria). N\u00e4m\u00e4 hoitavat erilaisia teht\u00e4vi\u00e4 pes\u00e4kkeess\u00e4.<\/p>\n<p>Ne sekoitetaan usein Camponotus herculeanus -lajiin, joka on hieman tummempi ja himme\u00e4mpi. Camponotus ligniperdus -lajin vatsa (gaster) on hieman suurempi.<\/p>\n<p>Camponotus ligniperdus talvehtii luonnossa lokakuun lopun ja maaliskuun lopun v\u00e4lisen\u00e4 aikana noin 5-8 asteessa.<\/p>\n<p><strong>Camponotus ligniperdus -lajin pes\u00e4:<\/strong><br \/>\nLuonnossa Camponotus ligniperdus pesii kivien alla, kuolleessa puussa mutta my\u00f6s maaper\u00e4ss\u00e4.<\/p>\n<p>T\u00e4ss\u00e4 aloitussarjassa on mukana kipsipes\u00e4 pes\u00e4materiaalina. T\u00e4m\u00e4 simuloi pes\u00e4\u00e4 kivien alla tai v\u00e4liss\u00e4. Se tarjoaa my\u00f6s jatkuvasti selke\u00e4n n\u00e4kym\u00e4n kammioihin ja k\u00e4yt\u00e4viin.<\/p>\n<p><strong>Camponotus ligniperdus -lajin ravintoa:<\/strong><br \/>\nCamponotus ligniperdus sy\u00f6 luonnossa hy\u00f6nteisi\u00e4 ja nektaria. Kuten esimerkiksi Lasius niger, Camponotus ligniperdus pit\u00e4\u00e4 my\u00f6s kirvojen pes\u00e4kkeit\u00e4 ja puolustaa niit\u00e4.<\/p>\n<p>Olemme sis\u00e4llytt\u00e4neet t\u00e4h\u00e4n sarjaan ruokana kokonaisia valkaistuja sirkkoja ja hunajamehua. Camponotus ligniperdus hyv\u00e4ksyy molemmat eritt\u00e4in hyvin, ja ne tukevat pes\u00e4kkeen luonnollista ja my\u00f6nteist\u00e4 kehityst\u00e4 niiden sis\u00e4lt\u00e4mien ravintoaineiden ansiosta.<\/p>\n<p><strong>Camponotus ligniperdus -lajin optimaaliset ilmasto-olosuhteet ovat seuraavat:<\/strong><br \/>\nKosteus:<br \/>\nAreena: Pes\u00e4alue: 30 - 50%: 50 - 60%<br \/>\nL\u00e4mp\u00f6tila:<br \/>\nAreena: 18 - 28\u00b0C Pes\u00e4alue: 21 - 24\u00b0C<\/p>\n<p><strong>Sis\u00e4lt\u00f6:<\/strong><\/p>\n<p>1x Camponotus ligniperdus (kuningatar + 1-4 ty\u00f6l\u00e4ist\u00e4 + poikanen)<br \/>\n1x Sirkkahillo 25g<br \/>\n1x honeydew mix (HT) - t\u00e4ydennyspakkaus 10ml<br \/>\n1x formicarium-tyyny - 20x20cm<br \/>\n1x formicarium pad &#8211; 20x6cm<\/p>\n<p>1x ANTCUBE - areena 20x20x10 - tasainen<br \/>\n1x muurahaisareenan kehys 20\u00d720<br \/>\n1x muurahaisareenan kansi 20\u00d720<br \/>\n4x kiinnityspiste areenan suojusta varten<br \/>\n1x ANTCUBE - muurahaisfarmi - L - 20\u00d720 - pystyasennossa<\/p>\n<p>1x ANTCUBE - kipsipes\u00e4 20\u00d720 - pystyasennossa<br \/>\n1x 0,5m letku l\u00e4pin\u00e4kyv\u00e4 20\/16 mm<br \/>\n1x ANTCUBE - Punainen folio 20\u00d720 - suodatin<br \/>\n1x tarrakiinnikkeet - l\u00e4pin\u00e4kyv\u00e4 2 kpl.<br \/>\n1x kasvualusta - mets\u00e4 - 1kg<br \/>\n1x Formicarium rakeet 200ml - musta<\/p>\n<p>2x Grid insert acrylic &#8211; 50 mm with sealing ring<br \/>\n1x Grid insert acrylic &#8211; 27 mm with sealing ring<br \/>\n1x ritil\u00e4korkki - 16mm - ruostumaton ter\u00e4s<\/p>\n<p>1x altaan letkuliitin 27-14,16,20 mm - l\u00e4pin\u00e4kyv\u00e4<br \/>\n1x Foil thermometer &#8211; farm<br \/>\n1x Foil thermometer Display<br \/>\n1x drinking clear 5ml &#8211; sponge<br \/>\n1x Feeding dish white rectangle &#8211; 3 compartments<br \/>\n1x Drinking trough 2ml &#8211; 360 Degrees<br \/>\n1x Muurahaisten pakenemissuoja\u00f6ljy 10ml<br \/>\n1x Pinsetit jousiter\u00e4st\u00e4 - leve\u00e4 - pehme\u00e4<br \/>\n1x Pinsetit muovinen l\u00e4pin\u00e4kyv\u00e4<br \/>\n1x muovipipetti 3ml<br \/>\n1x k\u00e4sisuurennuslasi - 2x - 30mm<br \/>\n1x vaahtomuovipyyhin 150x18x2,5mm<br \/>\n1x photo backwall &#8211; forest &#8211; 20&#215;10<\/p>\n<p><strong>Kuvaus:<\/strong><br \/>\nT\u00e4m\u00e4 Camponotus ligniperdus -muurahaislajin laajennettava aloitussarja sis\u00e4lt\u00e4\u00e4 optimaalisesti mukautetun formikaarion lis\u00e4ksi my\u00f6s oikeat lis\u00e4varusteet t\u00e4m\u00e4n muurahaislajin pit\u00e4miseen. Kirkas 20 ml:n sienijuoma-astia on tarkoitettu vedelle ja 2 ml:n 360 asteen juoma-astia mesiangervoseokselle.<\/p>\n<p><span data-text-color=\"alert\"><strong>T\u00e4rke\u00e4\u00e4:<\/strong> <\/span>Kostuta alusta ennen k\u00e4ytt\u00f6\u00e4, jotta seos voi sitoutua. Lis\u00e4ksi kuiva ja p\u00f6lyinen alusta voi johtaa muurahaisten hengitysteiden tukkeutumiseen ja pahimmassa tapauksessa el\u00e4inten tukehtumiseen.<\/p>\n<p><strong>Tuotantoa koskevat huomautukset<\/strong><br \/>\nLasi leikataan DIN 1249 -standardin mukaisesti +\/- 1 mm:n toleranssilla. Eritt\u00e4in pienille muurahaislajeille tarvitaan lis\u00e4suojausta.<\/p>\n<p><strong>Huomaa blanchoidut sirkat:<\/strong><br \/>\nBlanchoidut sirkkamme ovat helppo tapa tarjota muurahaisillesi tuoretta s\u00e4il\u00f6tty\u00e4 proteiiniruokaa ilman, ett\u00e4 sinun tarvitsee sy\u00f6tt\u00e4\u00e4 el\u00e4vi\u00e4 hy\u00f6nteisi\u00e4. Sis\u00e4lt\u00e4m\u00e4t sirkat (Acheta domesticus) on blanchoitu hell\u00e4varaisesti, jotta ravintoarvot, maku ja aromi s\u00e4ilyv\u00e4t. Lis\u00e4ksi hy\u00f6nteisten kitiininen kuori on pehmennetty t\u00e4ll\u00e4 tavoin, jotta se on helpommin sulavaa. Kollageeniproteiinien sidokset hajotetaan, jotta muurahaiset voivat hy\u00f6dynt\u00e4\u00e4 niit\u00e4 paremmin. Acheta domesticus -s\u00e4ilykkeill\u00e4 on sama ravintoarvo kuin el\u00e4vill\u00e4 sirkoilla, mutta ne ovat helpommin sulavia.<\/p>\n<p>Sirkat eiv\u00e4t sovellu el\u00e4v\u00e4\u00e4 ravintoa vaativien muurahaislajien mets\u00e4stykseen (esim. poneriinit, kuten Harpegnathos tai Odontomachus).<\/p>\n<p><strong>Muita etuja:<\/strong><br \/>\nTaatusti punkkivapaa<br \/>\nVoidaan annostella<br \/>\nSteriloitu ja imuroitu<br \/>\nIlman lis\u00e4aineita<br \/>\nSirkat, jotka ovat per\u00e4isin kest\u00e4v\u00e4st\u00e4, puhtaasti luonnonmukaisesta kasvatuksesta ja joita ruokitaan orgaanisella j\u00e4tteell\u00e4.<\/p>\n<p><strong>Huom:<\/strong><br \/>\nS\u00e4ilyy j\u00e4\u00e4kaapissa noin nelj\u00e4 p\u00e4iv\u00e4\u00e4 avaamisen j\u00e4lkeen. Pidempi s\u00e4ilyvyys pakastettuna.<\/p>\n<p><strong>Huomautus hunajakastikkeesta:<\/strong><br \/>\nSis\u00e4lt\u00f6: 10 ml<br \/>\nT\u00e4m\u00e4 on luonnontuote, jota olemme jalostaneet laboratoriossamme tehtyjen laajojen testien j\u00e4lkeen ja kehitt\u00e4neet muurahaisten hyvin hyv\u00e4ksym\u00e4ksi ruoaksi. Syyn\u00e4 on se, ett\u00e4 muurahaiset ja niiden aineenvaihdunta eiv\u00e4t hyv\u00e4ksy hyvin k\u00e4sittelem\u00e4t\u00f6nt\u00e4 hunajamehua sen alkuper\u00e4isess\u00e4, tiivistetyss\u00e4 muodossa.<br \/>\nHunajamehumme ker\u00e4ttiin Bulgarian saastuttamattomista luonnonvaraisista vuoristometsist\u00e4. Hunajakastetta tuotetaan vain hyvin rajoitetun ajan, noin kaksi kuukautta kes\u00e4ll\u00e4. Siksi se on hyvin harvinaista. Metsien maaper\u00e4n erityispiirteiden ja ilmaston vuoksi puiden lehtiin varastoituu v\u00e4ltt\u00e4m\u00e4tt\u00f6mi\u00e4 ravinteita, jotka kirvat imev\u00e4t itseens\u00e4. T\u00e4m\u00e4 tekee t\u00e4st\u00e4 hunajakasteseoksesta muurahaisten kannalta niin haluttavan.<\/p>\n<p><strong>Sovellus:<\/strong><br \/>\nRuokam\u00e4\u00e4r\u00e4 tulisi kuluttaa noin 3 p\u00e4iv\u00e4n kuluessa.<\/p>\n<p><strong>Kuvaus:<\/strong><br \/>\nToisin kuin kukkahunajaa, hunajamehua saadaan kasveja imevien hy\u00f6nteisten, kuten kirvojen, eritteist\u00e4. Kuusimehu on suosittu ravinnonl\u00e4hde monille hy\u00f6nteisille, kuten muurahaisille, mehil\u00e4isille ja kimalaisille. Mehil\u00e4iset ja kimalaiset nuolevat sit\u00e4 eri puiden lehdist\u00e4 tai neulasista. Muurahaiset, kuten Lasius niger, kirjaimellisesti pit\u00e4v\u00e4t kirvoja. Ne jopa puolustavat niit\u00e4 saalistajilta ja kuljettavat ne tuoreisiin versoihin.<\/p>\n<p>Hunajamehu on erityisen suosittua muurahaisten keskuudessa sen hieman erilaisten ainesosien vuoksi. Kuusimehun t\u00e4rkeimm\u00e4t sokerit ovat sakkaroosi ja fruktoosi, mutta siin\u00e4 on my\u00f6s pienempi\u00e4 m\u00e4\u00e4ri\u00e4 maltoosia, trehaloosia, melesitoosia, raffinoosia ja muita oligosakkarideja. Sokerin ja veden lis\u00e4ksi hunajakastike sis\u00e4lt\u00e4\u00e4 my\u00f6s v\u00e4ltt\u00e4m\u00e4tt\u00f6mi\u00e4 aminohappoja, kivenn\u00e4isaineita, hivenaineita, adenosiinia, fosfaatteja ja muita ainesosia, kuten vitamiineja.<\/p>\n<p><strong>K\u00e4yt\u00e4:<\/strong><br \/>\nHunajaa sy\u00f6vien muurahaislajien (Meliphagidae) osalta.<br \/>\nT\u00e4m\u00e4 on lis\u00e4rehu<br \/>\nSit\u00e4 voidaan tarjota el\u00e4imille toimitettuna. Koska kosteus v\u00e4hent\u00e4\u00e4 sokeripitoisuutta ja k\u00e4ymisprosessi alkaa, ruoka on vaihdettava 3 p\u00e4iv\u00e4n v\u00e4lein. Puhdista ruokintakuppi\/putki huolellisesti ennen uudelleenk\u00e4ytt\u00f6\u00e4.<br \/>\nKun pakkaus on avattu, se on s\u00e4ilytett\u00e4v\u00e4 tiiviisti suljettuna viimeiseen k\u00e4ytt\u00f6p\u00e4iv\u00e4\u00e4n asti.<\/p>\n<p><strong>Ravintosis\u00e4lt\u00f6 100 g:aa kohti:<\/strong><br \/>\nnoin 2,7 % rasvat<br \/>\njosta kyll\u00e4stetty noin 0,45 % %<br \/>\nnoin 95 % hiilihydraatteja.<br \/>\njosta sokeria noin 71<br \/>\nnoin 2,85% proteiinia<\/p>\n<p>Kivenn\u00e4isaineet (kalium, kalsium, kupari, rauta, natrium, magnesium, fosfori, sinkki ja muut hivenaineet). Aminohapot (proliini, leusiini, fenyylialaniini, alaniini, histidiini, isoleusiini, glutamiinihappo, arginiini, asparagiinihappo jne.) Orgaaniset hapot Entsyymit (fermentit)Aromit Inhibiinit (antibakteeriset aineet) Kukat Siitep\u00f6ly<\/p>\n<p><strong>Varastointi:<\/strong><br \/>\nRehun laadun varmistamiseksi rehu on s\u00e4ilytett\u00e4v\u00e4 pime\u00e4ss\u00e4 ja kuivassa paikassa.<\/p>\n<p><strong>Huom:<\/strong><br \/>\nHunajaa sy\u00f6vien muurahaisten lis\u00e4rehu.<br \/>\nKatso pakkausselosteesta koostumus, analyyttiset ainesosat, parasta ennen -p\u00e4iv\u00e4ys ja er\u00e4numero.<\/p>\n<p>Tietopuhelin +49 30 439703870<\/p>\n<p><strong>Vastaava el\u00e4inl\u00e4\u00e4kint\u00e4- ja elintarvikevirasto:<\/strong><br \/>\nSteglitzin el\u00e4inl\u00e4\u00e4k\u00e4rintoimisto<br \/>\nK\u00f6nigin-Luise-Str. 92<br \/>\n14195 Berliini<\/p>","protected":false},"excerpt":{"rendered":"<p>Sarja koostuu 35 osasta<\/p>\n<p>Koko: <span style=\"color: #0000ff;\"><strong>L<\/strong><\/span><\/p>","protected":false},"featured_media":8984,"comment_status":"open","ping_status":"closed","template":"","meta":{"_acf_changed":false,"content-type":"","_monsterinsights_skip_tracking":false,"_monsterinsights_sitenote_active":false,"_monsterinsights_sitenote_note":"","_monsterinsights_sitenote_category":0},"product_brand":[],"product_cat":[355,73],"product_tag":[],"class_list":{"0":"post-8971","1":"product","2":"type-product","3":"status-publish","4":"has-post-thumbnail","6":"product_cat-bundle-offers","7":"product_cat-starter-sets","9":"first","10":"instock","11":"taxable","12":"shipping-taxable","13":"purchasable","14":"product-type-simple"},"acf":[],"aioseo_notices":[],"jetpack_sharing_enabled":true,"_links":{"self":[{"href":"https:\/\/antcube.shop\/fi\/wp-json\/wp\/v2\/product\/8971","targetHints":{"allow":["GET"]}}],"collection":[{"href":"https:\/\/antcube.shop\/fi\/wp-json\/wp\/v2\/product"}],"about":[{"href":"https:\/\/antcube.shop\/fi\/wp-json\/wp\/v2\/types\/product"}],"replies":[{"embeddable":true,"href":"https:\/\/antcube.shop\/fi\/wp-json\/wp\/v2\/comments?post=8971"}],"wp:featuredmedia":[{"embeddable":true,"href":"https:\/\/antcube.shop\/fi\/wp-json\/wp\/v2\/media\/8984"}],"wp:attachment":[{"href":"https:\/\/antcube.shop\/fi\/wp-json\/wp\/v2\/media?parent=8971"}],"wp:term":[{"taxonomy":"product_brand","embeddable":true,"href":"https:\/\/antcube.shop\/fi\/wp-json\/wp\/v2\/product_brand?post=8971"},{"taxonomy":"product_cat","embeddable":true,"href":"https:\/\/antcube.shop\/fi\/wp-json\/wp\/v2\/product_cat?post=8971"},{"taxonomy":"product_tag","embeddable":true,"href":"https:\/\/antcube.shop\/fi\/wp-json\/wp\/v2\/product_tag?post=8971"}],"curies":[{"name":"wp","href":"https:\/\/api.w.org\/{rel}","templated":true}]}}