{"id":8970,"date":"2024-08-19T20:48:32","date_gmt":"2024-08-19T18:48:32","guid":{"rendered":"https:\/\/antcube.shop\/product\/wand-formicarien-set\/"},"modified":"2026-03-04T17:24:31","modified_gmt":"2026-03-04T16:24:31","slug":"seinaasennettava-formikarium-sarja","status":"publish","type":"product","link":"https:\/\/antcube.shop\/fi\/tuote\/seinaasennettava-formikarium-sarja\/","title":{"rendered":"Sein\u00e4kiinnitteinen formikaarisarja"},"content":{"rendered":"<p><strong>Sis\u00e4lt\u00e4\u00e4:<\/strong><br \/>\n1x Sein\u00e4\u00e4n kiinnitett\u00e4v\u00e4 muurahaisareena - 30x15x15<br \/>\n1x sein\u00e4\u00e4n kiinnitett\u00e4v\u00e4 muurahaisfarmi - L - 30\u00d730 - lasi<br \/>\n1x muurahaisareenan kehys 30\u00d715<br \/>\n1x muurahaisareenan kansi 30\u00d715<\/p>\n<p>3x putkiliitin kristallinkirkas 20mm:lle - L<br \/>\n1x putkiliitin kristallinkirkas 20mm:lle - I<br \/>\n1x altaan liitin 3\/4\" - 20mm - kristallinkirkas<br \/>\n1x muurahaisputki - kristallinkirkas 20mm (3x3cm ja 1x30cm).<br \/>\n1x v\u00e4likappale 20 mm:n kiinnikkeell\u00e4 varustetulla pidikkeell\u00e4<br \/>\n1x Ristikkokorkki - 16mm - ruostumaton ter\u00e4s<br \/>\n2x Grid insert acrylic &#8211; 50 mm with sealing ring<br \/>\n1x Grid insert acrylic &#8211; 27 mm with sealing ring<br \/>\n1x formikaarimutteri 3\/4 tuumaa - kristallinkirkas<br \/>\n8x kuminen insertti porausreikien suojaksi<br \/>\n8x aluslevyt<br \/>\nsis. 8x ruuvit ja tapit<\/p>\n<p><strong>Kuvaus:<\/strong><br \/>\nT\u00e4m\u00e4 sein\u00e4kiinnitteinen formikaarisarja on kehitetty sein\u00e4asennusta varten, ja se on helppo asentaa puu- ja kiviseiniin. Sek\u00e4 areena ett\u00e4 muurahaisfarmi ovat t\u00e4ysin l\u00e4pin\u00e4kyvi\u00e4, joten pes\u00e4 on hyvin n\u00e4ht\u00e4viss\u00e4. Muurahaisten pes\u00e4materiaalina voidaan k\u00e4ytt\u00e4\u00e4 joko hiekkaa ja savea tai jotakin yhteensopivaa korkki- tai Digfix-pes\u00e4paikkaa. Muurahaisfarmin ja areenan yhdist\u00e4miseksi olemme toimittaneet sarjaan mittojen mukaan leikattuja akryyliputkia. My\u00f6s ruuvit ja tulpat sein\u00e4\u00e4n kiinnitt\u00e4mist\u00e4 varten sis\u00e4ltyv\u00e4t sarjaan.<\/p>\n<p><strong>Asennusohjeet:<\/strong><\/p>\n<p><strong>Koska lasipaneeli on takasein\u00e4, sen alla olevan sein\u00e4n on oltava t\u00e4ysin suora.<\/strong><br \/>\nKiinnitt\u00e4\u00e4ksesi 8 \"S6\"-tulppaa sein\u00e4\u00e4n tarvitset 6 mm:n poranter\u00e4n (puu-, kivi- tai metallimateriaalista riippuen). Sein\u00e4\u00e4n on porattava 45 mm:n syvyiset rei\u00e4t, jotta 6x30 mm:n tapit voidaan upottaa 4,5x40 mm:n ruuveilla.<br \/>\n<strong>Tarvitaan kokoonpanoon:<\/strong><br \/>\n- vesivaaka<br \/>\n- Teippi, jotta alapuolella olevaan sein\u00e4\u00e4n ei tarvitse tehd\u00e4 merkint\u00f6j\u00e4.<br \/>\n- ristip\u00e4\u00e4ruuvimeisseli<br \/>\n- Porakone\/porakone sein\u00e4st\u00e4 riippuen<br \/>\n- 6 mm:n poranter\u00e4 (puu, kivi tai metalli pinnasta riippuen)<br \/>\n- On my\u00f6s hy\u00f6dyllist\u00e4 tehd\u00e4 paperiarkista malli porausreiki\u00e4 varten. Aseta se yksinkertaisesti takasein\u00e4n alle ja merkitse rei\u00e4t.<\/p>\n<p><strong>Muurahaisfarmin yksityiskohdat:<\/strong><br \/>\nMitat (LxK):<br \/>\nTakasein\u00e4 (6 mm paksu): 400x293mm<\/p>\n<p>Ulkopuoli (ilman takapaneelia)<br \/>\n334x28x296mm<\/p>\n<p>Sis\u00e4ll\u00e4<br \/>\n284x20x290 mm<\/p>\n<p><strong>Materiaali:<\/strong><br \/>\nFloat-lasi<\/p>\n<p><strong>v\u00e4ri:<\/strong><br \/>\nkristallinkirkas<\/p>\n<p><strong>Muurahaisareenan yksityiskohdat:<\/strong><br \/>\nMitat (LxSxK):<br \/>\nTakasein\u00e4 (6 mm): 400x150mm<\/p>\n<p>Areena (ilman takasein\u00e4\u00e4): 300x146x150mm<\/p>\n<p><strong>materiaali:<\/strong><br \/>\nFloat-lasi<\/p>\n<p><strong>V\u00e4ri:<\/strong><br \/>\nkristallinkirkas<\/p>\n<p><strong>Mitat (LxSxK):<\/strong><br \/>\nTakasein\u00e4 (6 mm): 400x150mm<\/p>\n<p>Arena (ilman takapaneelia): 300x146x150mm<\/p>\n<p><strong>materiaali:<\/strong><br \/>\nFloat-lasi<\/p>\n<p><strong>V\u00e4ri:<\/strong><br \/>\nkristallinkirkas<\/p>\n<p><strong>Tuotantoa koskevat huomautukset<\/strong><br \/>\nLasi leikataan DIN 1249 -standardin mukaisesti +\/- 1 mm:n toleranssilla. Eritt\u00e4in pienille muurahaislajeille tarvitaan lis\u00e4suojausta.<br \/>\nKoska tuotteemme valmistetaan k\u00e4sity\u00f6n\u00e4, niiss\u00e4 voi esiinty\u00e4 v\u00e4h\u00e4isi\u00e4 poikkeamia \u00e4\u00e4rimm\u00e4isest\u00e4 huolellisuudesta huolimatta.<\/p>\n<p><strong>Tilaa koskeva huomautus<\/strong><br \/>\n<strong>Kun kiinnit\u00e4t tai irrotat letkuja, ota huomioon seuraavat asiat:<\/strong><br \/>\nJos putkea on hyvin vaikea sovittaa liit\u00e4nt\u00e4muhviin, muhvi on hierottava kevyesti pisaralla irtoamissuoja\u00f6ljy\u00e4 tai -jauhetta. T\u00e4m\u00e4n j\u00e4lkeen letku on ty\u00f6nnett\u00e4v\u00e4 pistorasiaan kiert\u00e4m\u00e4ll\u00e4 tai ruuvaamalla ilman, ett\u00e4 pistorasiaa rasitetaan yl\u00f6s- ja alasp\u00e4in suuntautuvilla liikkeill\u00e4. Sama p\u00e4tee, kun letkut irrotetaan maatilan liit\u00e4nt\u00e4muhvista. \u00c4l\u00e4 yksinkertaisesti ved\u00e4 sit\u00e4 irti!<\/p>","protected":false},"excerpt":{"rendered":"<p>T\u00e4ss\u00e4 sarjassa on 21 osaa<\/p>\n<p>Koko: <span style=\"color: #0000ff;\"><strong>L<\/strong> <\/span><\/p>","protected":false},"featured_media":8995,"comment_status":"open","ping_status":"closed","template":"","meta":{"_acf_changed":false,"content-type":"","_monsterinsights_skip_tracking":false,"_monsterinsights_sitenote_active":false,"_monsterinsights_sitenote_note":"","_monsterinsights_sitenote_category":0},"product_brand":[],"product_cat":[257,73,86],"product_tag":[],"class_list":{"0":"post-8970","1":"product","2":"type-product","3":"status-publish","4":"has-post-thumbnail","6":"product_cat-new-innovatve-products","7":"product_cat-starter-sets","8":"product_cat-formicariums","10":"first","11":"instock","12":"taxable","13":"shipping-taxable","14":"purchasable","15":"product-type-simple"},"acf":[],"aioseo_notices":[],"jetpack_sharing_enabled":true,"_links":{"self":[{"href":"https:\/\/antcube.shop\/fi\/wp-json\/wp\/v2\/product\/8970","targetHints":{"allow":["GET"]}}],"collection":[{"href":"https:\/\/antcube.shop\/fi\/wp-json\/wp\/v2\/product"}],"about":[{"href":"https:\/\/antcube.shop\/fi\/wp-json\/wp\/v2\/types\/product"}],"replies":[{"embeddable":true,"href":"https:\/\/antcube.shop\/fi\/wp-json\/wp\/v2\/comments?post=8970"}],"wp:featuredmedia":[{"embeddable":true,"href":"https:\/\/antcube.shop\/fi\/wp-json\/wp\/v2\/media\/8995"}],"wp:attachment":[{"href":"https:\/\/antcube.shop\/fi\/wp-json\/wp\/v2\/media?parent=8970"}],"wp:term":[{"taxonomy":"product_brand","embeddable":true,"href":"https:\/\/antcube.shop\/fi\/wp-json\/wp\/v2\/product_brand?post=8970"},{"taxonomy":"product_cat","embeddable":true,"href":"https:\/\/antcube.shop\/fi\/wp-json\/wp\/v2\/product_cat?post=8970"},{"taxonomy":"product_tag","embeddable":true,"href":"https:\/\/antcube.shop\/fi\/wp-json\/wp\/v2\/product_tag?post=8970"}],"curies":[{"name":"wp","href":"https:\/\/api.w.org\/{rel}","templated":true}]}}