{"id":8968,"date":"2024-08-19T20:47:21","date_gmt":"2024-08-19T18:47:21","guid":{"rendered":"https:\/\/antcube.shop\/product\/wand-ameisenfarm-l-30x30-glas\/"},"modified":"2026-01-12T12:39:31","modified_gmt":"2026-01-12T11:39:31","slug":"seina-muurahainen-maatila-l-30x30-lasi","status":"publish","type":"product","link":"https:\/\/antcube.shop\/fi\/tuote\/seina-muurahainen-maatila-l-30x30-lasi\/","title":{"rendered":"Sein\u00e4muurahaisfarmi - L - 30\u00d730 - Lasi"},"content":{"rendered":"<p><strong>Mitat (LxK):<\/strong><br \/>\nTakasein\u00e4 (6 mm paksu) : 400x293mm<\/p>\n<p>Ulkopuoli (ilman takapaneelia)<br \/>\n334x28x296mm<\/p>\n<p>Sis\u00e4ll\u00e4<br \/>\n284x20x290 mm<\/p>\n<p><strong>Materiaali:<\/strong><br \/>\nFloat-lasi<\/p>\n<p><strong>V\u00e4ri:<\/strong><br \/>\nkristallinkirkas<\/p>\n<p><strong>Sis\u00e4lt\u00f6:<\/strong><br \/>\nSein\u00e4muurahaisfarmi - L - 30\u00d730 - Lasi<br \/>\n1x kansi muurahaisfarmi<br \/>\n4x kuminen insertti porausreikien suojaksi<br \/>\n4x aluslevy porausreiki\u00e4 varten<br \/>\n4x tulpat ja ruuvit<\/p>\n<p><strong>Yhteys:<\/strong><br \/>\n2x 14\/16\/18\/20 x 20mm hylsyj\u00e4<\/p>\n<p>14\/10 letku ty\u00f6nnet\u00e4\u00e4n tiukasti 14 mm:n pistorasiaan.<br \/>\n20\/16-letku on tiukasti kiinni ensimm\u00e4isess\u00e4 16 mm:n askelmassa.<\/p>\n<p><strong>Kuvaus:<\/strong><br \/>\nT\u00e4m\u00e4 muurahaisfarmi on kehitetty sein\u00e4asennusta varten, ja se on helppo asentaa puu- ja kiviseiniin. Se on t\u00e4ysin l\u00e4pin\u00e4kyv\u00e4 ja antaa hyv\u00e4n n\u00e4kym\u00e4n pes\u00e4\u00e4n. Muurahaisten pes\u00e4materiaalina voidaan k\u00e4ytt\u00e4\u00e4 joko hiekkaa ja savea tai jotakin sopivaa korkista tai Digfixist\u00e4 valmistettua pes\u00e4osaa. Lis\u00e4ksi sivuliit\u00e4nt\u00e4pistokkeisiin voidaan liitt\u00e4\u00e4 joko letku, l\u00e4pin\u00e4kyv\u00e4 akryyliputki tai \"muurahaisportaat\". Tarjoamme my\u00f6s sein\u00e4muurahaisareenoita koossa 30\u00d715 tai 30\u00d730 sein\u00e4muurahaisfarmiin sopiviksi.<\/p>\n<p><strong>Asennusohjeet:<\/strong><br \/>\n<strong>Koska lasipaneeli on takasein\u00e4, sen alla olevan sein\u00e4n on oltava t\u00e4ysin suora.<\/strong><br \/>\nKiinnitt\u00e4\u00e4ksesi 4 \"S6\"-tulppaa sein\u00e4\u00e4n tarvitset 6 mm:n poranter\u00e4n (puu-, kivi- tai metallimateriaalista riippuen).<br \/>\nSein\u00e4\u00e4n on porattava 45 mm:n syvyiset rei\u00e4t, jotta 6x30 mm:n tapit voidaan upottaa 4,5x40 mm:n ruuveilla.<br \/>\n<strong>Tarvitaan kokoonpanoon:<\/strong><br \/>\n- vesivaaka<br \/>\n- Teippi, jotta alapuolella olevaan sein\u00e4\u00e4n ei tarvitse tehd\u00e4 merkint\u00f6j\u00e4.<br \/>\n- ristip\u00e4\u00e4ruuvimeisseli<br \/>\n- Porakone\/porakone sein\u00e4st\u00e4 riippuen<br \/>\n- 6 mm:n poranter\u00e4 (puu, kivi tai metalli pinnasta riippuen)<br \/>\n- On my\u00f6s hy\u00f6dyllist\u00e4 tehd\u00e4 paperiarkista malli porausreiki\u00e4 varten. Aseta se yksinkertaisesti takasein\u00e4n alle ja merkitse rei\u00e4t.<\/p>\n<p><strong>Tuotantoa koskevat huomautukset<\/strong><br \/>\nLasi on leikattu DIN 1249 -standardin mukaisesti +\/;- 1 mm:n toleranssilla. Eritt\u00e4in pienille muurahaislajeille tarvitaan ylim\u00e4\u00e4r\u00e4inen muurahaispoistosuoja.<br \/>\nKoska tuotteemme valmistetaan k\u00e4sity\u00f6n\u00e4, niiss\u00e4 voi esiinty\u00e4 v\u00e4h\u00e4isi\u00e4 poikkeamia \u00e4\u00e4rimm\u00e4isest\u00e4 huolellisuudesta huolimatta.<\/p>\n<p><strong>Tilaa koskeva huomautus<\/strong><br \/>\nKun kiinnit\u00e4t tai irrotat letkuja, ota huomioon seuraavat asiat:<br \/>\nJos putkea on hyvin vaikea sovittaa liit\u00e4nt\u00e4muhviin, muhvi on hierottava kevyesti pisaralla irtoamissuoja\u00f6ljy\u00e4 tai -jauhetta. T\u00e4m\u00e4n j\u00e4lkeen letku on ty\u00f6nnett\u00e4v\u00e4 pistorasiaan kiert\u00e4m\u00e4ll\u00e4 tai ruuvaamalla ilman, ett\u00e4 pistorasiaa rasitetaan yl\u00f6s- ja alasp\u00e4in suuntautuvilla liikkeill\u00e4. Sama p\u00e4tee, kun letkut irrotetaan maatilan liit\u00e4nt\u00e4muhvista. \u00c4l\u00e4 yksinkertaisesti ved\u00e4 sit\u00e4 irti!<\/p>","protected":false},"excerpt":{"rendered":"<p>Yhteys: Levyjen et\u00e4isyys: 2x 14\/16 x 20mm; Levyjen et\u00e4isyys: 2x 14\/16 x 20mm; Levyjen et\u00e4isyys: 2x 14\/16 x 20mm: Sis\u00e4puolella 20mm<\/p>\n<p>Koko: <span style=\"color: #0000ff;\"><strong>L<\/strong> <\/span><\/p>","protected":false},"featured_media":8997,"comment_status":"open","ping_status":"closed","template":"","meta":{"_acf_changed":false,"content-type":"","_monsterinsights_skip_tracking":false,"_monsterinsights_sitenote_active":false,"_monsterinsights_sitenote_note":"","_monsterinsights_sitenote_category":0},"product_brand":[],"product_cat":[257,80,83,86],"product_tag":[],"class_list":{"0":"post-8968","1":"product","2":"type-product","3":"status-publish","4":"has-post-thumbnail","6":"product_cat-new-innovatve-products","7":"product_cat-antfarms","8":"product_cat-antfarms-l","9":"product_cat-formicariums","11":"first","12":"instock","13":"taxable","14":"shipping-taxable","15":"purchasable","16":"product-type-simple"},"acf":[],"aioseo_notices":[],"jetpack_sharing_enabled":true,"_links":{"self":[{"href":"https:\/\/antcube.shop\/fi\/wp-json\/wp\/v2\/product\/8968","targetHints":{"allow":["GET"]}}],"collection":[{"href":"https:\/\/antcube.shop\/fi\/wp-json\/wp\/v2\/product"}],"about":[{"href":"https:\/\/antcube.shop\/fi\/wp-json\/wp\/v2\/types\/product"}],"replies":[{"embeddable":true,"href":"https:\/\/antcube.shop\/fi\/wp-json\/wp\/v2\/comments?post=8968"}],"wp:featuredmedia":[{"embeddable":true,"href":"https:\/\/antcube.shop\/fi\/wp-json\/wp\/v2\/media\/8997"}],"wp:attachment":[{"href":"https:\/\/antcube.shop\/fi\/wp-json\/wp\/v2\/media?parent=8968"}],"wp:term":[{"taxonomy":"product_brand","embeddable":true,"href":"https:\/\/antcube.shop\/fi\/wp-json\/wp\/v2\/product_brand?post=8968"},{"taxonomy":"product_cat","embeddable":true,"href":"https:\/\/antcube.shop\/fi\/wp-json\/wp\/v2\/product_cat?post=8968"},{"taxonomy":"product_tag","embeddable":true,"href":"https:\/\/antcube.shop\/fi\/wp-json\/wp\/v2\/product_tag?post=8968"}],"curies":[{"name":"wp","href":"https:\/\/api.w.org\/{rel}","templated":true}]}}