{"id":8967,"date":"2024-08-19T20:46:59","date_gmt":"2024-08-19T18:46:59","guid":{"rendered":"https:\/\/antcube.shop\/product\/wand-ameisenarena-30x15x15\/"},"modified":"2026-03-16T10:36:54","modified_gmt":"2026-03-16T09:36:54","slug":"seinamuurahaisareena-30x15x15","status":"publish","type":"product","link":"https:\/\/antcube.shop\/fi\/tuote\/seinamuurahaisareena-30x15x15\/","title":{"rendered":"Muurahaisareena - 30x15x15x15"},"content":{"rendered":"<p><strong>Mitat (LxSxK):<\/strong><br \/>\nTakasein\u00e4 (6 mm): 400x150mm<\/p>\n<p>Arena (ilman takapaneelia): 300x146x150mm<\/p>\n<p><strong>Materiaali:<\/strong><br \/>\nFloat-lasi<\/p>\n<p><strong>V\u00e4ri:<\/strong><br \/>\nkristallinkirkas<\/p>\n<p><strong>Sis\u00e4lt\u00f6:<\/strong><br \/>\n1x muurahaisareena - 30x15x15x15<br \/>\n4x kuminen insertti porausreikien suojaksi<br \/>\n4x aluslevy porausreiki\u00e4 varten<br \/>\n4x tulpat ja ruuvit<\/p>\n<p><strong>Yhteys:<\/strong><br \/>\n<strong>HUOMAA 4x tulpat\/ristikot\/liittimet (tarpeen mukaan) 50 mm:n reikien sivuille eiv\u00e4t sis\u00e4lly toimitukseen.<\/strong><br \/>\n2x 27mm reik\u00e4<\/p>\n<p><strong>Kuvaus:<\/strong><br \/>\nT\u00e4m\u00e4 muurahaisareena on kehitetty sein\u00e4asennusta varten, ja se on helppo asentaa puu- ja kiviseiniin. Lis\u00e4\u00e4 muurahaisfarmeja ja -areenoita voidaan liitt\u00e4\u00e4 sivussa olevien 50 mm:n reikien kautta. Liit\u00e4nt\u00e4n\u00e4 voidaan k\u00e4ytt\u00e4\u00e4 joko letkua tai l\u00e4pin\u00e4kyv\u00e4\u00e4 akryyliputkea. Tarjoamme my\u00f6s sein\u00e4muurahaisfarmia, joka sopii yhteen sein\u00e4muurahaisareenan kanssa.<br \/>\nVastaavat tuotteet Ant areenan kansi 30\u00d715 ja Ant areenan kehys 30\u00d715 on tilattava erikseen.<\/p>\n<p><strong>Asennusohjeet:<\/strong><br \/>\nKoska lasipaneeli on takasein\u00e4, sen alla olevan sein\u00e4n on oltava t\u00e4ysin suora.<br \/>\nTarvitset 6 mm:n poranter\u00e4n (puu, kivi tai metalli materiaalista riippuen) kiinnitt\u00e4\u00e4ksesi 4 \"S6\"-sein\u00e4tulppaa sein\u00e4\u00e4n.<br \/>\nSein\u00e4\u00e4n on porattava 40 mm:n syvyiset rei\u00e4t, jotta 6x30 mm:n tapit voidaan upottaa 4,5x40 mm:n ruuveilla.<br \/>\nTarvitaan asennusta varten:<br \/>\n- Vesivaaka<br \/>\n- Teippi, jotta alapuolella olevaan sein\u00e4\u00e4n ei tarvitse tehd\u00e4 merkint\u00f6j\u00e4.<br \/>\n- ristip\u00e4\u00e4ruuvimeisseli<br \/>\n- Porakone\/porakone sein\u00e4st\u00e4 riippuen<br \/>\n- 6 mm:n poranter\u00e4 (puu, kivi tai metalli pinnasta riippuen)<br \/>\n- On my\u00f6s hy\u00f6dyllist\u00e4 tehd\u00e4 paperiarkista malli porausreiki\u00e4 varten. Aseta se yksinkertaisesti takasein\u00e4n alle ja merkitse rei\u00e4t.<\/p>\n<p><strong>Tuotantoa koskevat huomautukset<\/strong><br \/>\nLasi on leikattu DIN 1249 -standardin mukaisesti +\/;- 1 mm:n toleranssilla. Eritt\u00e4in pienille muurahaislajeille tarvitaan ylim\u00e4\u00e4r\u00e4inen muurahaispoistosuoja.<br \/>\nKoska tuotteemme valmistetaan k\u00e4sity\u00f6n\u00e4, niiss\u00e4 voi esiinty\u00e4 v\u00e4h\u00e4isi\u00e4 poikkeamia \u00e4\u00e4rimm\u00e4isest\u00e4 huolellisuudesta huolimatta.<\/p>\n<p><strong>Tilaa koskeva huomautus<\/strong><br \/>\nKun kiinnit\u00e4t tai irrotat letkuja, ota huomioon seuraavat asiat:<br \/>\nJos putkea on hyvin vaikea sovittaa liit\u00e4nt\u00e4muhviin, muhvi on hierottava kevyesti pisaralla irtoamissuoja\u00f6ljy\u00e4 tai -jauhetta. T\u00e4m\u00e4n j\u00e4lkeen letku on ty\u00f6nnett\u00e4v\u00e4 pistorasiaan kiert\u00e4m\u00e4ll\u00e4 tai ruuvaamalla ilman, ett\u00e4 pistorasiaa rasitetaan yl\u00f6s- ja alasp\u00e4in suuntautuvilla liikkeill\u00e4. Sama p\u00e4tee, kun letkut irrotetaan maatilan liit\u00e4nt\u00e4muhvista. \u00c4l\u00e4 yksinkertaisesti ved\u00e4 sit\u00e4 irti!<\/p>\n<p>&nbsp;<\/p>","protected":false},"excerpt":{"rendered":"<p>Yhteys: 27 mm<\/p>","protected":false},"featured_media":8982,"comment_status":"open","ping_status":"closed","template":"","meta":{"_acf_changed":false,"content-type":"","_monsterinsights_skip_tracking":false,"_monsterinsights_sitenote_active":false,"_monsterinsights_sitenote_note":"","_monsterinsights_sitenote_category":0},"product_brand":[],"product_cat":[257,85,86],"product_tag":[],"class_list":{"0":"post-8967","1":"product","2":"type-product","3":"status-publish","4":"has-post-thumbnail","6":"product_cat-new-innovatve-products","7":"product_cat-ant-arenas","8":"product_cat-formicariums","10":"first","11":"instock","12":"taxable","13":"shipping-taxable","14":"purchasable","15":"product-type-simple"},"acf":[],"aioseo_notices":[],"jetpack_sharing_enabled":true,"_links":{"self":[{"href":"https:\/\/antcube.shop\/fi\/wp-json\/wp\/v2\/product\/8967","targetHints":{"allow":["GET"]}}],"collection":[{"href":"https:\/\/antcube.shop\/fi\/wp-json\/wp\/v2\/product"}],"about":[{"href":"https:\/\/antcube.shop\/fi\/wp-json\/wp\/v2\/types\/product"}],"replies":[{"embeddable":true,"href":"https:\/\/antcube.shop\/fi\/wp-json\/wp\/v2\/comments?post=8967"}],"wp:featuredmedia":[{"embeddable":true,"href":"https:\/\/antcube.shop\/fi\/wp-json\/wp\/v2\/media\/8982"}],"wp:attachment":[{"href":"https:\/\/antcube.shop\/fi\/wp-json\/wp\/v2\/media?parent=8967"}],"wp:term":[{"taxonomy":"product_brand","embeddable":true,"href":"https:\/\/antcube.shop\/fi\/wp-json\/wp\/v2\/product_brand?post=8967"},{"taxonomy":"product_cat","embeddable":true,"href":"https:\/\/antcube.shop\/fi\/wp-json\/wp\/v2\/product_cat?post=8967"},{"taxonomy":"product_tag","embeddable":true,"href":"https:\/\/antcube.shop\/fi\/wp-json\/wp\/v2\/product_tag?post=8967"}],"curies":[{"name":"wp","href":"https:\/\/api.w.org\/{rel}","templated":true}]}}