{"id":8853,"date":"2024-08-01T15:35:42","date_gmt":"2024-08-01T13:35:42","guid":{"rendered":"https:\/\/antcube.shop\/product\/bundle-offer-pseudoneoponera-rufipes\/"},"modified":"2025-10-19T16:10:44","modified_gmt":"2025-10-19T14:10:44","slug":"nipputarjous-pseudoneoponera-rufipes","status":"publish","type":"product","link":"https:\/\/antcube.shop\/fi\/tuote\/nipputarjous-pseudoneoponera-rufipes\/","title":{"rendered":"Pakettitarjous - Pseudoneoponera rufipes"},"content":{"rendered":"<p><span data-text-color=\"secondary\"><strong>Pakettitarjous, joka sis\u00e4lt\u00e4\u00e4 muurahaispes\u00e4n Pseudoneoponera rufipes (kuningatar ja 11-25 ty\u00f6l\u00e4ist\u00e4 + poikanen).<\/strong><\/span><\/p>\n<p><span data-text-color=\"alert\"><strong>Vain niin kauan kuin varastoa riitt\u00e4\u00e4.<\/strong><\/span><\/p>\n<p><span data-text-color=\"alert\"><strong>Toimitus mahdollista vain GO! kautta Saksan sis\u00e4ll\u00e4.<\/strong><\/span><\/p>\n<p><strong>Kaikki mit\u00e4 tarvitset Pseudoneoponera rufipes -muurahaispes\u00e4kkeit\u00e4 varten:<\/strong><br \/>\nT\u00e4m\u00e4 paketti sis\u00e4lt\u00e4\u00e4 kaiken, mit\u00e4 tarvitset Pseudoneoponera rufipes -siirtokunnan menestyksekk\u00e4\u00e4seen kasvattamiseen ensimm\u00e4isten kuukausien aikana. Se on joustavasti laajennettavissa, ja sit\u00e4 on testattu useiden vuosien ajan t\u00e4m\u00e4n muurahaislajin kanssa.<\/p>\n<p><strong>Muurahaislaji Pseudoneoponera rufipes:<\/strong><br \/>\nPseudoneoponera rufipes on suuri muurahaislaji Kaakkois-Aasiasta. Siell\u00e4 ne pesiv\u00e4t yleens\u00e4 savimaassa ja joskus my\u00f6s puissa. Koska ne ovat kotoisin trooppisilta alueilta, ne eiv\u00e4t lep\u00e4\u00e4 talviunta. Niiden yhdyskunnat voivat olla suurimmillaan useita satoja el\u00e4imi\u00e4, mutta yleens\u00e4 enint\u00e4\u00e4n 200 yksil\u00f6\u00e4.<\/p>\n<p>Ne vaikuttavat p\u00e4ivisin suhteellisen vaisuilta, sill\u00e4 ne ovat aktiivisempia y\u00f6ll\u00e4 ja h\u00e4m\u00e4r\u00e4ss\u00e4. Ne ovat kuitenkin aktiivisia my\u00f6s p\u00e4iv\u00e4ll\u00e4, ja niiden rauhallinen k\u00e4ytt\u00e4ytyminen tekee niiden tarkkailusta erityisen el\u00e4myksen. Puolustusmekanismina ne peitt\u00e4v\u00e4t vihollisensa vaahtomaisella puolustuseritteell\u00e4.<\/p>\n<p><strong>Pseudoneoponera rufipesin pes\u00e4:<\/strong><br \/>\nKoska Kaakkois-Aasian trooppisissa sademetsiss\u00e4 ne pesiv\u00e4t luonnossa yleens\u00e4 savisessa maaper\u00e4ss\u00e4, olemme valinneet XL-muurahaisviljelm\u00e4n, jossa on sademets\u00e4maata.<\/p>\n<p><strong>Pseudoneoponera rufipes -lajin ravinto:<\/strong><br \/>\nOlemme sis\u00e4llytt\u00e4neet t\u00e4h\u00e4n sarjaan ruokana kokonaisia valkaistuja sirkkoja ja hunajamehusekoitusta. Pseudoneoponera rufipes hyv\u00e4ksyy molemmat eritt\u00e4in hyvin, ja ne tukevat pes\u00e4kkeen luonnollista ja my\u00f6nteist\u00e4 kehityst\u00e4 niiden sis\u00e4lt\u00e4mien ravintoaineiden ansiosta.<\/p>\n<p><strong>Pseudoneoponera rufipesin optimaaliset ilmasto-olosuhteet ovat seuraavat:<\/strong><br \/>\nKosteus:<br \/>\nAreena: 60 - 70% Pes\u00e4alue: 60 - 80%<br \/>\nL\u00e4mp\u00f6tila:<br \/>\nAreena: 21 - 30\u00b0C Pes\u00e4alue: 24 - 28\u00b0C<\/p>\n<p><strong>Sis\u00e4lt\u00f6:<\/strong><br \/>\n1x Pseudoneoponera rufipes (kuningatar + 11-25 ty\u00f6l\u00e4ist\u00e4 + poikanen)<\/p>\n<p>1x honeydew mix (HT) - t\u00e4ydennyspakkaus 10ml<br \/>\n1x kokonainen valkaistu sirkka 10g<br \/>\n1x areenateline 20\u00d720<br \/>\n1x formikaarion pohja - 20\u00d76<\/p>\n<p>1x ANTCUBE - Arena 20x20x10 - tasainen<br \/>\n1x ANTCUBE - muurahaisfarmi - L - 20\u00d720 - pystyasennossa<br \/>\n1x muurahaisareenan kehys 20\u00d720<br \/>\n1x muurahaisareenan kansi 20\u00d720<br \/>\n4x kiinnityspiste areenan suojusta varten<\/p>\n<p>1x 0,5 m l\u00e4pin\u00e4kyv\u00e4 letku 20\/16 mm<br \/>\n2x altaan letkuliit\u00e4nt\u00e4 27 mm -14,16,20 mm - l\u00e4pin\u00e4kyv\u00e4<br \/>\n1x tarrakiinnikkeet - l\u00e4pin\u00e4kyv\u00e4 2 kpl.<br \/>\n1x ANTCUBE - punainen folio 20\u00d720 - suodatin<\/p>\n<p>2x kasvualusta - sademets\u00e4 - 1 kg<br \/>\n1x valokuvan taustapaneeli - sademets\u00e4 - 20\u00d710<\/p>\n<p>2x ritil\u00e4pelti - 50mm - ruostumaton ter\u00e4s<br \/>\n2x ritil\u00e4pelti - 27mm - ruostumatonta ter\u00e4st\u00e4<\/p>\n<p>1x mini l\u00e4mp\u00f6- ja kosteusmittari analoginen - n\u00e4ytt\u00f6 - ripustettava<br \/>\n1x jousiter\u00e4spinsetit leve\u00e4t - pehme\u00e4t<br \/>\n1x muovipinsetit vakio<br \/>\n1x Muovipipetti 3ml<br \/>\n1x Muurahaisten taudinpurkauksen torjunta\u00f6ljy 10ml<br \/>\n1x Juomakaukalo 2ml - 360 astetta<br \/>\n1x kulho kirkas 1\u00d720 - sieni<br \/>\n1x juomakaukalo kirkas 20ml - sieni<br \/>\n1x K\u00e4sisuurennuslasi - 2x - 30mm<br \/>\n1x vaahtomuovipyyhin 150x18x2.5mm<\/p>\n<p><strong>Kuvaus:<\/strong><br \/>\nT\u00e4m\u00e4 laajennettava aloitussarja Pseudoneoponera rufipes -muurahaislajille sis\u00e4lt\u00e4\u00e4 optimaalisesti mukautetun formikaarion lis\u00e4ksi my\u00f6s t\u00e4m\u00e4n muurahaislajin pit\u00e4miseen tarvittavat lis\u00e4varusteet. \"Juoma-astia kirkas 20 ml - sieni\" on tarkoitettu vedelle, \"juoma-astia 2 ml - 360 astetta\" hunajamehuseokselle.<\/p>\n<p><span data-text-color=\"alert\"><strong>T\u00e4rke\u00e4\u00e4:<\/strong><\/span> Kostuta alustaa ennen k\u00e4ytt\u00f6\u00e4, jotta seos voi sitoutua ja saada lujan otteen muurahaispes\u00e4ss\u00e4. Lis\u00e4ksi kuiva ja p\u00f6lyinen alusta voi johtaa muurahaisten hengitysteiden tukkeutumiseen ja pahimmassa tapauksessa el\u00e4inten tukehtumiseen.<\/p>\n<p><strong>Tuotantoa koskevat huomautukset<\/strong><br \/>\nLasi leikataan DIN 1249 -standardin mukaisesti +\/- 1 mm:n toleranssilla. Eritt\u00e4in pienille muurahaislajeille tarvitaan lis\u00e4suojausta.<\/p>\n<p><strong>Huomaa blanchoidut sirkat:<\/strong><br \/>\nBlanchoidut sirkkamme ovat helppo tapa tarjota muurahaisillesi tuoretta s\u00e4il\u00f6tty\u00e4 proteiiniruokaa ilman, ett\u00e4 sinun tarvitsee sy\u00f6tt\u00e4\u00e4 el\u00e4vi\u00e4 hy\u00f6nteisi\u00e4. Sis\u00e4lt\u00e4m\u00e4t sirkat (Acheta domesticus) on blanchoitu hell\u00e4varaisesti, jotta ravintoarvot, maku ja aromi s\u00e4ilyv\u00e4t. Lis\u00e4ksi hy\u00f6nteisten kitiininen kuori on pehmennetty t\u00e4ll\u00e4 tavoin, jotta se on helpommin sulavaa. Kollageeniproteiinien sidokset hajotetaan, jotta muurahaiset voivat hy\u00f6dynt\u00e4\u00e4 niit\u00e4 paremmin. Acheta domesticus -s\u00e4ilykkeill\u00e4 on sama ravintoarvo kuin el\u00e4vill\u00e4 sirkoilla, mutta ne ovat helpommin sulavia.<\/p>\n<p>Valkaistu sirkka ei sovellu el\u00e4v\u00e4\u00e4 ravintoa vaativien muurahaislajien mets\u00e4stykseen (esim. poneriinit kuten Harpegnathos tai Odontomachus).<\/p>\n<p><strong>Muita etuja:<\/strong><br \/>\nTaatusti punkkivapaa<br \/>\nVoidaan annostella<br \/>\nSteriloitu ja imuroitu<br \/>\nIlman lis\u00e4aineita<br \/>\nSirkat, jotka ovat per\u00e4isin kest\u00e4v\u00e4st\u00e4, puhtaasti luonnonmukaisesta kasvatuksesta ja joita ruokitaan orgaanisella j\u00e4tteell\u00e4.<\/p>\n<p><strong>Huom:<\/strong><br \/>\nS\u00e4ilyy j\u00e4\u00e4kaapissa noin nelj\u00e4 p\u00e4iv\u00e4\u00e4 avaamisen j\u00e4lkeen. Pidempi s\u00e4ilyvyys pakastettuna.<\/p>\n<p><strong>Huomautus hunajakastikkeesta:<\/strong><br \/>\nSis\u00e4lt\u00f6: 10 ml<br \/>\nT\u00e4m\u00e4 on luonnontuote, jota olemme jalostaneet laboratoriossamme tehtyjen laajojen testien j\u00e4lkeen ja kehitt\u00e4neet muurahaisten hyvin hyv\u00e4ksym\u00e4ksi ruoaksi. Syyn\u00e4 on se, ett\u00e4 muurahaiset ja niiden aineenvaihdunta eiv\u00e4t hyv\u00e4ksy hyvin k\u00e4sittelem\u00e4t\u00f6nt\u00e4 hunajamehua sen alkuper\u00e4isess\u00e4, tiivistetyss\u00e4 muodossa.<br \/>\nHunajamehumme ker\u00e4ttiin Bulgarian saastuttamattomista luonnonvaraisista vuoristometsist\u00e4. Hunajakastetta tuotetaan vain hyvin rajoitetun ajan, noin kaksi kuukautta kes\u00e4ll\u00e4. Siksi se on hyvin harvinaista. Metsien maaper\u00e4n erityispiirteiden ja ilmaston vuoksi puiden lehtiin varastoituu v\u00e4ltt\u00e4m\u00e4tt\u00f6mi\u00e4 ravinteita, jotka kirvat imev\u00e4t itseens\u00e4. T\u00e4m\u00e4 tekee t\u00e4st\u00e4 hunajakasteseoksesta muurahaisten kannalta niin haluttavan.<\/p>\n<p><strong>Sovellus:<\/strong><br \/>\nRuokam\u00e4\u00e4r\u00e4 tulisi kuluttaa noin 3 p\u00e4iv\u00e4n kuluessa.<\/p>\n<p><strong>Kuvaus:<\/strong><br \/>\nToisin kuin kukkahunajaa, hunajamehua saadaan kasveja imevien hy\u00f6nteisten, kuten kirvojen, eritteist\u00e4. Kuusimehu on suosittu ravinnonl\u00e4hde monille hy\u00f6nteisille, kuten muurahaisille, mehil\u00e4isille ja kimalaisille. Mehil\u00e4iset ja kimalaiset nuolevat sit\u00e4 eri puiden lehdist\u00e4 tai neulasista. Muurahaiset, kuten Lasius niger, kirjaimellisesti pit\u00e4v\u00e4t kirvoja. Ne jopa puolustavat niit\u00e4 saalistajilta ja kuljettavat ne tuoreisiin versoihin.<\/p>\n<p>Hunajamehu on erityisen suosittua muurahaisten keskuudessa sen hieman erilaisten ainesosien vuoksi. Kuusimehun t\u00e4rkeimm\u00e4t sokerit ovat sakkaroosi ja fruktoosi, mutta siin\u00e4 on my\u00f6s pienempi\u00e4 m\u00e4\u00e4ri\u00e4 maltoosia, trehaloosia, melesitoosia, raffinoosia ja muita oligosakkarideja. Sokerin ja veden lis\u00e4ksi hunajakastike sis\u00e4lt\u00e4\u00e4 my\u00f6s v\u00e4ltt\u00e4m\u00e4tt\u00f6mi\u00e4 aminohappoja, kivenn\u00e4isaineita, hivenaineita, adenosiinia, fosfaatteja ja muita ainesosia, kuten vitamiineja.<\/p>\n<p><strong>K\u00e4yt\u00e4:<\/strong><br \/>\nHunajaa sy\u00f6vien muurahaislajien (Meliphagidae) osalta.<br \/>\nT\u00e4m\u00e4 on lis\u00e4rehu<br \/>\nSit\u00e4 voidaan tarjota el\u00e4imille toimitettuna. Koska kosteus v\u00e4hent\u00e4\u00e4 sokeripitoisuutta ja k\u00e4ymisprosessi alkaa, ruoka on vaihdettava 3 p\u00e4iv\u00e4n v\u00e4lein. Puhdista ruokintakuppi\/putki huolellisesti ennen uudelleenk\u00e4ytt\u00f6\u00e4.<br \/>\nKun pakkaus on avattu, se on s\u00e4ilytett\u00e4v\u00e4 tiiviisti suljettuna viimeiseen k\u00e4ytt\u00f6p\u00e4iv\u00e4\u00e4n asti.<\/p>\n<p><strong>Ravintosis\u00e4lt\u00f6 100 g:aa kohti:<\/strong><br \/>\nnoin 2,7 % rasvat<br \/>\njosta kyll\u00e4stetty noin 0,45 % %<br \/>\nnoin 95 % hiilihydraatteja.<br \/>\njosta sokeria noin 71<br \/>\nnoin 2,85% proteiinia<\/p>\n<p>Kivenn\u00e4isaineet (kalium, kalsium, kupari, rauta, natrium, magnesium, fosfori, sinkki ja muut hivenaineet). Aminohapot (proliini, leusiini, fenyylialaniini, alaniini, histidiini, isoleusiini, glutamiinihappo, arginiini, asparagiinihappo jne.) Orgaaniset hapot Entsyymit (fermentit)Aromit Inhibiinit (antibakteeriset aineet) Kukat Siitep\u00f6ly<\/p>\n<p><strong>Varastointi:<\/strong><br \/>\nRehun laadun varmistamiseksi rehu on s\u00e4ilytett\u00e4v\u00e4 pime\u00e4ss\u00e4 ja kuivassa paikassa.<\/p>\n<p><strong>Huom:<\/strong><br \/>\nHunajaa sy\u00f6vien muurahaisten lis\u00e4rehu.<br \/>\nKatso pakkausselosteesta koostumus, analyyttiset ainesosat, parasta ennen -p\u00e4iv\u00e4ys ja er\u00e4numero.<\/p>\n<p>Tietopuhelin +49 30 439703870<\/p>\n<p><strong>Vastaava el\u00e4inl\u00e4\u00e4kint\u00e4- ja elintarvikevirasto:<\/strong><br \/>\nSteglitzin el\u00e4inl\u00e4\u00e4k\u00e4rintoimisto<br \/>\nK\u00f6nigin-Luise-Str. 92<br \/>\n14195 Berliini<\/p>","protected":false},"excerpt":{"rendered":"<p>Sarja koostuu 35 osasta<\/p>","protected":false},"featured_media":8855,"comment_status":"open","ping_status":"closed","template":"","meta":{"_acf_changed":false,"content-type":"","_monsterinsights_skip_tracking":false,"_monsterinsights_sitenote_active":false,"_monsterinsights_sitenote_note":"","_monsterinsights_sitenote_category":0},"product_brand":[],"product_cat":[355,73],"product_tag":[],"class_list":{"0":"post-8853","1":"product","2":"type-product","3":"status-publish","4":"has-post-thumbnail","6":"product_cat-bundle-offers","7":"product_cat-starter-sets","8":"product_shipping_class-germany-only","10":"first","11":"outofstock","12":"taxable","13":"shipping-taxable","14":"purchasable","15":"product-type-simple"},"acf":[],"aioseo_notices":[],"jetpack_sharing_enabled":true,"_links":{"self":[{"href":"https:\/\/antcube.shop\/fi\/wp-json\/wp\/v2\/product\/8853","targetHints":{"allow":["GET"]}}],"collection":[{"href":"https:\/\/antcube.shop\/fi\/wp-json\/wp\/v2\/product"}],"about":[{"href":"https:\/\/antcube.shop\/fi\/wp-json\/wp\/v2\/types\/product"}],"replies":[{"embeddable":true,"href":"https:\/\/antcube.shop\/fi\/wp-json\/wp\/v2\/comments?post=8853"}],"wp:featuredmedia":[{"embeddable":true,"href":"https:\/\/antcube.shop\/fi\/wp-json\/wp\/v2\/media\/8855"}],"wp:attachment":[{"href":"https:\/\/antcube.shop\/fi\/wp-json\/wp\/v2\/media?parent=8853"}],"wp:term":[{"taxonomy":"product_brand","embeddable":true,"href":"https:\/\/antcube.shop\/fi\/wp-json\/wp\/v2\/product_brand?post=8853"},{"taxonomy":"product_cat","embeddable":true,"href":"https:\/\/antcube.shop\/fi\/wp-json\/wp\/v2\/product_cat?post=8853"},{"taxonomy":"product_tag","embeddable":true,"href":"https:\/\/antcube.shop\/fi\/wp-json\/wp\/v2\/product_tag?post=8853"}],"curies":[{"name":"wp","href":"https:\/\/api.w.org\/{rel}","templated":true}]}}