{"id":8718,"date":"2024-07-22T15:43:52","date_gmt":"2024-07-22T13:43:52","guid":{"rendered":"https:\/\/antcube.shop\/product\/bonsai-tree-deko\/"},"modified":"2026-01-20T18:00:36","modified_gmt":"2026-01-20T17:00:36","slug":"bonsai-puu-deko","status":"publish","type":"product","link":"https:\/\/antcube.shop\/fi\/tuote\/bonsai-puu-deko\/","title":{"rendered":"Bonsai-puu"},"content":{"rendered":"<p>Koko \/ korkeus 20 cm - 28 cm<br \/>\nHalkaisija ~ 10 cm -20 cm, ihanteellinen 30x30x30 cm ja sit\u00e4 suuremmille areenoille.<br \/>\nPaino vaihtelee 250 ja 400 gramman v\u00e4lill\u00e4.<\/p>\n<p>Bonsai-puumme on ihanteellinen koriste formicariumiin. Sit\u00e4 voidaan k\u00e4ytt\u00e4\u00e4 sek\u00e4 vapaasti seisovassa fromikaariossa ett\u00e4 luonnollisesti istutetuissa vivaarioissa. Koska muurahaiset voivat piiloutua bonsain alle tai sis\u00e4\u00e4n, suosittelemme, ett\u00e4 k\u00e4yt\u00e4t sit\u00e4 vasta, kun muurahaispes\u00e4si on jo muuttanut pes\u00e4\u00e4ns\u00e4. Muussa tapauksessa ne saattavat suosia sit\u00e4 pes\u00e4paikkana ja menet\u00e4t pes\u00e4n n\u00e4kyvist\u00e4.<\/p>\n<p><strong>HUOMIO:<\/strong> \u00c4l\u00e4 sijoita eritt\u00e4in kosteaan formikariaan (yli 60% kosteus). Bonsai voi alkaa homehtua. Hyvin hyv\u00e4ll\u00e4 ilmanvaihdolla bonsai voidaan sijoittaa my\u00f6s kosteampaan formikariaan.<\/p>\n<p><span data-text-color=\"alert\"><strong>T\u00c4RKE\u00c4 HUOMAUTUS ARTIKKELISTA:<\/strong><\/span><br \/>\nKoska kyseess\u00e4 on luonnontuote \/ ainutlaatuinen tuote, kuvat eiv\u00e4t ole t\u00e4ysin identtisi\u00e4 saamasi tuotteen kanssa. Minipuun sek\u00e4 louhosliuskekivipohjalevyn koossa, muodossa ja v\u00e4riss\u00e4 on vaihtelua. Takaamme vain tuotteen enimm\u00e4iskorkeuden.<\/p>\n<p>Tilaamalla t\u00e4m\u00e4n tuotteen hyv\u00e4ksyt ja hyv\u00e4ksyt edell\u00e4 mainitut mahdolliset tuotteen koon, muodon ja v\u00e4rin vaihtelut ostohetkell\u00e4.<\/p>","protected":false},"excerpt":{"rendered":"<p>Mitat: 20-28 cm korkea<\/p>","protected":false},"featured_media":8721,"comment_status":"open","ping_status":"closed","template":"","meta":{"_acf_changed":false,"content-type":"","_monsterinsights_skip_tracking":false,"_monsterinsights_sitenote_active":false,"_monsterinsights_sitenote_note":"","_monsterinsights_sitenote_category":0},"product_brand":[],"product_cat":[95,98],"product_tag":[],"class_list":{"0":"post-8718","1":"product","2":"type-product","3":"status-publish","4":"has-post-thumbnail","6":"product_cat-accessories-for-ants","7":"product_cat-decoration","9":"first","10":"outofstock","11":"taxable","12":"shipping-taxable","13":"purchasable","14":"product-type-simple"},"acf":[],"aioseo_notices":[],"jetpack_sharing_enabled":true,"_links":{"self":[{"href":"https:\/\/antcube.shop\/fi\/wp-json\/wp\/v2\/product\/8718","targetHints":{"allow":["GET"]}}],"collection":[{"href":"https:\/\/antcube.shop\/fi\/wp-json\/wp\/v2\/product"}],"about":[{"href":"https:\/\/antcube.shop\/fi\/wp-json\/wp\/v2\/types\/product"}],"replies":[{"embeddable":true,"href":"https:\/\/antcube.shop\/fi\/wp-json\/wp\/v2\/comments?post=8718"}],"wp:featuredmedia":[{"embeddable":true,"href":"https:\/\/antcube.shop\/fi\/wp-json\/wp\/v2\/media\/8721"}],"wp:attachment":[{"href":"https:\/\/antcube.shop\/fi\/wp-json\/wp\/v2\/media?parent=8718"}],"wp:term":[{"taxonomy":"product_brand","embeddable":true,"href":"https:\/\/antcube.shop\/fi\/wp-json\/wp\/v2\/product_brand?post=8718"},{"taxonomy":"product_cat","embeddable":true,"href":"https:\/\/antcube.shop\/fi\/wp-json\/wp\/v2\/product_cat?post=8718"},{"taxonomy":"product_tag","embeddable":true,"href":"https:\/\/antcube.shop\/fi\/wp-json\/wp\/v2\/product_tag?post=8718"}],"curies":[{"name":"wp","href":"https:\/\/api.w.org\/{rel}","templated":true}]}}