{"id":8518,"date":"2024-06-10T10:41:37","date_gmt":"2024-06-10T08:41:37","guid":{"rendered":"https:\/\/antcube.shop\/product\/poster\/"},"modified":"2025-09-30T10:22:23","modified_gmt":"2025-09-30T08:22:23","slug":"posterin-anatomia","status":"publish","type":"product","link":"https:\/\/antcube.shop\/fi\/tuote\/posterin-anatomia\/","title":{"rendered":"Posterin anatomia"},"content":{"rendered":"<p>Paksulle mattapaperille tehdyt museolaatuiset julisteet. Lis\u00e4\u00e4 upea aksentti huoneeseesi ja toimistoosi n\u00e4ill\u00e4 julisteilla, jotka varmasti pirist\u00e4v\u00e4t mit\u00e4 tahansa ymp\u00e4rist\u00f6\u00e4.<\/p>\n<p>- Paperin paksuus: 10,3 mil<br \/>\n- Paperin paino: 189 g\/m\u00b2<br \/>\n- Opasiteetti: 94%<br \/>\n- ISO-kirkkaus: 104%<br \/>\n- Paperi on per\u00e4isin Japanista<\/p>\n<p>T\u00e4m\u00e4 tuote valmistetaan erityisesti sinua varten heti tilauksen tekemisen j\u00e4lkeen, mink\u00e4 vuoksi sen toimittaminen sinulle kest\u00e4\u00e4 hieman kauemmin. Tuotteiden valmistaminen tilauksesta eik\u00e4 irtotavarana auttaa v\u00e4hent\u00e4m\u00e4\u00e4n ylituotantoa, joten kiitos, ett\u00e4 teet harkittuja ostop\u00e4\u00e4t\u00f6ksi\u00e4!<\/p>","protected":false},"excerpt":{"rendered":"<p>Paksulle mattapaperille tehdyt museolaatuiset julisteet. Lis\u00e4\u00e4 upea aksentti huoneeseesi ja toimistoosi n\u00e4ill\u00e4 julisteilla, jotka varmasti pirist\u00e4v\u00e4t mit\u00e4 tahansa ymp\u00e4rist\u00f6\u00e4. - Paperin paksuus: 10,3 mil - Paperin paino: 189 g\/m\u00b2 - L\u00e4pin\u00e4kyvyys: 94% - ISO-kirkkaus: 104% - Paperi on per\u00e4isin Japanista T\u00e4m\u00e4 tuote on valmistettu erityisesti","protected":false},"featured_media":8523,"comment_status":"open","ping_status":"closed","template":"","meta":{"_acf_changed":false,"content-type":"","_monsterinsights_skip_tracking":false,"_monsterinsights_sitenote_active":false,"_monsterinsights_sitenote_note":"","_monsterinsights_sitenote_category":0},"product_brand":[],"product_cat":[245],"product_tag":[],"class_list":{"0":"post-8518","1":"product","2":"type-product","3":"status-publish","4":"has-post-thumbnail","6":"product_cat-merchandise","8":"first","9":"instock","10":"taxable","11":"shipping-taxable","12":"purchasable","13":"product-type-variable"},"acf":[],"aioseo_notices":[],"jetpack_sharing_enabled":true,"_links":{"self":[{"href":"https:\/\/antcube.shop\/fi\/wp-json\/wp\/v2\/product\/8518","targetHints":{"allow":["GET"]}}],"collection":[{"href":"https:\/\/antcube.shop\/fi\/wp-json\/wp\/v2\/product"}],"about":[{"href":"https:\/\/antcube.shop\/fi\/wp-json\/wp\/v2\/types\/product"}],"replies":[{"embeddable":true,"href":"https:\/\/antcube.shop\/fi\/wp-json\/wp\/v2\/comments?post=8518"}],"wp:featuredmedia":[{"embeddable":true,"href":"https:\/\/antcube.shop\/fi\/wp-json\/wp\/v2\/media\/8523"}],"wp:attachment":[{"href":"https:\/\/antcube.shop\/fi\/wp-json\/wp\/v2\/media?parent=8518"}],"wp:term":[{"taxonomy":"product_brand","embeddable":true,"href":"https:\/\/antcube.shop\/fi\/wp-json\/wp\/v2\/product_brand?post=8518"},{"taxonomy":"product_cat","embeddable":true,"href":"https:\/\/antcube.shop\/fi\/wp-json\/wp\/v2\/product_cat?post=8518"},{"taxonomy":"product_tag","embeddable":true,"href":"https:\/\/antcube.shop\/fi\/wp-json\/wp\/v2\/product_tag?post=8518"}],"curies":[{"name":"wp","href":"https:\/\/api.w.org\/{rel}","templated":true}]}}