{"id":8505,"date":"2024-06-10T10:40:55","date_gmt":"2024-06-10T08:40:55","guid":{"rendered":"https:\/\/antcube.shop\/product\/sports-water-bottle\/"},"modified":"2025-12-03T21:47:07","modified_gmt":"2025-12-03T20:47:07","slug":"urheiluvesipullo","status":"publish","type":"product","link":"https:\/\/antcube.shop\/fi\/tuote\/urheiluvesipullo\/","title":{"rendered":"Urheilu vesipullo"},"content":{"rendered":"<p>Hanki 50%-kierr\u00e4tysmuovista valmistettu yksil\u00f6llinen ja urheilujuomapullo, jotta voit nauttia nesteit\u00e4 tyylill\u00e4. Se kest\u00e4\u00e4 tahroja, pirstoutumista ja hajuja ja pit\u00e4\u00e4 juomasi raikkaina, ja roiskeenkest\u00e4v\u00e4 kansi ja puruventtiili est\u00e4v\u00e4t vuodot. T\u00e4m\u00e4n pullon eritt\u00e4in suuri koko sopii my\u00f6s pitkiin kuntosali-, ty\u00f6- tai opiskelusessioihin! - 25<\/p>\n<p>- 25 oz (739 ml) <br \/>\n- Mitat: (25,4 \u00d7 7,62 cm).<br \/>\n- BPA-vapaa Eastman Tritan\u2122 Renew 50% -kierr\u00e4tysmateriaali. <br \/>\n- Tahran-, sirpalemateriaalin ja hajun kest\u00e4v\u00e4 tuote.<br \/>\n- Vuodonkest\u00e4v\u00e4 ruuvikorkki, jossa on purentaventtiili<br \/>\n- Yhden sormen kantokahva<\/p>","protected":false},"excerpt":{"rendered":"<p>Hanki 50%-kierr\u00e4tysmuovista valmistettu yksil\u00f6llinen ja urheilujuomapullo, jotta voit nauttia nesteit\u00e4 tyylill\u00e4. Se kest\u00e4\u00e4 tahroja, pirstoutumista ja hajuja ja pit\u00e4\u00e4 juomasi raikkaina, ja roiskeenkest\u00e4v\u00e4 kansi ja puruventtiili est\u00e4v\u00e4t vuodot. T\u00e4m\u00e4n pullon eritt\u00e4in suuri koko sopii my\u00f6s pitkiin kuntosali-, ty\u00f6- tai opiskelusessioihin! - 25","protected":false},"featured_media":0,"comment_status":"open","ping_status":"closed","template":"","meta":{"_acf_changed":false,"content-type":"","_monsterinsights_skip_tracking":false,"_monsterinsights_sitenote_active":false,"_monsterinsights_sitenote_note":"","_monsterinsights_sitenote_category":0},"product_brand":[],"product_cat":[245],"product_tag":[],"class_list":{"0":"post-8505","1":"product","2":"type-product","3":"status-publish","5":"product_cat-merchandise","7":"first","8":"outofstock","9":"taxable","10":"shipping-taxable","11":"product-type-variable"},"acf":[],"aioseo_notices":[],"jetpack_sharing_enabled":true,"_links":{"self":[{"href":"https:\/\/antcube.shop\/fi\/wp-json\/wp\/v2\/product\/8505","targetHints":{"allow":["GET"]}}],"collection":[{"href":"https:\/\/antcube.shop\/fi\/wp-json\/wp\/v2\/product"}],"about":[{"href":"https:\/\/antcube.shop\/fi\/wp-json\/wp\/v2\/types\/product"}],"replies":[{"embeddable":true,"href":"https:\/\/antcube.shop\/fi\/wp-json\/wp\/v2\/comments?post=8505"}],"wp:attachment":[{"href":"https:\/\/antcube.shop\/fi\/wp-json\/wp\/v2\/media?parent=8505"}],"wp:term":[{"taxonomy":"product_brand","embeddable":true,"href":"https:\/\/antcube.shop\/fi\/wp-json\/wp\/v2\/product_brand?post=8505"},{"taxonomy":"product_cat","embeddable":true,"href":"https:\/\/antcube.shop\/fi\/wp-json\/wp\/v2\/product_cat?post=8505"},{"taxonomy":"product_tag","embeddable":true,"href":"https:\/\/antcube.shop\/fi\/wp-json\/wp\/v2\/product_tag?post=8505"}],"curies":[{"name":"wp","href":"https:\/\/api.w.org\/{rel}","templated":true}]}}