{"id":8197,"date":"2024-06-10T10:30:29","date_gmt":"2024-06-10T08:30:29","guid":{"rendered":"https:\/\/antcube.shop\/product\/unisex-hoodie-2\/"},"modified":"2024-12-12T11:08:24","modified_gmt":"2024-12-12T10:08:24","slug":"unisex-huppari-2","status":"publish","type":"product","link":"https:\/\/antcube.shop\/fi\/tuote\/unisex-huppari-2\/","title":{"rendered":"Unisex huppari"},"content":{"rendered":"<p>Jokainen tarvitsee mukavan hupparin, johon k\u00e4perty\u00e4, joten valitse sellainen, joka on pehme\u00e4, sile\u00e4 ja tyylik\u00e4s. Se on t\u00e4ydellinen valinta viile\u00e4mpiin iltoihin!<\/p>\n<p>- 50% esikuivattu puuvilla, 50% polyesteri.<br \/>\n- Kankaan paino: 8,0 oz\/yd\u00b2 (271,25 g\/m\u00b2).<br \/>\n- Ilmasuihkukehr\u00e4tty lanka, jossa on pehme\u00e4 tuntuma ja v\u00e4h\u00e4inen pillingin m\u00e4\u00e4r\u00e4.<br \/>\n- Kaksoisvuorattu huppu, jossa on yhteensopiva kiristysnauha<br \/>\n- Nelj\u00e4nnesosan vartalok\u00e4\u00e4nn\u00f6s keskell\u00e4 olevan rypyn v\u00e4ltt\u00e4miseksi.<br \/>\n- 1 \u00d7 1 urheilullinen ribbineulos hihansuissa ja vy\u00f6t\u00e4r\u00f6nauhassa on elastaania.<br \/>\n- Edess\u00e4 tasku<br \/>\n- Kaksoisneulalla ommeltu kaulus, olkap\u00e4\u00e4t, k\u00e4dentiet, hihansuut ja helma.<br \/>\n- Bangladeshista, Nicaraguasta, Hondurasista tai El Salvadorista per\u00e4isin oleva tyhj\u00e4 tuote.<\/p>\n<p>T\u00e4m\u00e4 tuote valmistetaan erityisesti sinua varten heti tilauksen tekemisen j\u00e4lkeen, mink\u00e4 vuoksi sen toimittaminen sinulle kest\u00e4\u00e4 hieman kauemmin. Tuotteiden valmistaminen tilauksesta eik\u00e4 irtotavarana auttaa v\u00e4hent\u00e4m\u00e4\u00e4n ylituotantoa, joten kiitos, ett\u00e4 teet harkittuja ostop\u00e4\u00e4t\u00f6ksi\u00e4!<\/p>","protected":false},"excerpt":{"rendered":"<p>Jokainen tarvitsee mukavan hupparin, johon k\u00e4perty\u00e4, joten valitse sellainen, joka on pehme\u00e4, sile\u00e4 ja tyylik\u00e4s. Se on t\u00e4ydellinen valinta viile\u00e4mpiin iltoihin! - 50% esikuivattu puuvilla, 50% polyesteri - Kangaspaino: 8,0 oz\/yd\u00b2 (271,25 g\/m\u00b2) - Ilmasuihkukehr\u00e4tty lanka, jossa pehme\u00e4 tuntuma ja v\u00e4h\u00e4inen pillingin muodostuminen - Kaksoisvuorattu huppu, jossa on yhteensopiva","protected":false},"featured_media":8290,"comment_status":"open","ping_status":"closed","template":"","meta":{"_acf_changed":false,"content-type":"","_monsterinsights_skip_tracking":false,"_monsterinsights_sitenote_active":false,"_monsterinsights_sitenote_note":"","_monsterinsights_sitenote_category":0},"product_brand":[],"product_cat":[245],"product_tag":[],"class_list":{"0":"post-8197","1":"product","2":"type-product","3":"status-publish","4":"has-post-thumbnail","6":"product_cat-merchandise","8":"first","9":"instock","10":"taxable","11":"shipping-taxable","12":"purchasable","13":"product-type-variable"},"acf":[],"aioseo_notices":[],"jetpack_sharing_enabled":true,"_links":{"self":[{"href":"https:\/\/antcube.shop\/fi\/wp-json\/wp\/v2\/product\/8197","targetHints":{"allow":["GET"]}}],"collection":[{"href":"https:\/\/antcube.shop\/fi\/wp-json\/wp\/v2\/product"}],"about":[{"href":"https:\/\/antcube.shop\/fi\/wp-json\/wp\/v2\/types\/product"}],"replies":[{"embeddable":true,"href":"https:\/\/antcube.shop\/fi\/wp-json\/wp\/v2\/comments?post=8197"}],"wp:featuredmedia":[{"embeddable":true,"href":"https:\/\/antcube.shop\/fi\/wp-json\/wp\/v2\/media\/8290"}],"wp:attachment":[{"href":"https:\/\/antcube.shop\/fi\/wp-json\/wp\/v2\/media?parent=8197"}],"wp:term":[{"taxonomy":"product_brand","embeddable":true,"href":"https:\/\/antcube.shop\/fi\/wp-json\/wp\/v2\/product_brand?post=8197"},{"taxonomy":"product_cat","embeddable":true,"href":"https:\/\/antcube.shop\/fi\/wp-json\/wp\/v2\/product_cat?post=8197"},{"taxonomy":"product_tag","embeddable":true,"href":"https:\/\/antcube.shop\/fi\/wp-json\/wp\/v2\/product_tag?post=8197"}],"curies":[{"name":"wp","href":"https:\/\/api.w.org\/{rel}","templated":true}]}}