{"id":8185,"date":"2024-06-10T10:28:06","date_gmt":"2024-06-10T08:28:06","guid":{"rendered":"https:\/\/antcube.shop\/product\/boxer-briefs\/"},"modified":"2024-12-12T11:08:38","modified_gmt":"2024-12-12T10:08:38","slug":"bokserit","status":"publish","type":"product","link":"https:\/\/antcube.shop\/fi\/tuote\/bokserit\/","title":{"rendered":"Bokserit alushousut"},"content":{"rendered":"<p>N\u00e4m\u00e4 bokserit on valmistettu pehme\u00e4st\u00e4 ja joustavasta materiaalista, joka takaa mukavuuden koko p\u00e4iv\u00e4n. Bokserip\u00f6ksyiss\u00e4 ei ole takasaumaa, ja niiss\u00e4 on vuorattu etupussi, joka lis\u00e4\u00e4 mukavuutta ja tukea. <\/p>\n<p>- 95% polyesteri, 5% elastaani (kankaan koostumus voi vaihdella 1%:n mukaan).<br \/>\n- Mid-rise<br \/>\n- Vuorattu etupussi lis\u00e4tukea varten<br \/>\n- 4 cm leve\u00e4 joustava vy\u00f6t\u00e4r\u00f6nauha, joka on p\u00e4\u00e4llystetty kankaalla.<br \/>\n- haarojen paneeli <br \/>\n- Overlock ja peitto-ompeleet <br \/>\n- Ei takasaumaa lis\u00e4\u00e4 mukavuutta<br \/>\n- Liettuasta per\u00e4isin olevat tyhj\u00e4t tuotekomponentit EU:ssa<br \/>\n- Meksikossa valmistettavat tyhj\u00e4t tuotekomponentit, jotka on hankittu Yhdysvalloista ja Kiinasta.<\/p>","protected":false},"excerpt":{"rendered":"<p>N\u00e4m\u00e4 bokserit on valmistettu pehme\u00e4st\u00e4 ja joustavasta materiaalista, joka takaa mukavuuden koko p\u00e4iv\u00e4n. Bokserip\u00f6ksyiss\u00e4 ei ole takasaumaa, ja niiss\u00e4 on vuorattu etupussi, joka lis\u00e4\u00e4 mukavuutta ja tukea. - 95% polyesteri, 5% elastaani (kangaskoostumus voi vaihdella 1%:n mukaan) - Keskikorkea - Vuorattu etupussi lis\u00e4\u00e4 mukavuutta.","protected":false},"featured_media":8195,"comment_status":"open","ping_status":"closed","template":"","meta":{"_acf_changed":false,"content-type":"","_monsterinsights_skip_tracking":false,"_monsterinsights_sitenote_active":false,"_monsterinsights_sitenote_note":"","_monsterinsights_sitenote_category":0},"product_brand":[],"product_cat":[245],"product_tag":[],"class_list":{"0":"post-8185","1":"product","2":"type-product","3":"status-publish","4":"has-post-thumbnail","6":"product_cat-merchandise","8":"first","9":"instock","10":"taxable","11":"shipping-taxable","12":"purchasable","13":"product-type-variable"},"acf":[],"aioseo_notices":[],"jetpack_sharing_enabled":true,"_links":{"self":[{"href":"https:\/\/antcube.shop\/fi\/wp-json\/wp\/v2\/product\/8185","targetHints":{"allow":["GET"]}}],"collection":[{"href":"https:\/\/antcube.shop\/fi\/wp-json\/wp\/v2\/product"}],"about":[{"href":"https:\/\/antcube.shop\/fi\/wp-json\/wp\/v2\/types\/product"}],"replies":[{"embeddable":true,"href":"https:\/\/antcube.shop\/fi\/wp-json\/wp\/v2\/comments?post=8185"}],"wp:featuredmedia":[{"embeddable":true,"href":"https:\/\/antcube.shop\/fi\/wp-json\/wp\/v2\/media\/8195"}],"wp:attachment":[{"href":"https:\/\/antcube.shop\/fi\/wp-json\/wp\/v2\/media?parent=8185"}],"wp:term":[{"taxonomy":"product_brand","embeddable":true,"href":"https:\/\/antcube.shop\/fi\/wp-json\/wp\/v2\/product_brand?post=8185"},{"taxonomy":"product_cat","embeddable":true,"href":"https:\/\/antcube.shop\/fi\/wp-json\/wp\/v2\/product_cat?post=8185"},{"taxonomy":"product_tag","embeddable":true,"href":"https:\/\/antcube.shop\/fi\/wp-json\/wp\/v2\/product_tag?post=8185"}],"curies":[{"name":"wp","href":"https:\/\/api.w.org\/{rel}","templated":true}]}}