{"id":8070,"date":"2024-06-07T18:24:40","date_gmt":"2024-06-07T16:24:40","guid":{"rendered":"https:\/\/antcube.shop\/product\/unisex-t-shirt\/"},"modified":"2024-12-12T11:08:49","modified_gmt":"2024-12-12T10:08:49","slug":"unisex-t-paita","status":"publish","type":"product","link":"https:\/\/antcube.shop\/fi\/tuote\/unisex-t-paita\/","title":{"rendered":"Unisex t-paita"},"content":{"rendered":"<p>T\u00e4m\u00e4 t-paita on kaikkea, mist\u00e4 olet unelmoinut ja enemm\u00e4nkin. Se tuntuu pehme\u00e4lt\u00e4 ja kevyelt\u00e4, ja siin\u00e4 on sopivasti venytyst\u00e4. Se on mukava ja imarteleva kaikille. <\/p>\n<p>- 100% kampapuuvillaa ja rengaskehr\u00e4tty\u00e4 puuvillaa (Heather-v\u00e4rit sis\u00e4lt\u00e4v\u00e4t polyesteri\u00e4).<br \/>\n- Kankaan paino: 4,2 oz.\/yd.\u00b2 (142 g\/m\u00b2).<br \/>\n- Esikuivattu kangas<br \/>\n- Sivusaumattu rakenne<br \/>\n- Olkap\u00e4\u00e4st\u00e4 olkap\u00e4\u00e4h\u00e4n teippaus<br \/>\n- Nicaraguasta, Meksikosta, Hondurasista tai Yhdysvalloista per\u00e4isin oleva tyhj\u00e4 tuote.<\/p>\n<p>T\u00e4m\u00e4 tuote valmistetaan erityisesti sinua varten heti tilauksen tekemisen j\u00e4lkeen, mink\u00e4 vuoksi sen toimittaminen sinulle kest\u00e4\u00e4 hieman kauemmin. Tuotteiden valmistaminen tilauksesta eik\u00e4 irtotavarana auttaa v\u00e4hent\u00e4m\u00e4\u00e4n ylituotantoa, joten kiitos, ett\u00e4 teet harkittuja ostop\u00e4\u00e4t\u00f6ksi\u00e4!<\/p>","protected":false},"excerpt":{"rendered":"<p>T\u00e4m\u00e4 t-paita on kaikkea, mist\u00e4 olet unelmoinut ja enemm\u00e4nkin. Se tuntuu pehme\u00e4lt\u00e4 ja kevyelt\u00e4, ja siin\u00e4 on sopivasti venytyst\u00e4. Se on mukava ja imarteleva kaikille. - 100% kampapuuvillaa ja rengaskehr\u00e4tty\u00e4 puuvillaa (Heather-v\u00e4rit sis\u00e4lt\u00e4v\u00e4t polyesteri\u00e4) - Kangaspaino: 4,2 oz.\/yd.\u00b2 (142 g\/m\u00b2) - Esikuivattu kangas - Sivusaumattu rakenne - Olkap\u00e4\u00e4st\u00e4 olkap\u00e4\u00e4h\u00e4n ulottuva teippaus - Tyhj\u00e4 tuote.","protected":false},"featured_media":8150,"comment_status":"open","ping_status":"closed","template":"","meta":{"_acf_changed":false,"content-type":"","_monsterinsights_skip_tracking":false,"_monsterinsights_sitenote_active":false,"_monsterinsights_sitenote_note":"","_monsterinsights_sitenote_category":0},"product_brand":[],"product_cat":[245],"product_tag":[],"class_list":{"0":"post-8070","1":"product","2":"type-product","3":"status-publish","4":"has-post-thumbnail","6":"product_cat-merchandise","8":"first","9":"instock","10":"taxable","11":"shipping-taxable","12":"purchasable","13":"product-type-variable"},"acf":[],"aioseo_notices":[],"jetpack_sharing_enabled":true,"_links":{"self":[{"href":"https:\/\/antcube.shop\/fi\/wp-json\/wp\/v2\/product\/8070","targetHints":{"allow":["GET"]}}],"collection":[{"href":"https:\/\/antcube.shop\/fi\/wp-json\/wp\/v2\/product"}],"about":[{"href":"https:\/\/antcube.shop\/fi\/wp-json\/wp\/v2\/types\/product"}],"replies":[{"embeddable":true,"href":"https:\/\/antcube.shop\/fi\/wp-json\/wp\/v2\/comments?post=8070"}],"wp:featuredmedia":[{"embeddable":true,"href":"https:\/\/antcube.shop\/fi\/wp-json\/wp\/v2\/media\/8150"}],"wp:attachment":[{"href":"https:\/\/antcube.shop\/fi\/wp-json\/wp\/v2\/media?parent=8070"}],"wp:term":[{"taxonomy":"product_brand","embeddable":true,"href":"https:\/\/antcube.shop\/fi\/wp-json\/wp\/v2\/product_brand?post=8070"},{"taxonomy":"product_cat","embeddable":true,"href":"https:\/\/antcube.shop\/fi\/wp-json\/wp\/v2\/product_cat?post=8070"},{"taxonomy":"product_tag","embeddable":true,"href":"https:\/\/antcube.shop\/fi\/wp-json\/wp\/v2\/product_tag?post=8070"}],"curies":[{"name":"wp","href":"https:\/\/api.w.org\/{rel}","templated":true}]}}