{"id":7942,"date":"2024-05-29T15:42:05","date_gmt":"2024-05-29T13:42:05","guid":{"rendered":"https:\/\/antcube.shop\/product\/rote-abdeckplatte-20x20-liegend\/"},"modified":"2026-04-16T12:33:06","modified_gmt":"2026-04-16T10:33:06","slug":"punainen-peitelevy-20x20","status":"publish","type":"product","link":"https:\/\/antcube.shop\/fi\/tuote\/punainen-peitelevy-20x20\/","title":{"rendered":"Punainen peitelevy 20\u00d720 - vaakasuora"},"content":{"rendered":"<p><strong>Mitat:<\/strong> 180 x 180 mm,<br \/>\n<strong>Paksuus:<\/strong> 3 mm<br \/>\n56mm reik\u00e4rengas ulkomitta - 33mm reik\u00e4 sis\u00e4mitta.<\/p>\n<p><strong>Materiaali:<\/strong> PMMA<\/p>\n<p><strong>V\u00e4ri:<\/strong> tummanpunainen, l\u00e4pin\u00e4kyv\u00e4<\/p>\n<p><strong>Sis\u00e4lt\u00f6:<\/strong> 1 kpl.<\/p>\n<p><strong>Kuvaus:<\/strong> Punaisella l\u00e4pin\u00e4kyv\u00e4ll\u00e4 vaakasuoralla peitelevyll\u00e4 annetaan muurahaisille maanalainen tunne. Siksi suosittelemme t\u00e4m\u00e4n tuotteen k\u00e4ytt\u00f6\u00e4 ainakin osittain pes\u00e4alueella. Voit jopa n\u00e4hd\u00e4 muurahaiset pes\u00e4ss\u00e4 kannen l\u00e4pi.<\/p>","protected":false},"excerpt":{"rendered":"<p>Mitat: Paksuus: 180 x 180 mm: Materiaali: 56mm reik\u00e4 rengas ulkomitta - 33mm reik\u00e4 sis\u00e4mitta: Materiaali: PMMA V\u00e4ri: tummanpunainen, l\u00e4pin\u00e4kyv\u00e4 Materiaali: PMMA V\u00e4ri: tummanpunainen, l\u00e4pin\u00e4kyv\u00e4 Materiaali: PMMA V\u00e4ri: tummanpunainen, l\u00e4pin\u00e4kyv\u00e4 Materiaali: PMMA: 1 kpl. Kuvaus: Punainen l\u00e4pin\u00e4kyv\u00e4 peitelevy - vaakasuora, k\u00e4ytet\u00e4\u00e4n antamaan muurahaisille maanalainen tunne. Siksi suosittelemme k\u00e4ytt\u00e4m\u00e4\u00e4n t\u00e4t\u00e4 tuotetta ainakin osittain vuonna","protected":false},"featured_media":7945,"comment_status":"open","ping_status":"closed","template":"","meta":{"_acf_changed":false,"content-type":"","_monsterinsights_skip_tracking":false,"_monsterinsights_sitenote_active":false,"_monsterinsights_sitenote_note":"","_monsterinsights_sitenote_category":0},"product_brand":[],"product_cat":[119,239],"product_tag":[],"class_list":{"0":"post-7942","1":"product","2":"type-product","3":"status-publish","4":"has-post-thumbnail","6":"product_cat-formicarium-components","7":"product_cat-useful-additions","9":"first","10":"instock","11":"taxable","12":"shipping-taxable","13":"purchasable","14":"product-type-simple"},"acf":[],"aioseo_notices":[],"jetpack_sharing_enabled":true,"_links":{"self":[{"href":"https:\/\/antcube.shop\/fi\/wp-json\/wp\/v2\/product\/7942","targetHints":{"allow":["GET"]}}],"collection":[{"href":"https:\/\/antcube.shop\/fi\/wp-json\/wp\/v2\/product"}],"about":[{"href":"https:\/\/antcube.shop\/fi\/wp-json\/wp\/v2\/types\/product"}],"replies":[{"embeddable":true,"href":"https:\/\/antcube.shop\/fi\/wp-json\/wp\/v2\/comments?post=7942"}],"wp:featuredmedia":[{"embeddable":true,"href":"https:\/\/antcube.shop\/fi\/wp-json\/wp\/v2\/media\/7945"}],"wp:attachment":[{"href":"https:\/\/antcube.shop\/fi\/wp-json\/wp\/v2\/media?parent=7942"}],"wp:term":[{"taxonomy":"product_brand","embeddable":true,"href":"https:\/\/antcube.shop\/fi\/wp-json\/wp\/v2\/product_brand?post=7942"},{"taxonomy":"product_cat","embeddable":true,"href":"https:\/\/antcube.shop\/fi\/wp-json\/wp\/v2\/product_cat?post=7942"},{"taxonomy":"product_tag","embeddable":true,"href":"https:\/\/antcube.shop\/fi\/wp-json\/wp\/v2\/product_tag?post=7942"}],"curies":[{"name":"wp","href":"https:\/\/api.w.org\/{rel}","templated":true}]}}